{"id":3069,"date":"2022-05-08T22:55:00","date_gmt":"2022-05-08T20:55:00","guid":{"rendered":"https:\/\/kortowiada.pl\/?page_id=3069"},"modified":"2022-05-30T21:59:38","modified_gmt":"2022-05-30T19:59:38","slug":"bieg","status":"publish","type":"page","link":"https:\/\/archiwum.kortowiada.pl\/2022\/bieg\/","title":{"rendered":"Kortowiadowy Bieg o Z\u0142otego Dzika"},"content":{"rendered":"<p>[vc_row][vc_column][vc_single_image image=&#8221;3073&#8243; img_size=&#8221;full&#8221;][\/vc_column][\/vc_row][vc_row][vc_column width=&#8221;1\/2&#8243;][vc_icon icon_fontawesome=&#8221;fa fa-map-marker&#8221; color=&#8221;white&#8221; background_style=&#8221;rounded&#8221; background_color=&#8221;green&#8221; size=&#8221;lg&#8221; align=&#8221;center&#8221;]<div class=\"themeum-title  \" style=\"text-align:center;\"><h3 class=\"style-title\" style=\"color:#567f43;\">Kiedy?<\/h3><h4 class=\"style-sub-title\" style=\"\">1 czerwca (\u015broda) o godzinie 15:00<\/h4><\/div>[\/vc_column][vc_column width=&#8221;1\/2&#8243;][vc_icon icon_fontawesome=&#8221;fa fa-calendar&#8221; color=&#8221;white&#8221; background_style=&#8221;rounded&#8221; background_color=&#8221;green&#8221; size=&#8221;lg&#8221; align=&#8221;center&#8221;]<div class=\"themeum-title  \" style=\"text-align:center;\"><h3 class=\"style-title\" style=\"color:#567f43;\">Start \/ Meta<\/h3><h4 class=\"style-sub-title\" style=\"\">Podn\u00f3\u017ce G\u00f3rki Kortowskiej<\/h4><\/div>[\/vc_column][\/vc_row][vc_row][vc_column]<div class=\"themeum-title  \" style=\"text-align:center;\"><h3 class=\"style-title\" style=\"font-size:38px;line-height: normal;color:#567f43;\">Opis wydarzenia<\/h3><\/div>[\/vc_column][\/vc_row][vc_row][vc_column][vc_column_text]<\/p>\n<p style=\"text-align: justify;\"><span style=\"font-weight: 400;\">Po raz kolejny kortowiadowe szale\u0144stwo rozpoczniemy od dawki sportowych emocji, ale tym razem w nieco zmienionej formule! Jeste\u015b \u201esportowym \u015bwirem\u201d albo chcesz po prostu aktywnie i z u\u015bmiechem na twarzy sp\u0119dzi\u0107 sam pocz\u0105tek Kortowiady? Pierwszy raz w historii juwenali\u00f3w masz okazj\u0119 zawalczy\u0107 o tytu\u0142 i statuetk\u0119 Kortowskiego Z\u0142otego Dzika!<\/span><\/p>\n<p style=\"text-align: justify;\"><span style=\"font-weight: 400;\">Po solidnej rozgrzewce, kt\u00f3ra rozpocznie bieg prze\u0142ajowy o d\u0142ugo\u015bci oko\u0142o 6100 metr\u00f3w, nagrodzimy zwyci\u0119zc\u00f3w w dw\u00f3ch kategoriach: m\u0119skiej oraz damskiej. Ale to nie wszystko! Opr\u00f3cz wyzwania sportowego przyznamy nagrod\u0119 specjaln\u0105 za najlepsze przebranie, wi\u0119c je\u015bli masz ch\u0119\u0107 zdoby\u0107 statuetk\u0119 Super Dzika, to mo\u017cesz popisa\u0107 si\u0119 swoj\u0105 kreatywno\u015bci\u0105 przed ca\u0142ym Kortowem! Trasa biegu zaczyna si\u0119 oraz ko\u0144czy u podn\u00f3\u017ca legendarnej G\u00f3rki Kortowskiej, a wi\u0119kszo\u015b\u0107 jej odcink\u00f3w wiedzie pi\u0119knymi le\u015bnymi \u015bcie\u017ckami.<\/span><\/p>\n<p>[\/vc_column_text][\/vc_column][\/vc_row][vc_row][vc_column]<div class=\"themeum-title  \" style=\"text-align:center;\"><h3 class=\"style-title\" style=\"font-size:38px;line-height: normal;color:#567f43;\">Trasa biegu<\/h3><\/div>[\/vc_column][\/vc_row][vc_row][vc_column][vc_column_text]<\/p>\n<div style=\"width: 960px;\" class=\"wp-video\"><!--[if lt IE 9]><script>document.createElement('video');<\/script><![endif]-->\n<video class=\"wp-video-shortcode\" id=\"video-3069-1\" width=\"960\" height=\"540\" preload=\"metadata\" controls=\"controls\"><source type=\"video\/mp4\" src=\"https:\/\/kortowiada.pl\/wp-content\/uploads\/2022\/05\/Kortowiadowy-Bieg-o-Zlotego-Dzika.mp4?_=1\" \/><a href=\"https:\/\/kortowiada.pl\/wp-content\/uploads\/2022\/05\/Kortowiadowy-Bieg-o-Zlotego-Dzika.mp4\">https:\/\/kortowiada.pl\/wp-content\/uploads\/2022\/05\/Kortowiadowy-Bieg-o-Zlotego-Dzika.mp4<\/a><\/video><\/div>\n<p>[\/vc_column_text][\/vc_column][\/vc_row][vc_row][vc_column]<div class=\"themeum-title  \" style=\"text-align:center;\"><h3 class=\"style-title\" style=\"font-size:38px;line-height: normal;color:#567f43;\">Jak wzi\u0105\u0107 udzia\u0142 w biegu?<\/h3><\/div>[\/vc_column][\/vc_row][vc_row][vc_column][vc_column_text]<\/p>\n<p style=\"text-align: justify;\"><span style=\"font-weight: 400;\">Udzia\u0142 w biegu jest ca\u0142kowicie bezp\u0142atny. Koniecznie zapoznaj si\u0119 z <strong><a href=\"https:\/\/kortowiada.pl\/wp-content\/uploads\/2022\/05\/Regulamin-Kortowiadowy-Bieg-o-Zlotego-Dzika-2022-1.pdf\">regulaminem wydarzenia<\/a><\/strong>. Zapisz si\u0119 poprzez poni\u017cszy formularz lub wype\u0142nij zg\u0142oszenie na miejscu startu w godzinach 13:00-14:00! Pami\u0119taj jednak, \u017ce zg\u0142oszenia przyjmujemy do wyczerpania miejsc, tak\u017ce nie ku\u015b losu i zapisz si\u0119 online. To r\u00f3wnie\u017c bardzo u\u0142atwi nam sprawn\u0105 organizacj\u0119. Odbi\u00f3r pakietu startowego odb\u0119dzie si\u0119 w godzinach 14:00-15:00. Informacje o nagrodach, trasie biegu oraz innych wa\u017cnych kwestiach b\u0119dziemy umieszcza\u0107 w dyskusji wydarzenia facebookowego, wi\u0119c kliknij ch\u0119\u0107 udzia\u0142u, by by\u0107 na bie\u017c\u0105co! Zach\u0119camy r\u00f3wnie\u017c do dopingowania naszych biegaczy na starcie oraz mecie!<\/span><\/p>\n<p style=\"text-align: justify;\">Pami\u0119taj! \u017beby wzi\u0105\u0107 udzia\u0142 w biegu, musisz mie\u0107 <strong>uko\u0144czone 16 lat<\/strong>. Je\u015bli masz poni\u017cej 18 lat, to musisz dostarczy\u0107 (najp\u00f3\u017aniej: w dniu wydarzenia) <a href=\"https:\/\/kortowiada.pl\/wp-content\/uploads\/2022\/05\/Zalacznik-nr-2-do-regulaminu-Kortowiadowego-Biegu-o-Zlotego-Dzika-2022.docx\"><strong>pozwolenie od swojego opiekuna prawnego<\/strong><\/a>.<\/p>\n<p style=\"text-align: justify;\">Do zobaczenia na starcie! W razie pyta\u0144 napisz do nas na <strong>bieg@kortowiada.pl\u00a0<\/strong>\ud83d\ude42<\/p>\n<p>[\/vc_column_text][\/vc_column][\/vc_row][vc_row][vc_column]<div class=\"themeum-title  \" style=\"text-align:center;\"><h3 class=\"style-title\" style=\"font-size:38px;line-height: normal;color:#567f43;\">Zg\u0142oszenia<\/h3><\/div>[\/vc_column][\/vc_row][vc_row][vc_column]<div role=\"form\" class=\"wpcf7\" id=\"wpcf7-f3077-o1\" lang=\"en-US\" dir=\"ltr\">\n<div class=\"screen-reader-response\"><p role=\"status\" aria-live=\"polite\" aria-atomic=\"true\"><\/p> <ul><\/ul><\/div>\n<form action=\"\/2022\/wp-json\/wp\/v2\/pages\/3069#wpcf7-f3077-o1\" method=\"post\" class=\"wpcf7-form init\" novalidate=\"novalidate\" data-status=\"init\">\n<div style=\"display: none;\">\n<input type=\"hidden\" name=\"_wpcf7\" value=\"3077\" \/>\n<input type=\"hidden\" name=\"_wpcf7_version\" value=\"5.6.3\" \/>\n<input type=\"hidden\" name=\"_wpcf7_locale\" value=\"en_US\" \/>\n<input type=\"hidden\" name=\"_wpcf7_unit_tag\" value=\"wpcf7-f3077-o1\" \/>\n<input type=\"hidden\" name=\"_wpcf7_container_post\" value=\"0\" \/>\n<input type=\"hidden\" name=\"_wpcf7_posted_data_hash\" value=\"\" \/>\n<input type=\"hidden\" name=\"_wpcf7_recaptcha_response\" value=\"\" \/>\n<\/div>\n<div class=\"row\">\n<div class=\"col-sm-12\">\n<h4>Imi\u0119 i nazwisko:<\/h4>\n<\/div>\n<div class=\"col-sm-6\"><span class=\"wpcf7-form-control-wrap\" data-name=\"imienazwisko\"><input type=\"text\" name=\"imienazwisko\" value=\"\" size=\"40\" class=\"wpcf7-form-control wpcf7-text wpcf7-validates-as-required\" aria-required=\"true\" aria-invalid=\"false\" placeholder=\"Imi\u0119 i nazwisko\" \/><\/span><\/div>\n<div class=\"col-sm-12\">\n<h4>P\u0142e\u0107:<\/h4>\n<\/div>\n<div class=\"col-sm-6\"><span class=\"wpcf7-form-control-wrap\" data-name=\"plec\"><select name=\"plec\" class=\"wpcf7-form-control wpcf7-select wpcf7-validates-as-required\" aria-required=\"true\" aria-invalid=\"false\"><option value=\"M\u0119\u017cczyzna\">M\u0119\u017cczyzna<\/option><option value=\"Kobieta\">Kobieta<\/option><\/select><\/span><\/div>\n<div class=\"col-sm-12\">\n<h4>Numer telefonu:<\/h4>\n<\/div>\n<div class=\"col-sm-6\"><span class=\"wpcf7-form-control-wrap\" data-name=\"telefon\"><input type=\"text\" name=\"telefon\" value=\"\" size=\"40\" class=\"wpcf7-form-control wpcf7-text wpcf7-validates-as-required\" aria-required=\"true\" aria-invalid=\"false\" placeholder=\"Numer telefonu\" \/><\/span><\/div>\n<div class=\"col-sm-12\">\n<h4>Data urodzenia:<\/h4>\n<\/div>\n<div class=\"col-sm-6\"><span class=\"wpcf7-form-control-wrap\" data-name=\"dataurodzenia\"><input type=\"text\" name=\"dataurodzenia\" value=\"\" size=\"40\" class=\"wpcf7-form-control wpcf7-text wpcf7-validates-as-required\" aria-required=\"true\" aria-invalid=\"false\" placeholder=\"dzie\u0144.miesi\u0105c.rok \/ 01.01.2001\" \/><\/span><\/div>\n<div class=\"col-sm-12\">\n<p>Wed\u0142ug <a href=\"https:\/\/kortowiada.pl\/wp-content\/uploads\/2022\/05\/Regulamin-Kortowiadowy-Bieg-o-Zlotego-Dzika-2022-1.pdf\">regulaminu<\/a>, aby wzi\u0105\u0107 udzia\u0142 w biegu trzeba mie\u0107 uko\u0144czone 16 lat. W takiej sytuacji osoby poni\u017cej 18 roku \u017cycia musz\u0105 dostarczy\u0107 w dniu wydarzenia przed startem zgod\u0119 od rodzica lub opiekuna prawnego. Wz\u00f3r zgody znajdziesz <a href=\"https:\/\/kortowiada.pl\/wp-content\/uploads\/2022\/05\/Zalacznik-nr-2-do-regulaminu-Kortowiadowego-Biegu-o-Zlotego-Dzika-2022.docx\">TUTAJ.<\/a><\/p>\n<\/div>\n<div class=\"col-sm-12\">\n<p>Wysy\u0142aj\u0105c zg\u0142oszenie akceptujesz <a href=\"https:\/\/kortowiada.pl\/wp-content\/uploads\/2022\/05\/Regulamin-Kortowiadowy-Bieg-o-Zlotego-Dzika-2022-1.pdf\"><b>regulamin biegu prze\u0142ajowego.<\/b><\/a><\/p>\n<\/div>\n<div class=\"col-sm-12\"><input type=\"submit\" value=\"Wy\u015blij zg\u0142oszenie\" class=\"wpcf7-form-control has-spinner wpcf7-submit\" \/><\/div>\n<\/div>\n<div class=\"wpcf7-response-output\" aria-hidden=\"true\"><\/div><\/form><\/div>[\/vc_column][\/vc_row][vc_row full_width=&#8221;stretch_row&#8221; css=&#8221;.vc_custom_1645295450741{background: #eff9fd url(https:\/\/kortowiada.pl\/wp-content\/uploads\/2022\/02\/bilety-tlo.png?id=2647) !important;}&#8221;][vc_column width=&#8221;1\/2&#8243; offset=&#8221;vc_hidden-sm vc_hidden-xs&#8221; css=&#8221;.vc_custom_1645167218397{padding-bottom: 10px !important;}&#8221;][vc_single_image image=&#8221;2636&#8243; img_size=&#8221;full&#8221; alignment=&#8221;center&#8221; onclick=&#8221;custom_link&#8221; img_link_target=&#8221;_blank&#8221; link=&#8221;https:\/\/www.ebilet.pl\/muzyka\/festiwale\/kortowiada\/&#8221;][\/vc_column][vc_column width=&#8221;1\/2&#8243; offset=&#8221;vc_hidden-sm vc_hidden-xs&#8221; css=&#8221;.vc_custom_1645167223280{padding-bottom: 10px !important;}&#8221;]<div class=\"themeum-title  rtl-right\" style=\"text-align:center;\"><h3 class=\"style-title\" style=\"padding:0 0 7px 0px;font-weight:700;font-size:70px;line-height: normal;color:#567f43;\">Karnety<\/h3><\/div><div class=\"themeum-title  rtl-right\" style=\"text-align:center;\"><h3 class=\"style-title\" style=\"padding:0 0 7px 0px;font-weight:700;font-size:45px;line-height: normal;color:#567f43;\">dost\u0119pne na<\/h3><\/div>[vc_single_image image=&#8221;2639&#8243; img_size=&#8221;400&#215;110&#8243; alignment=&#8221;center&#8221; onclick=&#8221;custom_link&#8221; img_link_target=&#8221;_blank&#8221; link=&#8221;https:\/\/www.ebilet.pl\/muzyka\/festiwale\/kortowiada\/&#8221; css=&#8221;.vc_custom_1645511674081{padding-top: 50px !important;}&#8221;][\/vc_column][\/vc_row][vc_row full_width=&#8221;stretch_row&#8221; css=&#8221;.vc_custom_1645295256135{background-color: #eff9fd !important;}&#8221;][vc_column offset=&#8221;vc_hidden-lg vc_hidden-md&#8221; css=&#8221;.vc_custom_1645295295638{padding-right: 15% !important;padding-left: 15% !important;}&#8221;][vc_single_image image=&#8221;2636&#8243; img_size=&#8221;full&#8221; alignment=&#8221;center&#8221; onclick=&#8221;custom_link&#8221; img_link_target=&#8221;_blank&#8221; link=&#8221;#&#8221;]<div class=\"themeum-title  rtl-right\" style=\"text-align:center;\"><h3 class=\"style-title\" style=\"padding:0 0 7px 0px;font-weight:700;font-size:60px;line-height: normal;color:#567f43;\">Karnety<\/h3><\/div><div class=\"themeum-title  rtl-right\" style=\"text-align:center;\"><h3 class=\"style-title\" style=\"padding:0 0 7px 0px;font-weight:700;font-size:45px;line-height: normal;color:#567f43;\">dost\u0119pne na<\/h3><\/div>[vc_single_image image=&#8221;2639&#8243; img_size=&#8221;350&#215;97&#8243; alignment=&#8221;center&#8221; onclick=&#8221;custom_link&#8221; img_link_target=&#8221;_blank&#8221; link=&#8221;#&#8221; css=&#8221;.vc_custom_1645295326210{padding-top: 20px !important;}&#8221;][\/vc_column][\/vc_row]<\/p>\n","protected":false},"excerpt":{"rendered":"<p>[vc_row][vc_column][vc_single_image image=&#8221;3073&#8243; img_size=&#8221;full&#8221;][\/vc_column][\/vc_row][vc_row][vc_column width=&#8221;1\/2&#8243;][vc_icon icon_fontawesome=&#8221;fa fa-map-marker&#8221; color=&#8221;white&#8221; background_style=&#8221;rounded&#8221; background_color=&#8221;green&#8221; size=&#8221;lg&#8221; align=&#8221;center&#8221;][\/vc_column][vc_column width=&#8221;1\/2&#8243;][vc_icon icon_fontawesome=&#8221;fa fa-calendar&#8221; color=&#8221;white&#8221; background_style=&#8221;rounded&#8221; background_color=&#8221;green&#8221; size=&#8221;lg&#8221; align=&#8221;center&#8221;][\/vc_column][\/vc_row][vc_row][vc_column][\/vc_column][\/vc_row][vc_row][vc_column][vc_column_text] Po raz kolejny kortowiadowe szale\u0144stwo rozpoczniemy od dawki sportowych emocji, ale tym razem w nieco zmienionej formule! Jeste\u015b \u201esportowym \u015bwirem\u201d albo chcesz po prostu aktywnie i z u\u015bmiechem na twarzy sp\u0119dzi\u0107 sam pocz\u0105tek Kortowiady? Pierwszy raz&nbsp;<\/p>\n<p><a class=\"btn btn-style\" href=\"https:\/\/archiwum.kortowiada.pl\/2022\/bieg\/\">Czytaj wi\u0119cej<\/a><\/p>\n","protected":false},"author":3,"featured_media":0,"parent":0,"menu_order":0,"comment_status":"closed","ping_status":"closed","template":"","meta":[],"yoast_head":"<!-- This site is optimized with the Yoast SEO plugin v19.6.1 - https:\/\/yoast.com\/wordpress\/plugins\/seo\/ -->\n<title>Kortowiadowy Bieg o Z\u0142otego Dzika - Kortowiada - najwi\u0119kszy festiwal studencki w Polsce<\/title>\n<meta name=\"robots\" content=\"index, follow, max-snippet:-1, max-image-preview:large, max-video-preview:-1\" \/>\n<link rel=\"canonical\" href=\"https:\/\/archiwum.kortowiada.pl\/2022\/bieg\/\" \/>\n<meta property=\"og:locale\" content=\"pl_PL\" \/>\n<meta property=\"og:type\" content=\"article\" \/>\n<meta property=\"og:title\" content=\"Kortowiadowy Bieg o Z\u0142otego Dzika - Kortowiada - najwi\u0119kszy festiwal studencki w Polsce\" \/>\n<meta property=\"og:description\" content=\"[vc_row][vc_column][vc_single_image image=&#8221;3073&#8243; img_size=&#8221;full&#8221;][\/vc_column][\/vc_row][vc_row][vc_column width=&#8221;1\/2&#8243;][vc_icon icon_fontawesome=&#8221;fa fa-map-marker&#8221; color=&#8221;white&#8221; background_style=&#8221;rounded&#8221; background_color=&#8221;green&#8221; size=&#8221;lg&#8221; align=&#8221;center&#8221;][\/vc_column][vc_column width=&#8221;1\/2&#8243;][vc_icon icon_fontawesome=&#8221;fa fa-calendar&#8221; color=&#8221;white&#8221; background_style=&#8221;rounded&#8221; background_color=&#8221;green&#8221; size=&#8221;lg&#8221; align=&#8221;center&#8221;][\/vc_column][\/vc_row][vc_row][vc_column][\/vc_column][\/vc_row][vc_row][vc_column][vc_column_text] Po raz kolejny kortowiadowe szale\u0144stwo rozpoczniemy od dawki sportowych emocji, ale tym razem w nieco zmienionej formule! Jeste\u015b \u201esportowym \u015bwirem\u201d albo chcesz po prostu aktywnie i z u\u015bmiechem na twarzy sp\u0119dzi\u0107 sam pocz\u0105tek Kortowiady? Pierwszy raz&nbsp;Czytaj wi\u0119cej\" \/>\n<meta property=\"og:url\" content=\"https:\/\/archiwum.kortowiada.pl\/2022\/bieg\/\" \/>\n<meta property=\"og:site_name\" content=\"Kortowiada - najwi\u0119kszy festiwal studencki w Polsce\" \/>\n<meta property=\"article:publisher\" content=\"https:\/\/www.facebook.com\/kortowiadafestiwal\" \/>\n<meta property=\"article:modified_time\" content=\"2022-05-30T19:59:38+00:00\" \/>\n<meta property=\"og:image\" content=\"https:\/\/archiwum.kortowiada.pl\/2022\/wp-content\/uploads\/2022\/01\/Wydarzenie-PNG.png\" \/>\n\t<meta property=\"og:image:width\" content=\"1200\" \/>\n\t<meta property=\"og:image:height\" content=\"628\" \/>\n\t<meta property=\"og:image:type\" content=\"image\/png\" \/>\n<meta name=\"twitter:card\" content=\"summary_large_image\" \/>\n<meta name=\"twitter:label1\" content=\"Szacowany czas czytania\" \/>\n\t<meta name=\"twitter:data1\" content=\"3 minuty\" \/>\n<script type=\"application\/ld+json\" class=\"yoast-schema-graph\">{\"@context\":\"https:\/\/schema.org\",\"@graph\":[{\"@type\":\"WebPage\",\"@id\":\"https:\/\/archiwum.kortowiada.pl\/2022\/bieg\/\",\"url\":\"https:\/\/archiwum.kortowiada.pl\/2022\/bieg\/\",\"name\":\"Kortowiadowy Bieg o Z\u0142otego Dzika - Kortowiada - najwi\u0119kszy festiwal studencki w Polsce\",\"isPartOf\":{\"@id\":\"https:\/\/archiwum.kortowiada.pl\/2022\/#website\"},\"datePublished\":\"2022-05-08T20:55:00+00:00\",\"dateModified\":\"2022-05-30T19:59:38+00:00\",\"breadcrumb\":{\"@id\":\"https:\/\/archiwum.kortowiada.pl\/2022\/bieg\/#breadcrumb\"},\"inLanguage\":\"pl-PL\",\"potentialAction\":[{\"@type\":\"ReadAction\",\"target\":[\"https:\/\/archiwum.kortowiada.pl\/2022\/bieg\/\"]}]},{\"@type\":\"BreadcrumbList\",\"@id\":\"https:\/\/archiwum.kortowiada.pl\/2022\/bieg\/#breadcrumb\",\"itemListElement\":[{\"@type\":\"ListItem\",\"position\":1,\"name\":\"Strona g\u0142\u00f3wna\",\"item\":\"https:\/\/archiwum.kortowiada.pl\/2022\/\"},{\"@type\":\"ListItem\",\"position\":2,\"name\":\"Kortowiadowy Bieg o Z\u0142otego Dzika\"}]},{\"@type\":\"WebSite\",\"@id\":\"https:\/\/archiwum.kortowiada.pl\/2022\/#website\",\"url\":\"https:\/\/archiwum.kortowiada.pl\/2022\/\",\"name\":\"Kortowiada - najwi\u0119kszy festiwal studencki w Polsce\",\"description\":\"1-4 czerwca 2022, 61. edycja - juwenalia Olsztyn\",\"publisher\":{\"@id\":\"https:\/\/archiwum.kortowiada.pl\/2022\/#organization\"},\"potentialAction\":[{\"@type\":\"SearchAction\",\"target\":{\"@type\":\"EntryPoint\",\"urlTemplate\":\"https:\/\/archiwum.kortowiada.pl\/2022\/?s={search_term_string}\"},\"query-input\":\"required name=search_term_string\"}],\"inLanguage\":\"pl-PL\"},{\"@type\":\"Organization\",\"@id\":\"https:\/\/archiwum.kortowiada.pl\/2022\/#organization\",\"name\":\"Kortowiada\",\"url\":\"https:\/\/archiwum.kortowiada.pl\/2022\/\",\"sameAs\":[\"https:\/\/www.instagram.com\/kortowiada\/?hl=pl\",\"https:\/\/www.youtube.com\/channel\/UCZpuhjpJ2XlHxcbT4N2oyFQ\",\"https:\/\/www.facebook.com\/kortowiadafestiwal\"],\"logo\":{\"@type\":\"ImageObject\",\"inLanguage\":\"pl-PL\",\"@id\":\"https:\/\/archiwum.kortowiada.pl\/2022\/#\/schema\/logo\/image\/\",\"url\":\"https:\/\/kortowiada.pl\/wp-content\/uploads\/2021\/05\/favig.png\",\"contentUrl\":\"https:\/\/kortowiada.pl\/wp-content\/uploads\/2021\/05\/favig.png\",\"width\":1080,\"height\":1080,\"caption\":\"Kortowiada\"},\"image\":{\"@id\":\"https:\/\/archiwum.kortowiada.pl\/2022\/#\/schema\/logo\/image\/\"}}]}<\/script>\n<!-- \/ Yoast SEO plugin. -->","yoast_head_json":{"title":"Kortowiadowy Bieg o Z\u0142otego Dzika - Kortowiada - najwi\u0119kszy festiwal studencki w Polsce","robots":{"index":"index","follow":"follow","max-snippet":"max-snippet:-1","max-image-preview":"max-image-preview:large","max-video-preview":"max-video-preview:-1"},"canonical":"https:\/\/archiwum.kortowiada.pl\/2022\/bieg\/","og_locale":"pl_PL","og_type":"article","og_title":"Kortowiadowy Bieg o Z\u0142otego Dzika - Kortowiada - najwi\u0119kszy festiwal studencki w Polsce","og_description":"[vc_row][vc_column][vc_single_image image=&#8221;3073&#8243; img_size=&#8221;full&#8221;][\/vc_column][\/vc_row][vc_row][vc_column width=&#8221;1\/2&#8243;][vc_icon icon_fontawesome=&#8221;fa fa-map-marker&#8221; color=&#8221;white&#8221; background_style=&#8221;rounded&#8221; background_color=&#8221;green&#8221; size=&#8221;lg&#8221; align=&#8221;center&#8221;][\/vc_column][vc_column width=&#8221;1\/2&#8243;][vc_icon icon_fontawesome=&#8221;fa fa-calendar&#8221; color=&#8221;white&#8221; background_style=&#8221;rounded&#8221; background_color=&#8221;green&#8221; size=&#8221;lg&#8221; align=&#8221;center&#8221;][\/vc_column][\/vc_row][vc_row][vc_column][\/vc_column][\/vc_row][vc_row][vc_column][vc_column_text] Po raz kolejny kortowiadowe szale\u0144stwo rozpoczniemy od dawki sportowych emocji, ale tym razem w nieco zmienionej formule! Jeste\u015b \u201esportowym \u015bwirem\u201d albo chcesz po prostu aktywnie i z u\u015bmiechem na twarzy sp\u0119dzi\u0107 sam pocz\u0105tek Kortowiady? Pierwszy raz&nbsp;Czytaj wi\u0119cej","og_url":"https:\/\/archiwum.kortowiada.pl\/2022\/bieg\/","og_site_name":"Kortowiada - najwi\u0119kszy festiwal studencki w Polsce","article_publisher":"https:\/\/www.facebook.com\/kortowiadafestiwal","article_modified_time":"2022-05-30T19:59:38+00:00","og_image":[{"width":1200,"height":628,"url":"https:\/\/archiwum.kortowiada.pl\/2022\/wp-content\/uploads\/2022\/01\/Wydarzenie-PNG.png","type":"image\/png"}],"twitter_card":"summary_large_image","twitter_misc":{"Szacowany czas czytania":"3 minuty"},"schema":{"@context":"https:\/\/schema.org","@graph":[{"@type":"WebPage","@id":"https:\/\/archiwum.kortowiada.pl\/2022\/bieg\/","url":"https:\/\/archiwum.kortowiada.pl\/2022\/bieg\/","name":"Kortowiadowy Bieg o Z\u0142otego Dzika - Kortowiada - najwi\u0119kszy festiwal studencki w Polsce","isPartOf":{"@id":"https:\/\/archiwum.kortowiada.pl\/2022\/#website"},"datePublished":"2022-05-08T20:55:00+00:00","dateModified":"2022-05-30T19:59:38+00:00","breadcrumb":{"@id":"https:\/\/archiwum.kortowiada.pl\/2022\/bieg\/#breadcrumb"},"inLanguage":"pl-PL","potentialAction":[{"@type":"ReadAction","target":["https:\/\/archiwum.kortowiada.pl\/2022\/bieg\/"]}]},{"@type":"BreadcrumbList","@id":"https:\/\/archiwum.kortowiada.pl\/2022\/bieg\/#breadcrumb","itemListElement":[{"@type":"ListItem","position":1,"name":"Strona g\u0142\u00f3wna","item":"https:\/\/archiwum.kortowiada.pl\/2022\/"},{"@type":"ListItem","position":2,"name":"Kortowiadowy Bieg o Z\u0142otego Dzika"}]},{"@type":"WebSite","@id":"https:\/\/archiwum.kortowiada.pl\/2022\/#website","url":"https:\/\/archiwum.kortowiada.pl\/2022\/","name":"Kortowiada - najwi\u0119kszy festiwal studencki w Polsce","description":"1-4 czerwca 2022, 61. edycja - juwenalia Olsztyn","publisher":{"@id":"https:\/\/archiwum.kortowiada.pl\/2022\/#organization"},"potentialAction":[{"@type":"SearchAction","target":{"@type":"EntryPoint","urlTemplate":"https:\/\/archiwum.kortowiada.pl\/2022\/?s={search_term_string}"},"query-input":"required name=search_term_string"}],"inLanguage":"pl-PL"},{"@type":"Organization","@id":"https:\/\/archiwum.kortowiada.pl\/2022\/#organization","name":"Kortowiada","url":"https:\/\/archiwum.kortowiada.pl\/2022\/","sameAs":["https:\/\/www.instagram.com\/kortowiada\/?hl=pl","https:\/\/www.youtube.com\/channel\/UCZpuhjpJ2XlHxcbT4N2oyFQ","https:\/\/www.facebook.com\/kortowiadafestiwal"],"logo":{"@type":"ImageObject","inLanguage":"pl-PL","@id":"https:\/\/archiwum.kortowiada.pl\/2022\/#\/schema\/logo\/image\/","url":"https:\/\/kortowiada.pl\/wp-content\/uploads\/2021\/05\/favig.png","contentUrl":"https:\/\/kortowiada.pl\/wp-content\/uploads\/2021\/05\/favig.png","width":1080,"height":1080,"caption":"Kortowiada"},"image":{"@id":"https:\/\/archiwum.kortowiada.pl\/2022\/#\/schema\/logo\/image\/"}}]}},"_links":{"self":[{"href":"https:\/\/archiwum.kortowiada.pl\/2022\/wp-json\/wp\/v2\/pages\/3069"}],"collection":[{"href":"https:\/\/archiwum.kortowiada.pl\/2022\/wp-json\/wp\/v2\/pages"}],"about":[{"href":"https:\/\/archiwum.kortowiada.pl\/2022\/wp-json\/wp\/v2\/types\/page"}],"author":[{"embeddable":true,"href":"https:\/\/archiwum.kortowiada.pl\/2022\/wp-json\/wp\/v2\/users\/3"}],"replies":[{"embeddable":true,"href":"https:\/\/archiwum.kortowiada.pl\/2022\/wp-json\/wp\/v2\/comments?post=3069"}],"version-history":[{"count":24,"href":"https:\/\/archiwum.kortowiada.pl\/2022\/wp-json\/wp\/v2\/pages\/3069\/revisions"}],"predecessor-version":[{"id":3439,"href":"https:\/\/archiwum.kortowiada.pl\/2022\/wp-json\/wp\/v2\/pages\/3069\/revisions\/3439"}],"wp:attachment":[{"href":"https:\/\/archiwum.kortowiada.pl\/2022\/wp-json\/wp\/v2\/media?parent=3069"}],"curies":[{"name":"wp","href":"https:\/\/api.w.org\/{rel}","templated":true}]}}