{"id":3216,"date":"2022-05-22T15:48:05","date_gmt":"2022-05-22T13:48:05","guid":{"rendered":"https:\/\/kortowiada.pl\/?page_id=3216"},"modified":"2022-05-26T10:24:13","modified_gmt":"2022-05-26T08:24:13","slug":"wystroj-akademikow","status":"publish","type":"page","link":"https:\/\/archiwum.kortowiada.pl\/2022\/wystroj-akademikow\/","title":{"rendered":"Wystr\u00f3j Akademik\u00f3w"},"content":{"rendered":"<p>[vc_row][vc_column][vc_single_image image=&#8221;3217&#8243; img_size=&#8221;full&#8221;][\/vc_column][\/vc_row][vc_row][vc_column width=&#8221;1\/2&#8243;][vc_icon icon_fontawesome=&#8221;fa fa-calendar&#8221; color=&#8221;white&#8221; background_style=&#8221;rounded&#8221; background_color=&#8221;green&#8221; size=&#8221;lg&#8221; align=&#8221;center&#8221;]<div class=\"themeum-title  \" style=\"text-align:center;\"><h3 class=\"style-title\" style=\"color:#567f43;\">Kiedy?<\/h3><h4 class=\"style-sub-title\" style=\"\">1 czerwca (\u015broda) o godzinie 15:00<\/h4><\/div>[\/vc_column][vc_column width=&#8221;1\/2&#8243;][vc_icon icon_fontawesome=&#8221;fa fa-map-marker&#8221; color=&#8221;white&#8221; background_style=&#8221;rounded&#8221; background_color=&#8221;green&#8221; size=&#8221;lg&#8221; align=&#8221;center&#8221;]<div class=\"themeum-title  \" style=\"text-align:center;\"><h3 class=\"style-title\" style=\"color:#567f43;\">Lokalizacja<\/h3><h4 class=\"style-sub-title\" style=\"\">Akademiki w Kortowie<\/h4><\/div>[\/vc_column][\/vc_row][vc_row][vc_column]<div class=\"themeum-title  \" style=\"text-align:center;\"><h3 class=\"style-title\" style=\"font-size:38px;line-height: normal;color:#567f43;\">Opis wydarzenia<\/h3><\/div>[\/vc_column][\/vc_row][vc_row][vc_column][vc_column_text]<\/p>\n<p style=\"text-align: justify;\">Rywalizacja o miano najlepiej przystrojonego akademika to nieod\u0142\u0105czny element Kortowiady. Mieszka\u0144cy osiedla akademickiego maj\u0105 za zadanie ozdobi\u0107 sw\u00f3j DS w taki spos\u00f3b, aby jak najlepiej oddawa\u0142 on temat przewodni konkursu. Tegoroczny motyw to <strong>\u201eEkodemik, czyli las NIE Vegas\u201d<\/strong>. O tym, kt\u00f3ry akademik wygra, zdecyduje jury konkursowe sk\u0142adaj\u0105ce si\u0119 z przedstawicieli W\u0142adz Uczelni, Fundacji \u201e\u017bAK\u201d i Rady Osiedla Akademickiego.<\/p>\n<p>Jak wzi\u0105\u0107 udzia\u0142 w wydarzeniu? Koniecznie skontaktuj si\u0119 z przewodnicz\u0105cym Twojego Domu Studenckiego!<\/p>\n<p style=\"text-align: justify;\">Kto wygra w tym roku? Przekonamy si\u0119 w kortowiadow\u0105 sobot\u0119 o godzinie 11:00. O co rywalizujemy? Dzi\u0119ki uprzejmo\u015bci Fundacji \u017bAK wyznaczono <strong>3 g\u0142\u00f3wne nagrody o \u0142\u0105cznej warto\u015bci 4000 z\u0142 na wyposa\u017cenie zwyci\u0119skich Dom\u00f3w Studenckich<\/strong>. Klasyfikacja ko\u0144cowa powstanie na podstawie \u0142\u0105cznej liczby punkt\u00f3w z Wystroju Akademik\u00f3w oraz <a href=\"https:\/\/kortowiada.pl\/boj-akademikow\/\">Boju Akademik\u00f3w.<\/a><\/p>\n<p>[\/vc_column_text][vc_column_text]<\/p>\n<p style=\"text-align: center;\"><strong>Organizatorem \u201eWystroju Akademik\u00f3w\u201d jest Rada Osiedla Akademickiego, a partnerem wydarzenia Fundacja \u201e\u017bAK\u201d UWM.<\/strong><\/p>\n<p>[\/vc_column_text][vc_single_image image=&#8221;3024&#8243; img_size=&#8221;full&#8221; alignment=&#8221;center&#8221;][\/vc_column][\/vc_row][vc_row full_width=&#8221;stretch_row&#8221; css=&#8221;.vc_custom_1645295450741{background: #eff9fd url(https:\/\/kortowiada.pl\/wp-content\/uploads\/2022\/02\/bilety-tlo.png?id=2647) !important;}&#8221;][vc_column width=&#8221;1\/2&#8243; offset=&#8221;vc_hidden-sm vc_hidden-xs&#8221; css=&#8221;.vc_custom_1645167218397{padding-bottom: 10px !important;}&#8221;][vc_single_image image=&#8221;2636&#8243; img_size=&#8221;full&#8221; alignment=&#8221;center&#8221; onclick=&#8221;custom_link&#8221; img_link_target=&#8221;_blank&#8221; link=&#8221;https:\/\/www.ebilet.pl\/muzyka\/festiwale\/kortowiada\/&#8221;][\/vc_column][vc_column width=&#8221;1\/2&#8243; offset=&#8221;vc_hidden-sm vc_hidden-xs&#8221; css=&#8221;.vc_custom_1645167223280{padding-bottom: 10px !important;}&#8221;]<div class=\"themeum-title  rtl-right\" style=\"text-align:center;\"><h3 class=\"style-title\" style=\"padding:0 0 7px 0px;font-weight:700;font-size:70px;line-height: normal;color:#567f43;\">Karnety<\/h3><\/div><div class=\"themeum-title  rtl-right\" style=\"text-align:center;\"><h3 class=\"style-title\" style=\"padding:0 0 7px 0px;font-weight:700;font-size:45px;line-height: normal;color:#567f43;\">dost\u0119pne na<\/h3><\/div>[vc_single_image image=&#8221;2639&#8243; img_size=&#8221;400&#215;110&#8243; alignment=&#8221;center&#8221; onclick=&#8221;custom_link&#8221; img_link_target=&#8221;_blank&#8221; link=&#8221;https:\/\/www.ebilet.pl\/muzyka\/festiwale\/kortowiada\/&#8221; css=&#8221;.vc_custom_1645511674081{padding-top: 50px !important;}&#8221;][\/vc_column][\/vc_row][vc_row full_width=&#8221;stretch_row&#8221; css=&#8221;.vc_custom_1645295256135{background-color: #eff9fd !important;}&#8221;][vc_column offset=&#8221;vc_hidden-lg vc_hidden-md&#8221; css=&#8221;.vc_custom_1645295295638{padding-right: 15% !important;padding-left: 15% !important;}&#8221;][vc_single_image image=&#8221;2636&#8243; img_size=&#8221;full&#8221; alignment=&#8221;center&#8221; onclick=&#8221;custom_link&#8221; img_link_target=&#8221;_blank&#8221; link=&#8221;#&#8221;]<div class=\"themeum-title  rtl-right\" style=\"text-align:center;\"><h3 class=\"style-title\" style=\"padding:0 0 7px 0px;font-weight:700;font-size:60px;line-height: normal;color:#567f43;\">Karnety<\/h3><\/div><div class=\"themeum-title  rtl-right\" style=\"text-align:center;\"><h3 class=\"style-title\" style=\"padding:0 0 7px 0px;font-weight:700;font-size:45px;line-height: normal;color:#567f43;\">dost\u0119pne na<\/h3><\/div>[vc_single_image image=&#8221;2639&#8243; img_size=&#8221;350&#215;97&#8243; alignment=&#8221;center&#8221; onclick=&#8221;custom_link&#8221; img_link_target=&#8221;_blank&#8221; link=&#8221;#&#8221; css=&#8221;.vc_custom_1645295326210{padding-top: 20px !important;}&#8221;][\/vc_column][\/vc_row]<\/p>\n","protected":false},"excerpt":{"rendered":"<p>[vc_row][vc_column][vc_single_image image=&#8221;3217&#8243; img_size=&#8221;full&#8221;][\/vc_column][\/vc_row][vc_row][vc_column width=&#8221;1\/2&#8243;][vc_icon icon_fontawesome=&#8221;fa fa-calendar&#8221; color=&#8221;white&#8221; background_style=&#8221;rounded&#8221; background_color=&#8221;green&#8221; size=&#8221;lg&#8221; align=&#8221;center&#8221;][\/vc_column][vc_column width=&#8221;1\/2&#8243;][vc_icon icon_fontawesome=&#8221;fa fa-map-marker&#8221; color=&#8221;white&#8221; background_style=&#8221;rounded&#8221; background_color=&#8221;green&#8221; size=&#8221;lg&#8221; align=&#8221;center&#8221;][\/vc_column][\/vc_row][vc_row][vc_column][\/vc_column][\/vc_row][vc_row][vc_column][vc_column_text] Rywalizacja o miano najlepiej przystrojonego akademika to nieod\u0142\u0105czny element Kortowiady. Mieszka\u0144cy osiedla akademickiego maj\u0105 za zadanie ozdobi\u0107 sw\u00f3j DS w taki spos\u00f3b, aby jak najlepiej oddawa\u0142 on temat przewodni konkursu. Tegoroczny motyw to \u201eEkodemik, czyli las&nbsp;<\/p>\n<p><a class=\"btn btn-style\" href=\"https:\/\/archiwum.kortowiada.pl\/2022\/wystroj-akademikow\/\">Czytaj wi\u0119cej<\/a><\/p>\n","protected":false},"author":3,"featured_media":0,"parent":0,"menu_order":0,"comment_status":"closed","ping_status":"closed","template":"","meta":[],"yoast_head":"<!-- This site is optimized with the Yoast SEO plugin v19.6.1 - https:\/\/yoast.com\/wordpress\/plugins\/seo\/ -->\n<title>Wystr\u00f3j Akademik\u00f3w - Kortowiada - najwi\u0119kszy festiwal studencki w Polsce<\/title>\n<meta name=\"robots\" content=\"index, follow, max-snippet:-1, max-image-preview:large, max-video-preview:-1\" \/>\n<link rel=\"canonical\" href=\"https:\/\/archiwum.kortowiada.pl\/2022\/wystroj-akademikow\/\" \/>\n<meta property=\"og:locale\" content=\"pl_PL\" \/>\n<meta property=\"og:type\" content=\"article\" \/>\n<meta property=\"og:title\" content=\"Wystr\u00f3j Akademik\u00f3w - Kortowiada - najwi\u0119kszy festiwal studencki w Polsce\" \/>\n<meta property=\"og:description\" content=\"[vc_row][vc_column][vc_single_image image=&#8221;3217&#8243; img_size=&#8221;full&#8221;][\/vc_column][\/vc_row][vc_row][vc_column width=&#8221;1\/2&#8243;][vc_icon icon_fontawesome=&#8221;fa fa-calendar&#8221; color=&#8221;white&#8221; background_style=&#8221;rounded&#8221; background_color=&#8221;green&#8221; size=&#8221;lg&#8221; align=&#8221;center&#8221;][\/vc_column][vc_column width=&#8221;1\/2&#8243;][vc_icon icon_fontawesome=&#8221;fa fa-map-marker&#8221; color=&#8221;white&#8221; background_style=&#8221;rounded&#8221; background_color=&#8221;green&#8221; size=&#8221;lg&#8221; align=&#8221;center&#8221;][\/vc_column][\/vc_row][vc_row][vc_column][\/vc_column][\/vc_row][vc_row][vc_column][vc_column_text] Rywalizacja o miano najlepiej przystrojonego akademika to nieod\u0142\u0105czny element Kortowiady. Mieszka\u0144cy osiedla akademickiego maj\u0105 za zadanie ozdobi\u0107 sw\u00f3j DS w taki spos\u00f3b, aby jak najlepiej oddawa\u0142 on temat przewodni konkursu. Tegoroczny motyw to \u201eEkodemik, czyli las&nbsp;Czytaj wi\u0119cej\" \/>\n<meta property=\"og:url\" content=\"https:\/\/archiwum.kortowiada.pl\/2022\/wystroj-akademikow\/\" \/>\n<meta property=\"og:site_name\" content=\"Kortowiada - najwi\u0119kszy festiwal studencki w Polsce\" \/>\n<meta property=\"article:publisher\" content=\"https:\/\/www.facebook.com\/kortowiadafestiwal\" \/>\n<meta property=\"article:modified_time\" content=\"2022-05-26T08:24:13+00:00\" \/>\n<meta property=\"og:image\" content=\"https:\/\/archiwum.kortowiada.pl\/2022\/wp-content\/uploads\/2022\/01\/Wydarzenie-PNG.png\" \/>\n\t<meta property=\"og:image:width\" content=\"1200\" \/>\n\t<meta property=\"og:image:height\" content=\"628\" \/>\n\t<meta property=\"og:image:type\" content=\"image\/png\" \/>\n<meta name=\"twitter:card\" content=\"summary_large_image\" \/>\n<meta name=\"twitter:label1\" content=\"Szacowany czas czytania\" \/>\n\t<meta name=\"twitter:data1\" content=\"2 minuty\" \/>\n<script type=\"application\/ld+json\" class=\"yoast-schema-graph\">{\"@context\":\"https:\/\/schema.org\",\"@graph\":[{\"@type\":\"WebPage\",\"@id\":\"https:\/\/archiwum.kortowiada.pl\/2022\/wystroj-akademikow\/\",\"url\":\"https:\/\/archiwum.kortowiada.pl\/2022\/wystroj-akademikow\/\",\"name\":\"Wystr\u00f3j Akademik\u00f3w - Kortowiada - najwi\u0119kszy festiwal studencki w Polsce\",\"isPartOf\":{\"@id\":\"https:\/\/archiwum.kortowiada.pl\/2022\/#website\"},\"datePublished\":\"2022-05-22T13:48:05+00:00\",\"dateModified\":\"2022-05-26T08:24:13+00:00\",\"breadcrumb\":{\"@id\":\"https:\/\/archiwum.kortowiada.pl\/2022\/wystroj-akademikow\/#breadcrumb\"},\"inLanguage\":\"pl-PL\",\"potentialAction\":[{\"@type\":\"ReadAction\",\"target\":[\"https:\/\/archiwum.kortowiada.pl\/2022\/wystroj-akademikow\/\"]}]},{\"@type\":\"BreadcrumbList\",\"@id\":\"https:\/\/archiwum.kortowiada.pl\/2022\/wystroj-akademikow\/#breadcrumb\",\"itemListElement\":[{\"@type\":\"ListItem\",\"position\":1,\"name\":\"Strona g\u0142\u00f3wna\",\"item\":\"https:\/\/archiwum.kortowiada.pl\/2022\/\"},{\"@type\":\"ListItem\",\"position\":2,\"name\":\"Wystr\u00f3j Akademik\u00f3w\"}]},{\"@type\":\"WebSite\",\"@id\":\"https:\/\/archiwum.kortowiada.pl\/2022\/#website\",\"url\":\"https:\/\/archiwum.kortowiada.pl\/2022\/\",\"name\":\"Kortowiada - najwi\u0119kszy festiwal studencki w Polsce\",\"description\":\"1-4 czerwca 2022, 61. edycja - juwenalia Olsztyn\",\"publisher\":{\"@id\":\"https:\/\/archiwum.kortowiada.pl\/2022\/#organization\"},\"potentialAction\":[{\"@type\":\"SearchAction\",\"target\":{\"@type\":\"EntryPoint\",\"urlTemplate\":\"https:\/\/archiwum.kortowiada.pl\/2022\/?s={search_term_string}\"},\"query-input\":\"required name=search_term_string\"}],\"inLanguage\":\"pl-PL\"},{\"@type\":\"Organization\",\"@id\":\"https:\/\/archiwum.kortowiada.pl\/2022\/#organization\",\"name\":\"Kortowiada\",\"url\":\"https:\/\/archiwum.kortowiada.pl\/2022\/\",\"sameAs\":[\"https:\/\/www.instagram.com\/kortowiada\/?hl=pl\",\"https:\/\/www.youtube.com\/channel\/UCZpuhjpJ2XlHxcbT4N2oyFQ\",\"https:\/\/www.facebook.com\/kortowiadafestiwal\"],\"logo\":{\"@type\":\"ImageObject\",\"inLanguage\":\"pl-PL\",\"@id\":\"https:\/\/archiwum.kortowiada.pl\/2022\/#\/schema\/logo\/image\/\",\"url\":\"https:\/\/kortowiada.pl\/wp-content\/uploads\/2021\/05\/favig.png\",\"contentUrl\":\"https:\/\/kortowiada.pl\/wp-content\/uploads\/2021\/05\/favig.png\",\"width\":1080,\"height\":1080,\"caption\":\"Kortowiada\"},\"image\":{\"@id\":\"https:\/\/archiwum.kortowiada.pl\/2022\/#\/schema\/logo\/image\/\"}}]}<\/script>\n<!-- \/ Yoast SEO plugin. -->","yoast_head_json":{"title":"Wystr\u00f3j Akademik\u00f3w - Kortowiada - najwi\u0119kszy festiwal studencki w Polsce","robots":{"index":"index","follow":"follow","max-snippet":"max-snippet:-1","max-image-preview":"max-image-preview:large","max-video-preview":"max-video-preview:-1"},"canonical":"https:\/\/archiwum.kortowiada.pl\/2022\/wystroj-akademikow\/","og_locale":"pl_PL","og_type":"article","og_title":"Wystr\u00f3j Akademik\u00f3w - Kortowiada - najwi\u0119kszy festiwal studencki w Polsce","og_description":"[vc_row][vc_column][vc_single_image image=&#8221;3217&#8243; img_size=&#8221;full&#8221;][\/vc_column][\/vc_row][vc_row][vc_column width=&#8221;1\/2&#8243;][vc_icon icon_fontawesome=&#8221;fa fa-calendar&#8221; color=&#8221;white&#8221; background_style=&#8221;rounded&#8221; background_color=&#8221;green&#8221; size=&#8221;lg&#8221; align=&#8221;center&#8221;][\/vc_column][vc_column width=&#8221;1\/2&#8243;][vc_icon icon_fontawesome=&#8221;fa fa-map-marker&#8221; color=&#8221;white&#8221; background_style=&#8221;rounded&#8221; background_color=&#8221;green&#8221; size=&#8221;lg&#8221; align=&#8221;center&#8221;][\/vc_column][\/vc_row][vc_row][vc_column][\/vc_column][\/vc_row][vc_row][vc_column][vc_column_text] Rywalizacja o miano najlepiej przystrojonego akademika to nieod\u0142\u0105czny element Kortowiady. Mieszka\u0144cy osiedla akademickiego maj\u0105 za zadanie ozdobi\u0107 sw\u00f3j DS w taki spos\u00f3b, aby jak najlepiej oddawa\u0142 on temat przewodni konkursu. Tegoroczny motyw to \u201eEkodemik, czyli las&nbsp;Czytaj wi\u0119cej","og_url":"https:\/\/archiwum.kortowiada.pl\/2022\/wystroj-akademikow\/","og_site_name":"Kortowiada - najwi\u0119kszy festiwal studencki w Polsce","article_publisher":"https:\/\/www.facebook.com\/kortowiadafestiwal","article_modified_time":"2022-05-26T08:24:13+00:00","og_image":[{"width":1200,"height":628,"url":"https:\/\/archiwum.kortowiada.pl\/2022\/wp-content\/uploads\/2022\/01\/Wydarzenie-PNG.png","type":"image\/png"}],"twitter_card":"summary_large_image","twitter_misc":{"Szacowany czas czytania":"2 minuty"},"schema":{"@context":"https:\/\/schema.org","@graph":[{"@type":"WebPage","@id":"https:\/\/archiwum.kortowiada.pl\/2022\/wystroj-akademikow\/","url":"https:\/\/archiwum.kortowiada.pl\/2022\/wystroj-akademikow\/","name":"Wystr\u00f3j Akademik\u00f3w - Kortowiada - najwi\u0119kszy festiwal studencki w Polsce","isPartOf":{"@id":"https:\/\/archiwum.kortowiada.pl\/2022\/#website"},"datePublished":"2022-05-22T13:48:05+00:00","dateModified":"2022-05-26T08:24:13+00:00","breadcrumb":{"@id":"https:\/\/archiwum.kortowiada.pl\/2022\/wystroj-akademikow\/#breadcrumb"},"inLanguage":"pl-PL","potentialAction":[{"@type":"ReadAction","target":["https:\/\/archiwum.kortowiada.pl\/2022\/wystroj-akademikow\/"]}]},{"@type":"BreadcrumbList","@id":"https:\/\/archiwum.kortowiada.pl\/2022\/wystroj-akademikow\/#breadcrumb","itemListElement":[{"@type":"ListItem","position":1,"name":"Strona g\u0142\u00f3wna","item":"https:\/\/archiwum.kortowiada.pl\/2022\/"},{"@type":"ListItem","position":2,"name":"Wystr\u00f3j Akademik\u00f3w"}]},{"@type":"WebSite","@id":"https:\/\/archiwum.kortowiada.pl\/2022\/#website","url":"https:\/\/archiwum.kortowiada.pl\/2022\/","name":"Kortowiada - najwi\u0119kszy festiwal studencki w Polsce","description":"1-4 czerwca 2022, 61. edycja - juwenalia Olsztyn","publisher":{"@id":"https:\/\/archiwum.kortowiada.pl\/2022\/#organization"},"potentialAction":[{"@type":"SearchAction","target":{"@type":"EntryPoint","urlTemplate":"https:\/\/archiwum.kortowiada.pl\/2022\/?s={search_term_string}"},"query-input":"required name=search_term_string"}],"inLanguage":"pl-PL"},{"@type":"Organization","@id":"https:\/\/archiwum.kortowiada.pl\/2022\/#organization","name":"Kortowiada","url":"https:\/\/archiwum.kortowiada.pl\/2022\/","sameAs":["https:\/\/www.instagram.com\/kortowiada\/?hl=pl","https:\/\/www.youtube.com\/channel\/UCZpuhjpJ2XlHxcbT4N2oyFQ","https:\/\/www.facebook.com\/kortowiadafestiwal"],"logo":{"@type":"ImageObject","inLanguage":"pl-PL","@id":"https:\/\/archiwum.kortowiada.pl\/2022\/#\/schema\/logo\/image\/","url":"https:\/\/kortowiada.pl\/wp-content\/uploads\/2021\/05\/favig.png","contentUrl":"https:\/\/kortowiada.pl\/wp-content\/uploads\/2021\/05\/favig.png","width":1080,"height":1080,"caption":"Kortowiada"},"image":{"@id":"https:\/\/archiwum.kortowiada.pl\/2022\/#\/schema\/logo\/image\/"}}]}},"_links":{"self":[{"href":"https:\/\/archiwum.kortowiada.pl\/2022\/wp-json\/wp\/v2\/pages\/3216"}],"collection":[{"href":"https:\/\/archiwum.kortowiada.pl\/2022\/wp-json\/wp\/v2\/pages"}],"about":[{"href":"https:\/\/archiwum.kortowiada.pl\/2022\/wp-json\/wp\/v2\/types\/page"}],"author":[{"embeddable":true,"href":"https:\/\/archiwum.kortowiada.pl\/2022\/wp-json\/wp\/v2\/users\/3"}],"replies":[{"embeddable":true,"href":"https:\/\/archiwum.kortowiada.pl\/2022\/wp-json\/wp\/v2\/comments?post=3216"}],"version-history":[{"count":9,"href":"https:\/\/archiwum.kortowiada.pl\/2022\/wp-json\/wp\/v2\/pages\/3216\/revisions"}],"predecessor-version":[{"id":3361,"href":"https:\/\/archiwum.kortowiada.pl\/2022\/wp-json\/wp\/v2\/pages\/3216\/revisions\/3361"}],"wp:attachment":[{"href":"https:\/\/archiwum.kortowiada.pl\/2022\/wp-json\/wp\/v2\/media?parent=3216"}],"curies":[{"name":"wp","href":"https:\/\/api.w.org\/{rel}","templated":true}]}}