{"id":3252,"date":"2022-05-22T17:08:47","date_gmt":"2022-05-22T15:08:47","guid":{"rendered":"https:\/\/kortowiada.pl\/?page_id=3252"},"modified":"2022-05-28T17:27:17","modified_gmt":"2022-05-28T15:27:17","slug":"parada-wydzialow","status":"publish","type":"page","link":"https:\/\/archiwum.kortowiada.pl\/2022\/parada-wydzialow\/","title":{"rendered":"Parada Wydzia\u0142\u00f3w"},"content":{"rendered":"<p>[vc_row][vc_column][vc_single_image image=&#8221;3354&#8243; img_size=&#8221;full&#8221;][\/vc_column][\/vc_row][vc_row][vc_column width=&#8221;1\/2&#8243;][vc_icon icon_fontawesome=&#8221;fa fa-calendar&#8221; color=&#8221;white&#8221; background_style=&#8221;rounded&#8221; background_color=&#8221;green&#8221; size=&#8221;lg&#8221; align=&#8221;center&#8221;]<div class=\"themeum-title  \" style=\"text-align:center;\"><h3 class=\"style-title\" style=\"color:#567f43;\">Kiedy?<\/h3><h4 class=\"style-sub-title\" style=\"\">2 czerwca (czwartek) o godzinie 10:00<\/h4><\/div>[\/vc_column][vc_column width=&#8221;1\/2&#8243;][vc_icon icon_fontawesome=&#8221;fa fa-map-marker&#8221; color=&#8221;white&#8221; background_style=&#8221;rounded&#8221; background_color=&#8221;green&#8221; size=&#8221;lg&#8221; align=&#8221;center&#8221;]<div class=\"themeum-title  \" style=\"text-align:center;\"><h3 class=\"style-title\" style=\"color:#567f43;\">Lokalizacja<\/h3><h4 class=\"style-sub-title\" style=\"\">Stare Miasto w Olsztynie<\/h4><\/div>[\/vc_column][\/vc_row][vc_row][vc_column]<div class=\"themeum-title  \" style=\"text-align:center;\"><h3 class=\"style-title\" style=\"font-size:38px;line-height: normal;color:#567f43;\">Opis wydarzenia<\/h3><\/div>[\/vc_column][\/vc_row][vc_row][vc_column][vc_column_text]<\/p>\n<p style=\"text-align: justify;\">Parada Wydzia\u0142\u00f3w to kultowe wydarzenie, kt\u00f3re oficjalnie rozpoczyna Kortowiad\u0119 \u2013 Najlepsze Juwenalia w Polsce! Studenci wszystkich Wydzia\u0142\u00f3w i inni ch\u0119tni uczestnicy przemaszeruj\u0105 w niezwykle barwnym i bardzo g\u0142o\u015bnym korowodzie, og\u0142aszaj\u0105c ca\u0142emu miastu, \u017ce doroczne \u015bwi\u0119to student\u00f3w w\u0142a\u015bnie si\u0119 rozpoczyna.<\/p>\n<p style=\"text-align: justify;\">W trakcie Parady Wydzia\u0142y b\u0119d\u0105 prezentowa\u0107 si\u0119 w r\u00f3\u017cnoraki, cz\u0119sto bardzo nieszablonowy spos\u00f3b wszystkim mieszka\u0144com Olsztyna. Przebrania, balony, flagi i transparenty to obowi\u0105zkowe atrybuty student\u00f3w przemierzaj\u0105cych arterie miasta. Parada jest wi\u0119c idealnym momentem, by udowodni\u0107, \u017ce studencka fantazja nie zna granic.<\/p>\n<p style=\"text-align: justify;\">Chcesz si\u0119 do niej w\u0142a\u015bciwie przygotowa\u0107? Przyjd\u017a dzie\u0144 wcze\u015bniej do <a href=\"https:\/\/kortowiada.pl\/ekonamiot\/\"><strong>EkoNamiotu<\/strong><\/a>! To tu zaprojektujesz co\u015b, co Ci\u0119 wyr\u00f3\u017cni!<\/p>\n<p style=\"text-align: justify;\">Kto poprowadzi Parad\u0119? Oczywi\u015bcie Najlepszy Wydzia\u0142, kt\u00f3ry wygra\u0142 <strong><a href=\"https:\/\/kortowiada.pl\/liga-wydzialow\/\">Lig\u0119 Wydzia\u0142\u00f3w<\/a><\/strong>! W tym roku jest to Wydzia\u0142 Lekarski. Kolejno\u015b\u0107, w jakiej b\u0119d\u0105 paradowa\u0107 pozosta\u0142e Wydzia\u0142y, mo\u017cesz zobaczy\u0107 na poni\u017cszej grafice. Koniecznie zajrzyj te\u017c na <a href=\"https:\/\/kortowiada.pl\/liga-wydzialow\/\"><strong>stron\u0119 Ligi Wydzia\u0142\u00f3w<\/strong><\/a>, by zobaczy\u0107 ko\u0144cow\u0105 klasyfikacj\u0119 i zapozna\u0107 si\u0119 ze szczeg\u00f3\u0142ami &#8211; mo\u017ce w przysz\u0142ym roku we\u017amiesz udzia\u0142 w studenckich rywalizacjach, by wsp\u00f3lnie z ekip\u0105 zapewni\u0107 zwyci\u0119stwo swojemu Wydzia\u0142owi?<\/p>\n<p style=\"text-align: justify;\">Parada w tym roku zako\u0144czy si\u0119 na <span data-sheets-value=\"{&quot;1&quot;:2,&quot;2&quot;:&quot;Scena Studencka przy Centrum Konferencyjnym&quot;}\" data-sheets-userformat=\"{&quot;2&quot;:963,&quot;3&quot;:{&quot;1&quot;:0},&quot;4&quot;:{&quot;1&quot;:2,&quot;2&quot;:16777215},&quot;9&quot;:1,&quot;10&quot;:1,&quot;11&quot;:4,&quot;12&quot;:0}\">Scenie Studenckiej przy Centrum Konferencyjnym. To tu <\/span>ob\u0119dzie si\u0119 przekazanie kluczy, kt\u00f3re s\u0105 symbolem w\u0142adzy nad Kortowem, czyli najpi\u0119kniejszym miasteczkiem akademickim! A co zrobimy, \u017ceby to uczci\u0107? Zata\u0144czymy <strong>Wielk\u0105 Kortowsk\u0105 Makaren\u0119<\/strong>!<\/p>\n<p>&nbsp;<\/p>\n<p style=\"text-align: justify;\"><img loading=\"lazy\" class=\"aligncenter wp-image-3378 size-full\" src=\"https:\/\/kortowiada.pl\/wp-content\/uploads\/2022\/05\/kolejnosc-parady-wydzialow-1920x1080-1.png\" alt=\"\" width=\"1920\" height=\"1080\" srcset=\"https:\/\/archiwum.kortowiada.pl\/2022\/wp-content\/uploads\/2022\/05\/kolejnosc-parady-wydzialow-1920x1080-1.png 1920w, https:\/\/archiwum.kortowiada.pl\/2022\/wp-content\/uploads\/2022\/05\/kolejnosc-parady-wydzialow-1920x1080-1-300x169.png 300w, https:\/\/archiwum.kortowiada.pl\/2022\/wp-content\/uploads\/2022\/05\/kolejnosc-parady-wydzialow-1920x1080-1-1024x576.png 1024w, https:\/\/archiwum.kortowiada.pl\/2022\/wp-content\/uploads\/2022\/05\/kolejnosc-parady-wydzialow-1920x1080-1-768x432.png 768w, https:\/\/archiwum.kortowiada.pl\/2022\/wp-content\/uploads\/2022\/05\/kolejnosc-parady-wydzialow-1920x1080-1-1536x864.png 1536w\" sizes=\"(max-width: 1920px) 100vw, 1920px\" \/><\/p>\n<p>[\/vc_column_text][\/vc_column][\/vc_row][vc_row full_width=&#8221;stretch_row&#8221; css=&#8221;.vc_custom_1645295450741{background: #eff9fd url(https:\/\/kortowiada.pl\/wp-content\/uploads\/2022\/02\/bilety-tlo.png?id=2647) !important;}&#8221;][vc_column width=&#8221;1\/2&#8243; offset=&#8221;vc_hidden-sm vc_hidden-xs&#8221; css=&#8221;.vc_custom_1645167218397{padding-bottom: 10px !important;}&#8221;][vc_single_image image=&#8221;2636&#8243; img_size=&#8221;full&#8221; alignment=&#8221;center&#8221; onclick=&#8221;custom_link&#8221; img_link_target=&#8221;_blank&#8221; link=&#8221;https:\/\/www.ebilet.pl\/muzyka\/festiwale\/kortowiada\/&#8221;][\/vc_column][vc_column width=&#8221;1\/2&#8243; offset=&#8221;vc_hidden-sm vc_hidden-xs&#8221; css=&#8221;.vc_custom_1645167223280{padding-bottom: 10px !important;}&#8221;]<div class=\"themeum-title  rtl-right\" style=\"text-align:center;\"><h3 class=\"style-title\" style=\"padding:0 0 7px 0px;font-weight:700;font-size:70px;line-height: normal;color:#567f43;\">Karnety<\/h3><\/div><div class=\"themeum-title  rtl-right\" style=\"text-align:center;\"><h3 class=\"style-title\" style=\"padding:0 0 7px 0px;font-weight:700;font-size:45px;line-height: normal;color:#567f43;\">dost\u0119pne na<\/h3><\/div>[vc_single_image image=&#8221;2639&#8243; img_size=&#8221;400&#215;110&#8243; alignment=&#8221;center&#8221; onclick=&#8221;custom_link&#8221; img_link_target=&#8221;_blank&#8221; link=&#8221;https:\/\/www.ebilet.pl\/muzyka\/festiwale\/kortowiada\/&#8221; css=&#8221;.vc_custom_1645511674081{padding-top: 50px !important;}&#8221;][\/vc_column][\/vc_row][vc_row full_width=&#8221;stretch_row&#8221; css=&#8221;.vc_custom_1645295256135{background-color: #eff9fd !important;}&#8221;][vc_column offset=&#8221;vc_hidden-lg vc_hidden-md&#8221; css=&#8221;.vc_custom_1645295295638{padding-right: 15% !important;padding-left: 15% !important;}&#8221;][vc_single_image image=&#8221;2636&#8243; img_size=&#8221;full&#8221; alignment=&#8221;center&#8221; onclick=&#8221;custom_link&#8221; img_link_target=&#8221;_blank&#8221; link=&#8221;#&#8221;]<div class=\"themeum-title  rtl-right\" style=\"text-align:center;\"><h3 class=\"style-title\" style=\"padding:0 0 7px 0px;font-weight:700;font-size:60px;line-height: normal;color:#567f43;\">Karnety<\/h3><\/div><div class=\"themeum-title  rtl-right\" style=\"text-align:center;\"><h3 class=\"style-title\" style=\"padding:0 0 7px 0px;font-weight:700;font-size:45px;line-height: normal;color:#567f43;\">dost\u0119pne na<\/h3><\/div>[vc_single_image image=&#8221;2639&#8243; img_size=&#8221;350&#215;97&#8243; alignment=&#8221;center&#8221; onclick=&#8221;custom_link&#8221; img_link_target=&#8221;_blank&#8221; link=&#8221;#&#8221; css=&#8221;.vc_custom_1645295326210{padding-top: 20px !important;}&#8221;][\/vc_column][\/vc_row]<\/p>\n","protected":false},"excerpt":{"rendered":"<p>[vc_row][vc_column][vc_single_image image=&#8221;3354&#8243; img_size=&#8221;full&#8221;][\/vc_column][\/vc_row][vc_row][vc_column width=&#8221;1\/2&#8243;][vc_icon icon_fontawesome=&#8221;fa fa-calendar&#8221; color=&#8221;white&#8221; background_style=&#8221;rounded&#8221; background_color=&#8221;green&#8221; size=&#8221;lg&#8221; align=&#8221;center&#8221;][\/vc_column][vc_column width=&#8221;1\/2&#8243;][vc_icon icon_fontawesome=&#8221;fa fa-map-marker&#8221; color=&#8221;white&#8221; background_style=&#8221;rounded&#8221; background_color=&#8221;green&#8221; size=&#8221;lg&#8221; align=&#8221;center&#8221;][\/vc_column][\/vc_row][vc_row][vc_column][\/vc_column][\/vc_row][vc_row][vc_column][vc_column_text] Parada Wydzia\u0142\u00f3w to kultowe wydarzenie, kt\u00f3re oficjalnie rozpoczyna Kortowiad\u0119 \u2013 Najlepsze Juwenalia w Polsce! Studenci wszystkich Wydzia\u0142\u00f3w i inni ch\u0119tni uczestnicy przemaszeruj\u0105 w niezwykle barwnym i bardzo g\u0142o\u015bnym korowodzie, og\u0142aszaj\u0105c ca\u0142emu miastu, \u017ce doroczne \u015bwi\u0119to student\u00f3w&nbsp;<\/p>\n<p><a class=\"btn btn-style\" href=\"https:\/\/archiwum.kortowiada.pl\/2022\/parada-wydzialow\/\">Czytaj wi\u0119cej<\/a><\/p>\n","protected":false},"author":3,"featured_media":0,"parent":0,"menu_order":0,"comment_status":"closed","ping_status":"closed","template":"","meta":[],"yoast_head":"<!-- This site is optimized with the Yoast SEO plugin v19.6.1 - https:\/\/yoast.com\/wordpress\/plugins\/seo\/ -->\n<title>Parada Wydzia\u0142\u00f3w - Kortowiada - najwi\u0119kszy festiwal studencki w Polsce<\/title>\n<meta name=\"robots\" content=\"index, follow, max-snippet:-1, max-image-preview:large, max-video-preview:-1\" \/>\n<link rel=\"canonical\" href=\"https:\/\/archiwum.kortowiada.pl\/2022\/parada-wydzialow\/\" \/>\n<meta property=\"og:locale\" content=\"pl_PL\" \/>\n<meta property=\"og:type\" content=\"article\" \/>\n<meta property=\"og:title\" content=\"Parada Wydzia\u0142\u00f3w - Kortowiada - najwi\u0119kszy festiwal studencki w Polsce\" \/>\n<meta property=\"og:description\" content=\"[vc_row][vc_column][vc_single_image image=&#8221;3354&#8243; img_size=&#8221;full&#8221;][\/vc_column][\/vc_row][vc_row][vc_column width=&#8221;1\/2&#8243;][vc_icon icon_fontawesome=&#8221;fa fa-calendar&#8221; color=&#8221;white&#8221; background_style=&#8221;rounded&#8221; background_color=&#8221;green&#8221; size=&#8221;lg&#8221; align=&#8221;center&#8221;][\/vc_column][vc_column width=&#8221;1\/2&#8243;][vc_icon icon_fontawesome=&#8221;fa fa-map-marker&#8221; color=&#8221;white&#8221; background_style=&#8221;rounded&#8221; background_color=&#8221;green&#8221; size=&#8221;lg&#8221; align=&#8221;center&#8221;][\/vc_column][\/vc_row][vc_row][vc_column][\/vc_column][\/vc_row][vc_row][vc_column][vc_column_text] Parada Wydzia\u0142\u00f3w to kultowe wydarzenie, kt\u00f3re oficjalnie rozpoczyna Kortowiad\u0119 \u2013 Najlepsze Juwenalia w Polsce! Studenci wszystkich Wydzia\u0142\u00f3w i inni ch\u0119tni uczestnicy przemaszeruj\u0105 w niezwykle barwnym i bardzo g\u0142o\u015bnym korowodzie, og\u0142aszaj\u0105c ca\u0142emu miastu, \u017ce doroczne \u015bwi\u0119to student\u00f3w&nbsp;Czytaj wi\u0119cej\" \/>\n<meta property=\"og:url\" content=\"https:\/\/archiwum.kortowiada.pl\/2022\/parada-wydzialow\/\" \/>\n<meta property=\"og:site_name\" content=\"Kortowiada - najwi\u0119kszy festiwal studencki w Polsce\" \/>\n<meta property=\"article:publisher\" content=\"https:\/\/www.facebook.com\/kortowiadafestiwal\" \/>\n<meta property=\"article:modified_time\" content=\"2022-05-28T15:27:17+00:00\" \/>\n<meta property=\"og:image\" content=\"https:\/\/kortowiada.pl\/wp-content\/uploads\/2022\/05\/kolejnosc-parady-wydzialow-1920x1080-1.png\" \/>\n<meta name=\"twitter:card\" content=\"summary_large_image\" \/>\n<meta name=\"twitter:label1\" content=\"Szacowany czas czytania\" \/>\n\t<meta name=\"twitter:data1\" content=\"3 minuty\" \/>\n<script type=\"application\/ld+json\" class=\"yoast-schema-graph\">{\"@context\":\"https:\/\/schema.org\",\"@graph\":[{\"@type\":\"WebPage\",\"@id\":\"https:\/\/archiwum.kortowiada.pl\/2022\/parada-wydzialow\/\",\"url\":\"https:\/\/archiwum.kortowiada.pl\/2022\/parada-wydzialow\/\",\"name\":\"Parada Wydzia\u0142\u00f3w - Kortowiada - najwi\u0119kszy festiwal studencki w Polsce\",\"isPartOf\":{\"@id\":\"https:\/\/archiwum.kortowiada.pl\/2022\/#website\"},\"datePublished\":\"2022-05-22T15:08:47+00:00\",\"dateModified\":\"2022-05-28T15:27:17+00:00\",\"breadcrumb\":{\"@id\":\"https:\/\/archiwum.kortowiada.pl\/2022\/parada-wydzialow\/#breadcrumb\"},\"inLanguage\":\"pl-PL\",\"potentialAction\":[{\"@type\":\"ReadAction\",\"target\":[\"https:\/\/archiwum.kortowiada.pl\/2022\/parada-wydzialow\/\"]}]},{\"@type\":\"BreadcrumbList\",\"@id\":\"https:\/\/archiwum.kortowiada.pl\/2022\/parada-wydzialow\/#breadcrumb\",\"itemListElement\":[{\"@type\":\"ListItem\",\"position\":1,\"name\":\"Strona g\u0142\u00f3wna\",\"item\":\"https:\/\/archiwum.kortowiada.pl\/2022\/\"},{\"@type\":\"ListItem\",\"position\":2,\"name\":\"Parada Wydzia\u0142\u00f3w\"}]},{\"@type\":\"WebSite\",\"@id\":\"https:\/\/archiwum.kortowiada.pl\/2022\/#website\",\"url\":\"https:\/\/archiwum.kortowiada.pl\/2022\/\",\"name\":\"Kortowiada - najwi\u0119kszy festiwal studencki w Polsce\",\"description\":\"1-4 czerwca 2022, 61. edycja - juwenalia Olsztyn\",\"publisher\":{\"@id\":\"https:\/\/archiwum.kortowiada.pl\/2022\/#organization\"},\"potentialAction\":[{\"@type\":\"SearchAction\",\"target\":{\"@type\":\"EntryPoint\",\"urlTemplate\":\"https:\/\/archiwum.kortowiada.pl\/2022\/?s={search_term_string}\"},\"query-input\":\"required name=search_term_string\"}],\"inLanguage\":\"pl-PL\"},{\"@type\":\"Organization\",\"@id\":\"https:\/\/archiwum.kortowiada.pl\/2022\/#organization\",\"name\":\"Kortowiada\",\"url\":\"https:\/\/archiwum.kortowiada.pl\/2022\/\",\"sameAs\":[\"https:\/\/www.instagram.com\/kortowiada\/?hl=pl\",\"https:\/\/www.youtube.com\/channel\/UCZpuhjpJ2XlHxcbT4N2oyFQ\",\"https:\/\/www.facebook.com\/kortowiadafestiwal\"],\"logo\":{\"@type\":\"ImageObject\",\"inLanguage\":\"pl-PL\",\"@id\":\"https:\/\/archiwum.kortowiada.pl\/2022\/#\/schema\/logo\/image\/\",\"url\":\"https:\/\/kortowiada.pl\/wp-content\/uploads\/2021\/05\/favig.png\",\"contentUrl\":\"https:\/\/kortowiada.pl\/wp-content\/uploads\/2021\/05\/favig.png\",\"width\":1080,\"height\":1080,\"caption\":\"Kortowiada\"},\"image\":{\"@id\":\"https:\/\/archiwum.kortowiada.pl\/2022\/#\/schema\/logo\/image\/\"}}]}<\/script>\n<!-- \/ Yoast SEO plugin. -->","yoast_head_json":{"title":"Parada Wydzia\u0142\u00f3w - Kortowiada - najwi\u0119kszy festiwal studencki w Polsce","robots":{"index":"index","follow":"follow","max-snippet":"max-snippet:-1","max-image-preview":"max-image-preview:large","max-video-preview":"max-video-preview:-1"},"canonical":"https:\/\/archiwum.kortowiada.pl\/2022\/parada-wydzialow\/","og_locale":"pl_PL","og_type":"article","og_title":"Parada Wydzia\u0142\u00f3w - Kortowiada - najwi\u0119kszy festiwal studencki w Polsce","og_description":"[vc_row][vc_column][vc_single_image image=&#8221;3354&#8243; img_size=&#8221;full&#8221;][\/vc_column][\/vc_row][vc_row][vc_column width=&#8221;1\/2&#8243;][vc_icon icon_fontawesome=&#8221;fa fa-calendar&#8221; color=&#8221;white&#8221; background_style=&#8221;rounded&#8221; background_color=&#8221;green&#8221; size=&#8221;lg&#8221; align=&#8221;center&#8221;][\/vc_column][vc_column width=&#8221;1\/2&#8243;][vc_icon icon_fontawesome=&#8221;fa fa-map-marker&#8221; color=&#8221;white&#8221; background_style=&#8221;rounded&#8221; background_color=&#8221;green&#8221; size=&#8221;lg&#8221; align=&#8221;center&#8221;][\/vc_column][\/vc_row][vc_row][vc_column][\/vc_column][\/vc_row][vc_row][vc_column][vc_column_text] Parada Wydzia\u0142\u00f3w to kultowe wydarzenie, kt\u00f3re oficjalnie rozpoczyna Kortowiad\u0119 \u2013 Najlepsze Juwenalia w Polsce! Studenci wszystkich Wydzia\u0142\u00f3w i inni ch\u0119tni uczestnicy przemaszeruj\u0105 w niezwykle barwnym i bardzo g\u0142o\u015bnym korowodzie, og\u0142aszaj\u0105c ca\u0142emu miastu, \u017ce doroczne \u015bwi\u0119to student\u00f3w&nbsp;Czytaj wi\u0119cej","og_url":"https:\/\/archiwum.kortowiada.pl\/2022\/parada-wydzialow\/","og_site_name":"Kortowiada - najwi\u0119kszy festiwal studencki w Polsce","article_publisher":"https:\/\/www.facebook.com\/kortowiadafestiwal","article_modified_time":"2022-05-28T15:27:17+00:00","og_image":[{"url":"https:\/\/kortowiada.pl\/wp-content\/uploads\/2022\/05\/kolejnosc-parady-wydzialow-1920x1080-1.png"}],"twitter_card":"summary_large_image","twitter_misc":{"Szacowany czas czytania":"3 minuty"},"schema":{"@context":"https:\/\/schema.org","@graph":[{"@type":"WebPage","@id":"https:\/\/archiwum.kortowiada.pl\/2022\/parada-wydzialow\/","url":"https:\/\/archiwum.kortowiada.pl\/2022\/parada-wydzialow\/","name":"Parada Wydzia\u0142\u00f3w - Kortowiada - najwi\u0119kszy festiwal studencki w Polsce","isPartOf":{"@id":"https:\/\/archiwum.kortowiada.pl\/2022\/#website"},"datePublished":"2022-05-22T15:08:47+00:00","dateModified":"2022-05-28T15:27:17+00:00","breadcrumb":{"@id":"https:\/\/archiwum.kortowiada.pl\/2022\/parada-wydzialow\/#breadcrumb"},"inLanguage":"pl-PL","potentialAction":[{"@type":"ReadAction","target":["https:\/\/archiwum.kortowiada.pl\/2022\/parada-wydzialow\/"]}]},{"@type":"BreadcrumbList","@id":"https:\/\/archiwum.kortowiada.pl\/2022\/parada-wydzialow\/#breadcrumb","itemListElement":[{"@type":"ListItem","position":1,"name":"Strona g\u0142\u00f3wna","item":"https:\/\/archiwum.kortowiada.pl\/2022\/"},{"@type":"ListItem","position":2,"name":"Parada Wydzia\u0142\u00f3w"}]},{"@type":"WebSite","@id":"https:\/\/archiwum.kortowiada.pl\/2022\/#website","url":"https:\/\/archiwum.kortowiada.pl\/2022\/","name":"Kortowiada - najwi\u0119kszy festiwal studencki w Polsce","description":"1-4 czerwca 2022, 61. edycja - juwenalia Olsztyn","publisher":{"@id":"https:\/\/archiwum.kortowiada.pl\/2022\/#organization"},"potentialAction":[{"@type":"SearchAction","target":{"@type":"EntryPoint","urlTemplate":"https:\/\/archiwum.kortowiada.pl\/2022\/?s={search_term_string}"},"query-input":"required name=search_term_string"}],"inLanguage":"pl-PL"},{"@type":"Organization","@id":"https:\/\/archiwum.kortowiada.pl\/2022\/#organization","name":"Kortowiada","url":"https:\/\/archiwum.kortowiada.pl\/2022\/","sameAs":["https:\/\/www.instagram.com\/kortowiada\/?hl=pl","https:\/\/www.youtube.com\/channel\/UCZpuhjpJ2XlHxcbT4N2oyFQ","https:\/\/www.facebook.com\/kortowiadafestiwal"],"logo":{"@type":"ImageObject","inLanguage":"pl-PL","@id":"https:\/\/archiwum.kortowiada.pl\/2022\/#\/schema\/logo\/image\/","url":"https:\/\/kortowiada.pl\/wp-content\/uploads\/2021\/05\/favig.png","contentUrl":"https:\/\/kortowiada.pl\/wp-content\/uploads\/2021\/05\/favig.png","width":1080,"height":1080,"caption":"Kortowiada"},"image":{"@id":"https:\/\/archiwum.kortowiada.pl\/2022\/#\/schema\/logo\/image\/"}}]}},"_links":{"self":[{"href":"https:\/\/archiwum.kortowiada.pl\/2022\/wp-json\/wp\/v2\/pages\/3252"}],"collection":[{"href":"https:\/\/archiwum.kortowiada.pl\/2022\/wp-json\/wp\/v2\/pages"}],"about":[{"href":"https:\/\/archiwum.kortowiada.pl\/2022\/wp-json\/wp\/v2\/types\/page"}],"author":[{"embeddable":true,"href":"https:\/\/archiwum.kortowiada.pl\/2022\/wp-json\/wp\/v2\/users\/3"}],"replies":[{"embeddable":true,"href":"https:\/\/archiwum.kortowiada.pl\/2022\/wp-json\/wp\/v2\/comments?post=3252"}],"version-history":[{"count":5,"href":"https:\/\/archiwum.kortowiada.pl\/2022\/wp-json\/wp\/v2\/pages\/3252\/revisions"}],"predecessor-version":[{"id":3400,"href":"https:\/\/archiwum.kortowiada.pl\/2022\/wp-json\/wp\/v2\/pages\/3252\/revisions\/3400"}],"wp:attachment":[{"href":"https:\/\/archiwum.kortowiada.pl\/2022\/wp-json\/wp\/v2\/media?parent=3252"}],"curies":[{"name":"wp","href":"https:\/\/api.w.org\/{rel}","templated":true}]}}