{"id":3257,"date":"2022-05-22T17:40:51","date_gmt":"2022-05-22T15:40:51","guid":{"rendered":"https:\/\/kortowiada.pl\/?page_id=3257"},"modified":"2022-05-24T14:03:53","modified_gmt":"2022-05-24T12:03:53","slug":"finaly-ajdola-kortowiady","status":"publish","type":"page","link":"https:\/\/archiwum.kortowiada.pl\/2022\/finaly-ajdola-kortowiady\/","title":{"rendered":"Fina\u0142y Ajdola Kortowiady"},"content":{"rendered":"<p>[vc_row][vc_column][vc_single_image image=&#8221;3322&#8243; img_size=&#8221;full&#8221;][\/vc_column][\/vc_row][vc_row][vc_column width=&#8221;1\/2&#8243;][vc_icon icon_fontawesome=&#8221;fa fa-map-marker&#8221; color=&#8221;white&#8221; background_style=&#8221;rounded&#8221; background_color=&#8221;green&#8221; size=&#8221;lg&#8221; align=&#8221;center&#8221;]<div class=\"themeum-title  \" style=\"text-align:center;\"><h3 class=\"style-title\" style=\"color:#567f43;\">Lokalizacja fina\u0142\u00f3w<\/h3><h4 class=\"style-sub-title\" style=\"\">Strefa Studencka przy Centrum Konferencyjnym<\/h4><\/div>[\/vc_column][vc_column width=&#8221;1\/2&#8243;][vc_icon icon_fontawesome=&#8221;fa fa-calendar&#8221; color=&#8221;white&#8221; background_style=&#8221;rounded&#8221; background_color=&#8221;green&#8221; size=&#8221;lg&#8221; align=&#8221;center&#8221;]<div class=\"themeum-title  \" style=\"text-align:center;\"><h3 class=\"style-title\" style=\"color:#567f43;\">Terminy fina\u0142\u00f3w<\/h3><h4 class=\"style-sub-title\" style=\"\">2 czerwca o godzinie 14:00<\/h4><\/div><div class=\"themeum-title  \" style=\"text-align:center;\"><h4 class=\"style-sub-title\" style=\"\">3 czerwca o godzinie 15:30<\/h4><\/div><div class=\"themeum-title  \" style=\"text-align:center;\"><h4 class=\"style-sub-title\" style=\"\">4 czerwca o godzinie 13:00<\/h4><\/div>[\/vc_column][\/vc_row][vc_row][vc_column]<div class=\"themeum-title  \" style=\"text-align:center;\"><h3 class=\"style-title\" style=\"font-size:38px;line-height: normal;color:#567f43;\">Opis wydarzenia<\/h3><\/div>[\/vc_column][\/vc_row][vc_row][vc_column][vc_column_text]<\/p>\n<p style=\"text-align: justify;\">Ka\u017cdego roku poszukujemy w Kortowie talent\u00f3w wokalnych: os\u00f3b, kt\u00f3re chc\u0105 spr\u00f3bowa\u0107 swoich si\u0142, by ostatecznie <strong>zwyci\u0119\u017cy\u0107 i wyst\u0105pi\u0107 na Scenie G\u0142\u00f3wnej Kortowiady<\/strong>! W tym roku poszukujemy a\u017c trzech takich \u015bmia\u0142k\u00f3w!<\/p>\n<h4 style=\"text-align: justify;\"><b>Na laureat\u00f3w konkursu czekaj\u0105 nagrody!<\/b><\/h4>\n<ol style=\"text-align: justify;\">\n<li style=\"text-align: justify;\">Zwyci\u0119zca ka\u017cdego z fina\u0142\u00f3w ma niepowtarzaln\u0105 szans\u0119 wyst\u0105pi\u0107 tego samego dnia wieczorem na Scenie G\u0142\u00f3wnej na Pla\u017cy Kortowskiej!<\/li>\n<li>Ka\u017cdy z trzech laureat\u00f3w wygrywa mo\u017cliwo\u015b\u0107 nagrania w\u0142asnego singla (solo lub z zespo\u0142em) w studiu naszego partnera &#8211; <strong>New Living Culture Studio<\/strong>!<\/li>\n<li>Do r\u0105k najlepszych wokalist\u00f3w trafi\u0105 tak\u017ce gad\u017cety od naszych partner\u00f3w.<\/li>\n<\/ol>\n<h4 style=\"text-align: justify;\"><b>Terminy fina\u0142\u00f3w:<\/b><\/h4>\n<ul>\n<li style=\"text-align: justify;\">I fina\u0142: 2 czerwca o godzinie 14:00 w Strefie Studenckiej przy Centrum Konferencyjnym UWM<\/li>\n<li style=\"text-align: justify;\">II fina\u0142: 3 czerwca o godzinie 16:00 w Strefie Studenckiej przy Centrum Konferencyjnym UWM<\/li>\n<li style=\"text-align: justify;\">III fina\u0142: 4 czerwca o godzinie 13:00 na w Strefie Studenckiej przy Centrum Konferencyjnym UWM<\/li>\n<\/ul>\n<p>[\/vc_column_text][\/vc_column][\/vc_row][vc_row full_width=&#8221;stretch_row&#8221; css=&#8221;.vc_custom_1645295450741{background: #eff9fd url(https:\/\/kortowiada.pl\/wp-content\/uploads\/2022\/02\/bilety-tlo.png?id=2647) !important;}&#8221;][vc_column width=&#8221;1\/2&#8243; offset=&#8221;vc_hidden-sm vc_hidden-xs&#8221; css=&#8221;.vc_custom_1645167218397{padding-bottom: 10px !important;}&#8221;][vc_single_image image=&#8221;2636&#8243; img_size=&#8221;full&#8221; alignment=&#8221;center&#8221; onclick=&#8221;custom_link&#8221; img_link_target=&#8221;_blank&#8221; link=&#8221;https:\/\/www.ebilet.pl\/muzyka\/festiwale\/kortowiada\/&#8221;][\/vc_column][vc_column width=&#8221;1\/2&#8243; offset=&#8221;vc_hidden-sm vc_hidden-xs&#8221; css=&#8221;.vc_custom_1645167223280{padding-bottom: 10px !important;}&#8221;]<div class=\"themeum-title  rtl-right\" style=\"text-align:center;\"><h3 class=\"style-title\" style=\"padding:0 0 7px 0px;font-weight:700;font-size:70px;line-height: normal;color:#567f43;\">Karnety<\/h3><\/div><div class=\"themeum-title  rtl-right\" style=\"text-align:center;\"><h3 class=\"style-title\" style=\"padding:0 0 7px 0px;font-weight:700;font-size:45px;line-height: normal;color:#567f43;\">dost\u0119pne na<\/h3><\/div>[vc_single_image image=&#8221;2639&#8243; img_size=&#8221;400&#215;110&#8243; alignment=&#8221;center&#8221; onclick=&#8221;custom_link&#8221; img_link_target=&#8221;_blank&#8221; link=&#8221;https:\/\/www.ebilet.pl\/muzyka\/festiwale\/kortowiada\/&#8221; css=&#8221;.vc_custom_1645511674081{padding-top: 50px !important;}&#8221;][\/vc_column][\/vc_row][vc_row full_width=&#8221;stretch_row&#8221; css=&#8221;.vc_custom_1645295256135{background-color: #eff9fd !important;}&#8221;][vc_column offset=&#8221;vc_hidden-lg vc_hidden-md&#8221; css=&#8221;.vc_custom_1645295295638{padding-right: 15% !important;padding-left: 15% !important;}&#8221;][vc_single_image image=&#8221;2636&#8243; img_size=&#8221;full&#8221; alignment=&#8221;center&#8221; onclick=&#8221;custom_link&#8221; img_link_target=&#8221;_blank&#8221; link=&#8221;#&#8221;]<div class=\"themeum-title  rtl-right\" style=\"text-align:center;\"><h3 class=\"style-title\" style=\"padding:0 0 7px 0px;font-weight:700;font-size:60px;line-height: normal;color:#567f43;\">Karnety<\/h3><\/div><div class=\"themeum-title  rtl-right\" style=\"text-align:center;\"><h3 class=\"style-title\" style=\"padding:0 0 7px 0px;font-weight:700;font-size:45px;line-height: normal;color:#567f43;\">dost\u0119pne na<\/h3><\/div>[vc_single_image image=&#8221;2639&#8243; img_size=&#8221;350&#215;97&#8243; alignment=&#8221;center&#8221; onclick=&#8221;custom_link&#8221; img_link_target=&#8221;_blank&#8221; link=&#8221;#&#8221; css=&#8221;.vc_custom_1645295326210{padding-top: 20px !important;}&#8221;][\/vc_column][\/vc_row]<\/p>\n","protected":false},"excerpt":{"rendered":"<p>[vc_row][vc_column][vc_single_image image=&#8221;3322&#8243; img_size=&#8221;full&#8221;][\/vc_column][\/vc_row][vc_row][vc_column width=&#8221;1\/2&#8243;][vc_icon icon_fontawesome=&#8221;fa fa-map-marker&#8221; color=&#8221;white&#8221; background_style=&#8221;rounded&#8221; background_color=&#8221;green&#8221; size=&#8221;lg&#8221; align=&#8221;center&#8221;][\/vc_column][vc_column width=&#8221;1\/2&#8243;][vc_icon icon_fontawesome=&#8221;fa fa-calendar&#8221; color=&#8221;white&#8221; background_style=&#8221;rounded&#8221; background_color=&#8221;green&#8221; size=&#8221;lg&#8221; align=&#8221;center&#8221;][\/vc_column][\/vc_row][vc_row][vc_column][\/vc_column][\/vc_row][vc_row][vc_column][vc_column_text] Ka\u017cdego roku poszukujemy w Kortowie talent\u00f3w wokalnych: os\u00f3b, kt\u00f3re chc\u0105 spr\u00f3bowa\u0107 swoich si\u0142, by ostatecznie zwyci\u0119\u017cy\u0107 i wyst\u0105pi\u0107 na Scenie G\u0142\u00f3wnej Kortowiady! W tym roku poszukujemy a\u017c trzech takich \u015bmia\u0142k\u00f3w! Na laureat\u00f3w konkursu czekaj\u0105 nagrody! Zwyci\u0119zca&nbsp;<\/p>\n<p><a class=\"btn btn-style\" href=\"https:\/\/archiwum.kortowiada.pl\/2022\/finaly-ajdola-kortowiady\/\">Czytaj wi\u0119cej<\/a><\/p>\n","protected":false},"author":3,"featured_media":0,"parent":0,"menu_order":0,"comment_status":"closed","ping_status":"closed","template":"","meta":[],"yoast_head":"<!-- This site is optimized with the Yoast SEO plugin v19.6.1 - https:\/\/yoast.com\/wordpress\/plugins\/seo\/ -->\n<title>Fina\u0142y Ajdola Kortowiady - Kortowiada - najwi\u0119kszy festiwal studencki w Polsce<\/title>\n<meta name=\"robots\" content=\"index, follow, max-snippet:-1, max-image-preview:large, max-video-preview:-1\" \/>\n<link rel=\"canonical\" href=\"https:\/\/archiwum.kortowiada.pl\/2022\/finaly-ajdola-kortowiady\/\" \/>\n<meta property=\"og:locale\" content=\"pl_PL\" \/>\n<meta property=\"og:type\" content=\"article\" \/>\n<meta property=\"og:title\" content=\"Fina\u0142y Ajdola Kortowiady - Kortowiada - najwi\u0119kszy festiwal studencki w Polsce\" \/>\n<meta property=\"og:description\" content=\"[vc_row][vc_column][vc_single_image image=&#8221;3322&#8243; img_size=&#8221;full&#8221;][\/vc_column][\/vc_row][vc_row][vc_column width=&#8221;1\/2&#8243;][vc_icon icon_fontawesome=&#8221;fa fa-map-marker&#8221; color=&#8221;white&#8221; background_style=&#8221;rounded&#8221; background_color=&#8221;green&#8221; size=&#8221;lg&#8221; align=&#8221;center&#8221;][\/vc_column][vc_column width=&#8221;1\/2&#8243;][vc_icon icon_fontawesome=&#8221;fa fa-calendar&#8221; color=&#8221;white&#8221; background_style=&#8221;rounded&#8221; background_color=&#8221;green&#8221; size=&#8221;lg&#8221; align=&#8221;center&#8221;][\/vc_column][\/vc_row][vc_row][vc_column][\/vc_column][\/vc_row][vc_row][vc_column][vc_column_text] Ka\u017cdego roku poszukujemy w Kortowie talent\u00f3w wokalnych: os\u00f3b, kt\u00f3re chc\u0105 spr\u00f3bowa\u0107 swoich si\u0142, by ostatecznie zwyci\u0119\u017cy\u0107 i wyst\u0105pi\u0107 na Scenie G\u0142\u00f3wnej Kortowiady! W tym roku poszukujemy a\u017c trzech takich \u015bmia\u0142k\u00f3w! Na laureat\u00f3w konkursu czekaj\u0105 nagrody! Zwyci\u0119zca&nbsp;Czytaj wi\u0119cej\" \/>\n<meta property=\"og:url\" content=\"https:\/\/archiwum.kortowiada.pl\/2022\/finaly-ajdola-kortowiady\/\" \/>\n<meta property=\"og:site_name\" content=\"Kortowiada - najwi\u0119kszy festiwal studencki w Polsce\" \/>\n<meta property=\"article:publisher\" content=\"https:\/\/www.facebook.com\/kortowiadafestiwal\" \/>\n<meta property=\"article:modified_time\" content=\"2022-05-24T12:03:53+00:00\" \/>\n<meta property=\"og:image\" content=\"https:\/\/archiwum.kortowiada.pl\/2022\/wp-content\/uploads\/2022\/01\/Wydarzenie-PNG.png\" \/>\n\t<meta property=\"og:image:width\" content=\"1200\" \/>\n\t<meta property=\"og:image:height\" content=\"628\" \/>\n\t<meta property=\"og:image:type\" content=\"image\/png\" \/>\n<meta name=\"twitter:card\" content=\"summary_large_image\" \/>\n<meta name=\"twitter:label1\" content=\"Szacowany czas czytania\" \/>\n\t<meta name=\"twitter:data1\" content=\"2 minuty\" \/>\n<script type=\"application\/ld+json\" class=\"yoast-schema-graph\">{\"@context\":\"https:\/\/schema.org\",\"@graph\":[{\"@type\":\"WebPage\",\"@id\":\"https:\/\/archiwum.kortowiada.pl\/2022\/finaly-ajdola-kortowiady\/\",\"url\":\"https:\/\/archiwum.kortowiada.pl\/2022\/finaly-ajdola-kortowiady\/\",\"name\":\"Fina\u0142y Ajdola Kortowiady - Kortowiada - najwi\u0119kszy festiwal studencki w Polsce\",\"isPartOf\":{\"@id\":\"https:\/\/archiwum.kortowiada.pl\/2022\/#website\"},\"datePublished\":\"2022-05-22T15:40:51+00:00\",\"dateModified\":\"2022-05-24T12:03:53+00:00\",\"breadcrumb\":{\"@id\":\"https:\/\/archiwum.kortowiada.pl\/2022\/finaly-ajdola-kortowiady\/#breadcrumb\"},\"inLanguage\":\"pl-PL\",\"potentialAction\":[{\"@type\":\"ReadAction\",\"target\":[\"https:\/\/archiwum.kortowiada.pl\/2022\/finaly-ajdola-kortowiady\/\"]}]},{\"@type\":\"BreadcrumbList\",\"@id\":\"https:\/\/archiwum.kortowiada.pl\/2022\/finaly-ajdola-kortowiady\/#breadcrumb\",\"itemListElement\":[{\"@type\":\"ListItem\",\"position\":1,\"name\":\"Strona g\u0142\u00f3wna\",\"item\":\"https:\/\/archiwum.kortowiada.pl\/2022\/\"},{\"@type\":\"ListItem\",\"position\":2,\"name\":\"Fina\u0142y Ajdola Kortowiady\"}]},{\"@type\":\"WebSite\",\"@id\":\"https:\/\/archiwum.kortowiada.pl\/2022\/#website\",\"url\":\"https:\/\/archiwum.kortowiada.pl\/2022\/\",\"name\":\"Kortowiada - najwi\u0119kszy festiwal studencki w Polsce\",\"description\":\"1-4 czerwca 2022, 61. edycja - juwenalia Olsztyn\",\"publisher\":{\"@id\":\"https:\/\/archiwum.kortowiada.pl\/2022\/#organization\"},\"potentialAction\":[{\"@type\":\"SearchAction\",\"target\":{\"@type\":\"EntryPoint\",\"urlTemplate\":\"https:\/\/archiwum.kortowiada.pl\/2022\/?s={search_term_string}\"},\"query-input\":\"required name=search_term_string\"}],\"inLanguage\":\"pl-PL\"},{\"@type\":\"Organization\",\"@id\":\"https:\/\/archiwum.kortowiada.pl\/2022\/#organization\",\"name\":\"Kortowiada\",\"url\":\"https:\/\/archiwum.kortowiada.pl\/2022\/\",\"sameAs\":[\"https:\/\/www.instagram.com\/kortowiada\/?hl=pl\",\"https:\/\/www.youtube.com\/channel\/UCZpuhjpJ2XlHxcbT4N2oyFQ\",\"https:\/\/www.facebook.com\/kortowiadafestiwal\"],\"logo\":{\"@type\":\"ImageObject\",\"inLanguage\":\"pl-PL\",\"@id\":\"https:\/\/archiwum.kortowiada.pl\/2022\/#\/schema\/logo\/image\/\",\"url\":\"https:\/\/kortowiada.pl\/wp-content\/uploads\/2021\/05\/favig.png\",\"contentUrl\":\"https:\/\/kortowiada.pl\/wp-content\/uploads\/2021\/05\/favig.png\",\"width\":1080,\"height\":1080,\"caption\":\"Kortowiada\"},\"image\":{\"@id\":\"https:\/\/archiwum.kortowiada.pl\/2022\/#\/schema\/logo\/image\/\"}}]}<\/script>\n<!-- \/ Yoast SEO plugin. -->","yoast_head_json":{"title":"Fina\u0142y Ajdola Kortowiady - Kortowiada - najwi\u0119kszy festiwal studencki w Polsce","robots":{"index":"index","follow":"follow","max-snippet":"max-snippet:-1","max-image-preview":"max-image-preview:large","max-video-preview":"max-video-preview:-1"},"canonical":"https:\/\/archiwum.kortowiada.pl\/2022\/finaly-ajdola-kortowiady\/","og_locale":"pl_PL","og_type":"article","og_title":"Fina\u0142y Ajdola Kortowiady - Kortowiada - najwi\u0119kszy festiwal studencki w Polsce","og_description":"[vc_row][vc_column][vc_single_image image=&#8221;3322&#8243; img_size=&#8221;full&#8221;][\/vc_column][\/vc_row][vc_row][vc_column width=&#8221;1\/2&#8243;][vc_icon icon_fontawesome=&#8221;fa fa-map-marker&#8221; color=&#8221;white&#8221; background_style=&#8221;rounded&#8221; background_color=&#8221;green&#8221; size=&#8221;lg&#8221; align=&#8221;center&#8221;][\/vc_column][vc_column width=&#8221;1\/2&#8243;][vc_icon icon_fontawesome=&#8221;fa fa-calendar&#8221; color=&#8221;white&#8221; background_style=&#8221;rounded&#8221; background_color=&#8221;green&#8221; size=&#8221;lg&#8221; align=&#8221;center&#8221;][\/vc_column][\/vc_row][vc_row][vc_column][\/vc_column][\/vc_row][vc_row][vc_column][vc_column_text] Ka\u017cdego roku poszukujemy w Kortowie talent\u00f3w wokalnych: os\u00f3b, kt\u00f3re chc\u0105 spr\u00f3bowa\u0107 swoich si\u0142, by ostatecznie zwyci\u0119\u017cy\u0107 i wyst\u0105pi\u0107 na Scenie G\u0142\u00f3wnej Kortowiady! W tym roku poszukujemy a\u017c trzech takich \u015bmia\u0142k\u00f3w! Na laureat\u00f3w konkursu czekaj\u0105 nagrody! Zwyci\u0119zca&nbsp;Czytaj wi\u0119cej","og_url":"https:\/\/archiwum.kortowiada.pl\/2022\/finaly-ajdola-kortowiady\/","og_site_name":"Kortowiada - najwi\u0119kszy festiwal studencki w Polsce","article_publisher":"https:\/\/www.facebook.com\/kortowiadafestiwal","article_modified_time":"2022-05-24T12:03:53+00:00","og_image":[{"width":1200,"height":628,"url":"https:\/\/archiwum.kortowiada.pl\/2022\/wp-content\/uploads\/2022\/01\/Wydarzenie-PNG.png","type":"image\/png"}],"twitter_card":"summary_large_image","twitter_misc":{"Szacowany czas czytania":"2 minuty"},"schema":{"@context":"https:\/\/schema.org","@graph":[{"@type":"WebPage","@id":"https:\/\/archiwum.kortowiada.pl\/2022\/finaly-ajdola-kortowiady\/","url":"https:\/\/archiwum.kortowiada.pl\/2022\/finaly-ajdola-kortowiady\/","name":"Fina\u0142y Ajdola Kortowiady - Kortowiada - najwi\u0119kszy festiwal studencki w Polsce","isPartOf":{"@id":"https:\/\/archiwum.kortowiada.pl\/2022\/#website"},"datePublished":"2022-05-22T15:40:51+00:00","dateModified":"2022-05-24T12:03:53+00:00","breadcrumb":{"@id":"https:\/\/archiwum.kortowiada.pl\/2022\/finaly-ajdola-kortowiady\/#breadcrumb"},"inLanguage":"pl-PL","potentialAction":[{"@type":"ReadAction","target":["https:\/\/archiwum.kortowiada.pl\/2022\/finaly-ajdola-kortowiady\/"]}]},{"@type":"BreadcrumbList","@id":"https:\/\/archiwum.kortowiada.pl\/2022\/finaly-ajdola-kortowiady\/#breadcrumb","itemListElement":[{"@type":"ListItem","position":1,"name":"Strona g\u0142\u00f3wna","item":"https:\/\/archiwum.kortowiada.pl\/2022\/"},{"@type":"ListItem","position":2,"name":"Fina\u0142y Ajdola Kortowiady"}]},{"@type":"WebSite","@id":"https:\/\/archiwum.kortowiada.pl\/2022\/#website","url":"https:\/\/archiwum.kortowiada.pl\/2022\/","name":"Kortowiada - najwi\u0119kszy festiwal studencki w Polsce","description":"1-4 czerwca 2022, 61. edycja - juwenalia Olsztyn","publisher":{"@id":"https:\/\/archiwum.kortowiada.pl\/2022\/#organization"},"potentialAction":[{"@type":"SearchAction","target":{"@type":"EntryPoint","urlTemplate":"https:\/\/archiwum.kortowiada.pl\/2022\/?s={search_term_string}"},"query-input":"required name=search_term_string"}],"inLanguage":"pl-PL"},{"@type":"Organization","@id":"https:\/\/archiwum.kortowiada.pl\/2022\/#organization","name":"Kortowiada","url":"https:\/\/archiwum.kortowiada.pl\/2022\/","sameAs":["https:\/\/www.instagram.com\/kortowiada\/?hl=pl","https:\/\/www.youtube.com\/channel\/UCZpuhjpJ2XlHxcbT4N2oyFQ","https:\/\/www.facebook.com\/kortowiadafestiwal"],"logo":{"@type":"ImageObject","inLanguage":"pl-PL","@id":"https:\/\/archiwum.kortowiada.pl\/2022\/#\/schema\/logo\/image\/","url":"https:\/\/kortowiada.pl\/wp-content\/uploads\/2021\/05\/favig.png","contentUrl":"https:\/\/kortowiada.pl\/wp-content\/uploads\/2021\/05\/favig.png","width":1080,"height":1080,"caption":"Kortowiada"},"image":{"@id":"https:\/\/archiwum.kortowiada.pl\/2022\/#\/schema\/logo\/image\/"}}]}},"_links":{"self":[{"href":"https:\/\/archiwum.kortowiada.pl\/2022\/wp-json\/wp\/v2\/pages\/3257"}],"collection":[{"href":"https:\/\/archiwum.kortowiada.pl\/2022\/wp-json\/wp\/v2\/pages"}],"about":[{"href":"https:\/\/archiwum.kortowiada.pl\/2022\/wp-json\/wp\/v2\/types\/page"}],"author":[{"embeddable":true,"href":"https:\/\/archiwum.kortowiada.pl\/2022\/wp-json\/wp\/v2\/users\/3"}],"replies":[{"embeddable":true,"href":"https:\/\/archiwum.kortowiada.pl\/2022\/wp-json\/wp\/v2\/comments?post=3257"}],"version-history":[{"count":6,"href":"https:\/\/archiwum.kortowiada.pl\/2022\/wp-json\/wp\/v2\/pages\/3257\/revisions"}],"predecessor-version":[{"id":3323,"href":"https:\/\/archiwum.kortowiada.pl\/2022\/wp-json\/wp\/v2\/pages\/3257\/revisions\/3323"}],"wp:attachment":[{"href":"https:\/\/archiwum.kortowiada.pl\/2022\/wp-json\/wp\/v2\/media?parent=3257"}],"curies":[{"name":"wp","href":"https:\/\/api.w.org\/{rel}","templated":true}]}}