{"id":3273,"date":"2022-05-22T18:22:19","date_gmt":"2022-05-22T16:22:19","guid":{"rendered":"https:\/\/kortowiada.pl\/?page_id=3273"},"modified":"2022-05-22T22:24:55","modified_gmt":"2022-05-22T20:24:55","slug":"1-z-16","status":"publish","type":"page","link":"https:\/\/archiwum.kortowiada.pl\/2022\/1-z-16\/","title":{"rendered":"1 z 16 &#8211; B\u00f3j Wydzia\u0142\u00f3w"},"content":{"rendered":"<p>[vc_row][vc_column][vc_single_image image=&#8221;3201&#8243; img_size=&#8221;full&#8221;][\/vc_column][\/vc_row][vc_row][vc_column width=&#8221;1\/2&#8243;][vc_icon icon_fontawesome=&#8221;fa fa-calendar&#8221; color=&#8221;white&#8221; background_style=&#8221;rounded&#8221; background_color=&#8221;green&#8221; size=&#8221;lg&#8221; align=&#8221;center&#8221;]<div class=\"themeum-title  \" style=\"text-align:center;\"><h3 class=\"style-title\" style=\"color:#567f43;\">Kiedy?<\/h3><h4 class=\"style-sub-title\" style=\"\">3 czerwca (pi\u0105tek) o godzinie 13:00<\/h4><\/div>[\/vc_column][vc_column width=&#8221;1\/2&#8243;][vc_icon icon_fontawesome=&#8221;fa fa-map-marker&#8221; color=&#8221;white&#8221; background_style=&#8221;rounded&#8221; background_color=&#8221;green&#8221; size=&#8221;lg&#8221; align=&#8221;center&#8221;]<div class=\"themeum-title  \" style=\"text-align:center;\"><h3 class=\"style-title\" style=\"color:#567f43;\">Lokalizacja<\/h3><h4 class=\"style-sub-title\" style=\"\">Scena Studencka przy Centrum Konferencyjnym<\/h4><\/div>[\/vc_column][\/vc_row][vc_row][vc_column]<div class=\"themeum-title  \" style=\"text-align:center;\"><h3 class=\"style-title\" style=\"font-size:38px;line-height: normal;color:#567f43;\">Opis wydarzenia<\/h3><\/div>[\/vc_column][\/vc_row][vc_row][vc_column][vc_column_text]<\/p>\n<p style=\"text-align: justify;\"><span data-sheets-value=\"{&quot;1&quot;:2,&quot;2&quot;:&quot;Olszty\u0144ska Kortowiada dostarcza nam niezapomnianych emocji ju\u017c od ponad 60 lat \u2013 co jednak tak w\u0142a\u015bciwie o niej wiemy? Co wiemy o jej uczestnikach? O organizatorach? Historii? Na te wszystkie pytania ju\u017c w pi\u0105tek (03.06) odpowiedz\u0105 nam najlepsi z najlepszych, kt\u00f3rzy z dum\u0105 b\u0119d\u0105 reprezentowa\u0107 ka\u017cdy z 16 wydzia\u0142\u00f3w UWM. Duety Wyk\u0142adowc\u00f3w i Student\u00f3w b\u0119d\u0105 konkurowa\u0107 o miano najlepszych w dw\u00f3ch konkurencjach, kt\u00f3re rozgrzej\u0105 ma\u0142\u0105 scen\u0119 ko\u0142o Centrum Konferencyjnego UWM do czerwono\u015bci. Na swoje 5 minut b\u0119dzie mog\u0142a liczy\u0107 tak\u017ce publiczno\u015b\u0107, tak wi\u0119c nie wyobra\u017camy sobie, \u017ce Was nie b\u0119dzie! Do zobaczenia!&quot;}\" data-sheets-userformat=\"{&quot;2&quot;:15171,&quot;3&quot;:{&quot;1&quot;:0},&quot;4&quot;:{&quot;1&quot;:2,&quot;2&quot;:10797812},&quot;9&quot;:1,&quot;11&quot;:4,&quot;12&quot;:0,&quot;14&quot;:{&quot;1&quot;:2,&quot;2&quot;:0},&quot;15&quot;:&quot;Calibri, sans-serif&quot;,&quot;16&quot;:11}\">Olszty\u0144ska Kortowiada dostarcza nam niezapomnianych emocji ju\u017c od ponad 60 lat \u2013 co jednak tak w\u0142a\u015bciwie o niej wiemy? Co wiemy o jej uczestnikach? O organizatorach? Historii? Na te wszystkie pytania ju\u017c w pi\u0105tek (03.06) odpowiedz\u0105 nam najlepsi z najlepszych, kt\u00f3rzy z dum\u0105 b\u0119d\u0105 reprezentowa\u0107 ka\u017cdy z 16 wydzia\u0142\u00f3w UWM. Duety Wyk\u0142adowc\u00f3w i Student\u00f3w b\u0119d\u0105 konkurowa\u0107 o miano najlepszych w dw\u00f3ch konkurencjach, kt\u00f3re rozgrzej\u0105 ma\u0142\u0105 scen\u0119 ko\u0142o Centrum Konferencyjnego UWM do czerwono\u015bci. Na swoje 5 minut b\u0119dzie mog\u0142a liczy\u0107 tak\u017ce publiczno\u015b\u0107, tak wi\u0119c nie wyobra\u017camy sobie, \u017ce Was nie b\u0119dzie! Do zobaczenia!<\/span><\/p>\n<p>[\/vc_column_text][\/vc_column][\/vc_row][vc_row full_width=&#8221;stretch_row&#8221; css=&#8221;.vc_custom_1645295450741{background: #eff9fd url(https:\/\/kortowiada.pl\/wp-content\/uploads\/2022\/02\/bilety-tlo.png?id=2647) !important;}&#8221;][vc_column width=&#8221;1\/2&#8243; offset=&#8221;vc_hidden-sm vc_hidden-xs&#8221; css=&#8221;.vc_custom_1645167218397{padding-bottom: 10px !important;}&#8221;][vc_single_image image=&#8221;2636&#8243; img_size=&#8221;full&#8221; alignment=&#8221;center&#8221; onclick=&#8221;custom_link&#8221; img_link_target=&#8221;_blank&#8221; link=&#8221;https:\/\/www.ebilet.pl\/muzyka\/festiwale\/kortowiada\/&#8221;][\/vc_column][vc_column width=&#8221;1\/2&#8243; offset=&#8221;vc_hidden-sm vc_hidden-xs&#8221; css=&#8221;.vc_custom_1645167223280{padding-bottom: 10px !important;}&#8221;]<div class=\"themeum-title  rtl-right\" style=\"text-align:center;\"><h3 class=\"style-title\" style=\"padding:0 0 7px 0px;font-weight:700;font-size:70px;line-height: normal;color:#567f43;\">Karnety<\/h3><\/div><div class=\"themeum-title  rtl-right\" style=\"text-align:center;\"><h3 class=\"style-title\" style=\"padding:0 0 7px 0px;font-weight:700;font-size:45px;line-height: normal;color:#567f43;\">dost\u0119pne na<\/h3><\/div>[vc_single_image image=&#8221;2639&#8243; img_size=&#8221;400&#215;110&#8243; alignment=&#8221;center&#8221; onclick=&#8221;custom_link&#8221; img_link_target=&#8221;_blank&#8221; link=&#8221;https:\/\/www.ebilet.pl\/muzyka\/festiwale\/kortowiada\/&#8221; css=&#8221;.vc_custom_1645511674081{padding-top: 50px !important;}&#8221;][\/vc_column][\/vc_row][vc_row full_width=&#8221;stretch_row&#8221; css=&#8221;.vc_custom_1645295256135{background-color: #eff9fd !important;}&#8221;][vc_column offset=&#8221;vc_hidden-lg vc_hidden-md&#8221; css=&#8221;.vc_custom_1645295295638{padding-right: 15% !important;padding-left: 15% !important;}&#8221;][vc_single_image image=&#8221;2636&#8243; img_size=&#8221;full&#8221; alignment=&#8221;center&#8221; onclick=&#8221;custom_link&#8221; img_link_target=&#8221;_blank&#8221; link=&#8221;#&#8221;]<div class=\"themeum-title  rtl-right\" style=\"text-align:center;\"><h3 class=\"style-title\" style=\"padding:0 0 7px 0px;font-weight:700;font-size:60px;line-height: normal;color:#567f43;\">Karnety<\/h3><\/div><div class=\"themeum-title  rtl-right\" style=\"text-align:center;\"><h3 class=\"style-title\" style=\"padding:0 0 7px 0px;font-weight:700;font-size:45px;line-height: normal;color:#567f43;\">dost\u0119pne na<\/h3><\/div>[vc_single_image image=&#8221;2639&#8243; img_size=&#8221;350&#215;97&#8243; alignment=&#8221;center&#8221; onclick=&#8221;custom_link&#8221; img_link_target=&#8221;_blank&#8221; link=&#8221;#&#8221; css=&#8221;.vc_custom_1645295326210{padding-top: 20px !important;}&#8221;][\/vc_column][\/vc_row]<\/p>\n","protected":false},"excerpt":{"rendered":"<p>[vc_row][vc_column][vc_single_image image=&#8221;3201&#8243; img_size=&#8221;full&#8221;][\/vc_column][\/vc_row][vc_row][vc_column width=&#8221;1\/2&#8243;][vc_icon icon_fontawesome=&#8221;fa fa-calendar&#8221; color=&#8221;white&#8221; background_style=&#8221;rounded&#8221; background_color=&#8221;green&#8221; size=&#8221;lg&#8221; align=&#8221;center&#8221;][\/vc_column][vc_column width=&#8221;1\/2&#8243;][vc_icon icon_fontawesome=&#8221;fa fa-map-marker&#8221; color=&#8221;white&#8221; background_style=&#8221;rounded&#8221; background_color=&#8221;green&#8221; size=&#8221;lg&#8221; align=&#8221;center&#8221;][\/vc_column][\/vc_row][vc_row][vc_column][\/vc_column][\/vc_row][vc_row][vc_column][vc_column_text] Olszty\u0144ska Kortowiada dostarcza nam niezapomnianych emocji ju\u017c od ponad 60 lat \u2013 co jednak tak w\u0142a\u015bciwie o niej wiemy? Co wiemy o jej uczestnikach? O organizatorach? Historii? Na te wszystkie pytania ju\u017c w pi\u0105tek (03.06) odpowiedz\u0105&nbsp;<\/p>\n<p><a class=\"btn btn-style\" href=\"https:\/\/archiwum.kortowiada.pl\/2022\/1-z-16\/\">Czytaj wi\u0119cej<\/a><\/p>\n","protected":false},"author":3,"featured_media":0,"parent":0,"menu_order":0,"comment_status":"closed","ping_status":"closed","template":"","meta":[],"yoast_head":"<!-- This site is optimized with the Yoast SEO plugin v19.6.1 - https:\/\/yoast.com\/wordpress\/plugins\/seo\/ -->\n<title>1 z 16 - B\u00f3j Wydzia\u0142\u00f3w - Kortowiada - najwi\u0119kszy festiwal studencki w Polsce<\/title>\n<meta name=\"robots\" content=\"index, follow, max-snippet:-1, max-image-preview:large, max-video-preview:-1\" \/>\n<link rel=\"canonical\" href=\"https:\/\/archiwum.kortowiada.pl\/2022\/1-z-16\/\" \/>\n<meta property=\"og:locale\" content=\"pl_PL\" \/>\n<meta property=\"og:type\" content=\"article\" \/>\n<meta property=\"og:title\" content=\"1 z 16 - B\u00f3j Wydzia\u0142\u00f3w - Kortowiada - najwi\u0119kszy festiwal studencki w Polsce\" \/>\n<meta property=\"og:description\" content=\"[vc_row][vc_column][vc_single_image image=&#8221;3201&#8243; img_size=&#8221;full&#8221;][\/vc_column][\/vc_row][vc_row][vc_column width=&#8221;1\/2&#8243;][vc_icon icon_fontawesome=&#8221;fa fa-calendar&#8221; color=&#8221;white&#8221; background_style=&#8221;rounded&#8221; background_color=&#8221;green&#8221; size=&#8221;lg&#8221; align=&#8221;center&#8221;][\/vc_column][vc_column width=&#8221;1\/2&#8243;][vc_icon icon_fontawesome=&#8221;fa fa-map-marker&#8221; color=&#8221;white&#8221; background_style=&#8221;rounded&#8221; background_color=&#8221;green&#8221; size=&#8221;lg&#8221; align=&#8221;center&#8221;][\/vc_column][\/vc_row][vc_row][vc_column][\/vc_column][\/vc_row][vc_row][vc_column][vc_column_text] Olszty\u0144ska Kortowiada dostarcza nam niezapomnianych emocji ju\u017c od ponad 60 lat \u2013 co jednak tak w\u0142a\u015bciwie o niej wiemy? Co wiemy o jej uczestnikach? O organizatorach? Historii? Na te wszystkie pytania ju\u017c w pi\u0105tek (03.06) odpowiedz\u0105&nbsp;Czytaj wi\u0119cej\" \/>\n<meta property=\"og:url\" content=\"https:\/\/archiwum.kortowiada.pl\/2022\/1-z-16\/\" \/>\n<meta property=\"og:site_name\" content=\"Kortowiada - najwi\u0119kszy festiwal studencki w Polsce\" \/>\n<meta property=\"article:publisher\" content=\"https:\/\/www.facebook.com\/kortowiadafestiwal\" \/>\n<meta property=\"article:modified_time\" content=\"2022-05-22T20:24:55+00:00\" \/>\n<meta property=\"og:image\" content=\"https:\/\/archiwum.kortowiada.pl\/2022\/wp-content\/uploads\/2022\/01\/Wydarzenie-PNG.png\" \/>\n\t<meta property=\"og:image:width\" content=\"1200\" \/>\n\t<meta property=\"og:image:height\" content=\"628\" \/>\n\t<meta property=\"og:image:type\" content=\"image\/png\" \/>\n<meta name=\"twitter:card\" content=\"summary_large_image\" \/>\n<meta name=\"twitter:label1\" content=\"Szacowany czas czytania\" \/>\n\t<meta name=\"twitter:data1\" content=\"2 minuty\" \/>\n<script type=\"application\/ld+json\" class=\"yoast-schema-graph\">{\"@context\":\"https:\/\/schema.org\",\"@graph\":[{\"@type\":\"WebPage\",\"@id\":\"https:\/\/archiwum.kortowiada.pl\/2022\/1-z-16\/\",\"url\":\"https:\/\/archiwum.kortowiada.pl\/2022\/1-z-16\/\",\"name\":\"1 z 16 - B\u00f3j Wydzia\u0142\u00f3w - Kortowiada - najwi\u0119kszy festiwal studencki w Polsce\",\"isPartOf\":{\"@id\":\"https:\/\/archiwum.kortowiada.pl\/2022\/#website\"},\"datePublished\":\"2022-05-22T16:22:19+00:00\",\"dateModified\":\"2022-05-22T20:24:55+00:00\",\"breadcrumb\":{\"@id\":\"https:\/\/archiwum.kortowiada.pl\/2022\/1-z-16\/#breadcrumb\"},\"inLanguage\":\"pl-PL\",\"potentialAction\":[{\"@type\":\"ReadAction\",\"target\":[\"https:\/\/archiwum.kortowiada.pl\/2022\/1-z-16\/\"]}]},{\"@type\":\"BreadcrumbList\",\"@id\":\"https:\/\/archiwum.kortowiada.pl\/2022\/1-z-16\/#breadcrumb\",\"itemListElement\":[{\"@type\":\"ListItem\",\"position\":1,\"name\":\"Strona g\u0142\u00f3wna\",\"item\":\"https:\/\/archiwum.kortowiada.pl\/2022\/\"},{\"@type\":\"ListItem\",\"position\":2,\"name\":\"1 z 16 &#8211; B\u00f3j Wydzia\u0142\u00f3w\"}]},{\"@type\":\"WebSite\",\"@id\":\"https:\/\/archiwum.kortowiada.pl\/2022\/#website\",\"url\":\"https:\/\/archiwum.kortowiada.pl\/2022\/\",\"name\":\"Kortowiada - najwi\u0119kszy festiwal studencki w Polsce\",\"description\":\"1-4 czerwca 2022, 61. edycja - juwenalia Olsztyn\",\"publisher\":{\"@id\":\"https:\/\/archiwum.kortowiada.pl\/2022\/#organization\"},\"potentialAction\":[{\"@type\":\"SearchAction\",\"target\":{\"@type\":\"EntryPoint\",\"urlTemplate\":\"https:\/\/archiwum.kortowiada.pl\/2022\/?s={search_term_string}\"},\"query-input\":\"required name=search_term_string\"}],\"inLanguage\":\"pl-PL\"},{\"@type\":\"Organization\",\"@id\":\"https:\/\/archiwum.kortowiada.pl\/2022\/#organization\",\"name\":\"Kortowiada\",\"url\":\"https:\/\/archiwum.kortowiada.pl\/2022\/\",\"sameAs\":[\"https:\/\/www.instagram.com\/kortowiada\/?hl=pl\",\"https:\/\/www.youtube.com\/channel\/UCZpuhjpJ2XlHxcbT4N2oyFQ\",\"https:\/\/www.facebook.com\/kortowiadafestiwal\"],\"logo\":{\"@type\":\"ImageObject\",\"inLanguage\":\"pl-PL\",\"@id\":\"https:\/\/archiwum.kortowiada.pl\/2022\/#\/schema\/logo\/image\/\",\"url\":\"https:\/\/kortowiada.pl\/wp-content\/uploads\/2021\/05\/favig.png\",\"contentUrl\":\"https:\/\/kortowiada.pl\/wp-content\/uploads\/2021\/05\/favig.png\",\"width\":1080,\"height\":1080,\"caption\":\"Kortowiada\"},\"image\":{\"@id\":\"https:\/\/archiwum.kortowiada.pl\/2022\/#\/schema\/logo\/image\/\"}}]}<\/script>\n<!-- \/ Yoast SEO plugin. -->","yoast_head_json":{"title":"1 z 16 - B\u00f3j Wydzia\u0142\u00f3w - Kortowiada - najwi\u0119kszy festiwal studencki w Polsce","robots":{"index":"index","follow":"follow","max-snippet":"max-snippet:-1","max-image-preview":"max-image-preview:large","max-video-preview":"max-video-preview:-1"},"canonical":"https:\/\/archiwum.kortowiada.pl\/2022\/1-z-16\/","og_locale":"pl_PL","og_type":"article","og_title":"1 z 16 - B\u00f3j Wydzia\u0142\u00f3w - Kortowiada - najwi\u0119kszy festiwal studencki w Polsce","og_description":"[vc_row][vc_column][vc_single_image image=&#8221;3201&#8243; img_size=&#8221;full&#8221;][\/vc_column][\/vc_row][vc_row][vc_column width=&#8221;1\/2&#8243;][vc_icon icon_fontawesome=&#8221;fa fa-calendar&#8221; color=&#8221;white&#8221; background_style=&#8221;rounded&#8221; background_color=&#8221;green&#8221; size=&#8221;lg&#8221; align=&#8221;center&#8221;][\/vc_column][vc_column width=&#8221;1\/2&#8243;][vc_icon icon_fontawesome=&#8221;fa fa-map-marker&#8221; color=&#8221;white&#8221; background_style=&#8221;rounded&#8221; background_color=&#8221;green&#8221; size=&#8221;lg&#8221; align=&#8221;center&#8221;][\/vc_column][\/vc_row][vc_row][vc_column][\/vc_column][\/vc_row][vc_row][vc_column][vc_column_text] Olszty\u0144ska Kortowiada dostarcza nam niezapomnianych emocji ju\u017c od ponad 60 lat \u2013 co jednak tak w\u0142a\u015bciwie o niej wiemy? Co wiemy o jej uczestnikach? O organizatorach? Historii? Na te wszystkie pytania ju\u017c w pi\u0105tek (03.06) odpowiedz\u0105&nbsp;Czytaj wi\u0119cej","og_url":"https:\/\/archiwum.kortowiada.pl\/2022\/1-z-16\/","og_site_name":"Kortowiada - najwi\u0119kszy festiwal studencki w Polsce","article_publisher":"https:\/\/www.facebook.com\/kortowiadafestiwal","article_modified_time":"2022-05-22T20:24:55+00:00","og_image":[{"width":1200,"height":628,"url":"https:\/\/archiwum.kortowiada.pl\/2022\/wp-content\/uploads\/2022\/01\/Wydarzenie-PNG.png","type":"image\/png"}],"twitter_card":"summary_large_image","twitter_misc":{"Szacowany czas czytania":"2 minuty"},"schema":{"@context":"https:\/\/schema.org","@graph":[{"@type":"WebPage","@id":"https:\/\/archiwum.kortowiada.pl\/2022\/1-z-16\/","url":"https:\/\/archiwum.kortowiada.pl\/2022\/1-z-16\/","name":"1 z 16 - B\u00f3j Wydzia\u0142\u00f3w - Kortowiada - najwi\u0119kszy festiwal studencki w Polsce","isPartOf":{"@id":"https:\/\/archiwum.kortowiada.pl\/2022\/#website"},"datePublished":"2022-05-22T16:22:19+00:00","dateModified":"2022-05-22T20:24:55+00:00","breadcrumb":{"@id":"https:\/\/archiwum.kortowiada.pl\/2022\/1-z-16\/#breadcrumb"},"inLanguage":"pl-PL","potentialAction":[{"@type":"ReadAction","target":["https:\/\/archiwum.kortowiada.pl\/2022\/1-z-16\/"]}]},{"@type":"BreadcrumbList","@id":"https:\/\/archiwum.kortowiada.pl\/2022\/1-z-16\/#breadcrumb","itemListElement":[{"@type":"ListItem","position":1,"name":"Strona g\u0142\u00f3wna","item":"https:\/\/archiwum.kortowiada.pl\/2022\/"},{"@type":"ListItem","position":2,"name":"1 z 16 &#8211; B\u00f3j Wydzia\u0142\u00f3w"}]},{"@type":"WebSite","@id":"https:\/\/archiwum.kortowiada.pl\/2022\/#website","url":"https:\/\/archiwum.kortowiada.pl\/2022\/","name":"Kortowiada - najwi\u0119kszy festiwal studencki w Polsce","description":"1-4 czerwca 2022, 61. edycja - juwenalia Olsztyn","publisher":{"@id":"https:\/\/archiwum.kortowiada.pl\/2022\/#organization"},"potentialAction":[{"@type":"SearchAction","target":{"@type":"EntryPoint","urlTemplate":"https:\/\/archiwum.kortowiada.pl\/2022\/?s={search_term_string}"},"query-input":"required name=search_term_string"}],"inLanguage":"pl-PL"},{"@type":"Organization","@id":"https:\/\/archiwum.kortowiada.pl\/2022\/#organization","name":"Kortowiada","url":"https:\/\/archiwum.kortowiada.pl\/2022\/","sameAs":["https:\/\/www.instagram.com\/kortowiada\/?hl=pl","https:\/\/www.youtube.com\/channel\/UCZpuhjpJ2XlHxcbT4N2oyFQ","https:\/\/www.facebook.com\/kortowiadafestiwal"],"logo":{"@type":"ImageObject","inLanguage":"pl-PL","@id":"https:\/\/archiwum.kortowiada.pl\/2022\/#\/schema\/logo\/image\/","url":"https:\/\/kortowiada.pl\/wp-content\/uploads\/2021\/05\/favig.png","contentUrl":"https:\/\/kortowiada.pl\/wp-content\/uploads\/2021\/05\/favig.png","width":1080,"height":1080,"caption":"Kortowiada"},"image":{"@id":"https:\/\/archiwum.kortowiada.pl\/2022\/#\/schema\/logo\/image\/"}}]}},"_links":{"self":[{"href":"https:\/\/archiwum.kortowiada.pl\/2022\/wp-json\/wp\/v2\/pages\/3273"}],"collection":[{"href":"https:\/\/archiwum.kortowiada.pl\/2022\/wp-json\/wp\/v2\/pages"}],"about":[{"href":"https:\/\/archiwum.kortowiada.pl\/2022\/wp-json\/wp\/v2\/types\/page"}],"author":[{"embeddable":true,"href":"https:\/\/archiwum.kortowiada.pl\/2022\/wp-json\/wp\/v2\/users\/3"}],"replies":[{"embeddable":true,"href":"https:\/\/archiwum.kortowiada.pl\/2022\/wp-json\/wp\/v2\/comments?post=3273"}],"version-history":[{"count":4,"href":"https:\/\/archiwum.kortowiada.pl\/2022\/wp-json\/wp\/v2\/pages\/3273\/revisions"}],"predecessor-version":[{"id":3284,"href":"https:\/\/archiwum.kortowiada.pl\/2022\/wp-json\/wp\/v2\/pages\/3273\/revisions\/3284"}],"wp:attachment":[{"href":"https:\/\/archiwum.kortowiada.pl\/2022\/wp-json\/wp\/v2\/media?parent=3273"}],"curies":[{"name":"wp","href":"https:\/\/api.w.org\/{rel}","templated":true}]}}