{"id":3426,"date":"2022-05-29T10:00:44","date_gmt":"2022-05-29T08:00:44","guid":{"rendered":"https:\/\/kortowiada.pl\/?page_id=3426"},"modified":"2022-05-29T10:20:07","modified_gmt":"2022-05-29T08:20:07","slug":"kino-plenerowe","status":"publish","type":"page","link":"https:\/\/archiwum.kortowiada.pl\/2022\/kino-plenerowe\/","title":{"rendered":"Kino Plenerowe"},"content":{"rendered":"<p>[vc_row][vc_column][vc_single_image image=&#8221;3422&#8243; img_size=&#8221;full&#8221;][\/vc_column][\/vc_row][vc_row][vc_column width=&#8221;1\/2&#8243;][vc_icon icon_fontawesome=&#8221;fa fa-calendar&#8221; color=&#8221;white&#8221; background_style=&#8221;rounded&#8221; background_color=&#8221;green&#8221; size=&#8221;lg&#8221; align=&#8221;center&#8221;]<div class=\"themeum-title  \" style=\"text-align:center;\"><h3 class=\"style-title\" style=\"color:#567f43;\">Kiedy?<\/h3><h4 class=\"style-sub-title\" style=\"\">2 czerwca (czwartek) o godzinie 21:30<\/h4><\/div><div class=\"themeum-title  \" style=\"text-align:center;\"><h4 class=\"style-sub-title\" style=\"\">3 czerwca (pi\u0105tek) o godzinie 21:30<\/h4><\/div><div class=\"themeum-title  \" style=\"text-align:center;\"><h4 class=\"style-sub-title\" style=\"\">4 czerwca (sobota) o godzinie 21:30<\/h4><\/div>[\/vc_column][vc_column width=&#8221;1\/2&#8243;][vc_icon icon_fontawesome=&#8221;fa fa-map-marker&#8221; color=&#8221;white&#8221; background_style=&#8221;rounded&#8221; background_color=&#8221;green&#8221; size=&#8221;lg&#8221; align=&#8221;center&#8221;]<div class=\"themeum-title  \" style=\"text-align:center;\"><h3 class=\"style-title\" style=\"color:#567f43;\">Lokalizacja<\/h3><h4 class=\"style-sub-title\" style=\"\">Strefa Kina Plenerowego przy Centrum Konferencyjnym<\/h4><\/div>[\/vc_column][\/vc_row][vc_row][vc_column]<div class=\"themeum-title  \" style=\"text-align:center;\"><h3 class=\"style-title\" style=\"font-size:38px;line-height: normal;color:#567f43;\">Opis wydarzenia<\/h3><\/div>[\/vc_column][\/vc_row][vc_row][vc_column][vc_column_text]<\/p>\n<p style=\"text-align: justify;\">OTO ONE! Oddali\u015bcie ponad 1400 g\u0142os\u00f3w na propozycje film\u00f3w, kt\u00f3re ju\u017c wkr\u00f3tce obejrzymy na kortowiadowym ekranie!<\/p>\n<ol>\n<li style=\"text-align: justify;\">Ch\u0142opaki nie p\u0142acz\u0105<\/li>\n<li style=\"text-align: justify;\">Forrest Gump<\/li>\n<li style=\"text-align: justify;\">Mamma Mia!<\/li>\n<\/ol>\n<p style=\"text-align: justify;\">Kino Plenerowe jest jednym z element\u00f3w projektu \u201eKortowo. Europa. My.\u201d, kt\u00f3ry powsta\u0142 przy wsp\u00f3\u0142pracy z Komisja Europejska w Polsce w ramach Europejskiego Roku M\u0142odzie\u017cy #EYY2022 European Youth! Osoby bior\u0105ce w nim udzia\u0142, zapoznaj\u0105 si\u0119 z za\u0142o\u017ceniami Europejskiego Roku M\u0142odzie\u017cy, a przy okazji ogl\u0105dania kinowych hit\u00f3w wybranych przez samych uczestnik\u00f3w Kortowiady, zobacz\u0105 te\u017c filmy kr\u00f3tkometra\u017cowe m\u0142odych, europejskich tw\u00f3rc\u00f3w z serii #EU&amp;ME Young Filmmakers Competition. Kortowiadowe kino plenerowe rozpoczyna\u0107 si\u0119 b\u0119dzie o godz. 21:30 w dniach od 2 do 4 czerwca w Strefie Kina Plenerowego w pobli\u017cu Sceny Studenckiej przy Centrum Konferencyjnym.<\/p>\n<p style=\"text-align: justify;\">\u2139 Bie\u017c\u0105ce informacje o projektach <strong><a href=\"https:\/\/ec.europa.eu\/info\/index_pl\">Komisji Europejskiej<\/a> <\/strong>oraz <a href=\"https:\/\/europa.eu\/youth\/year-of-youth_pl\"><strong>Europejskiego Roku M\u0142odzie\u017cy<\/strong><\/a> #EYY2022 mo\u017cecie \u015bledzi\u0107 na profilu facebookowym <a href=\"https:\/\/www.facebook.com\/komisjaeuropejska\"><strong>Komisja Europejska<\/strong><\/a> w Polsce oraz na <strong><a href=\"https:\/\/www.facebook.com\/EuropeanYouthEU\">European Youth<\/a><\/strong> ?<\/p>\n<p style=\"text-align: justify;\">\u2139 Wi\u0119cej informacji o projekcie &#8220;Europa. Kortowo. My.&#8221; znajdziecie na stronie <strong><a href=\"https:\/\/russ.uwm.edu.pl\/kortowo-europa-my\/\">podstronie internetowej projektu<\/a><\/strong>.<\/p>\n<p>[\/vc_column_text][\/vc_column][\/vc_row][vc_row full_width=&#8221;stretch_row&#8221; css=&#8221;.vc_custom_1645295450741{background: #eff9fd url(https:\/\/kortowiada.pl\/wp-content\/uploads\/2022\/02\/bilety-tlo.png?id=2647) !important;}&#8221;][vc_column width=&#8221;1\/2&#8243; offset=&#8221;vc_hidden-sm vc_hidden-xs&#8221; css=&#8221;.vc_custom_1645167218397{padding-bottom: 10px !important;}&#8221;][vc_single_image image=&#8221;2636&#8243; img_size=&#8221;full&#8221; alignment=&#8221;center&#8221; onclick=&#8221;custom_link&#8221; img_link_target=&#8221;_blank&#8221; link=&#8221;https:\/\/www.ebilet.pl\/muzyka\/festiwale\/kortowiada\/&#8221;][\/vc_column][vc_column width=&#8221;1\/2&#8243; offset=&#8221;vc_hidden-sm vc_hidden-xs&#8221; css=&#8221;.vc_custom_1645167223280{padding-bottom: 10px !important;}&#8221;]<div class=\"themeum-title  rtl-right\" style=\"text-align:center;\"><h3 class=\"style-title\" style=\"padding:0 0 7px 0px;font-weight:700;font-size:70px;line-height: normal;color:#567f43;\">Karnety<\/h3><\/div><div class=\"themeum-title  rtl-right\" style=\"text-align:center;\"><h3 class=\"style-title\" style=\"padding:0 0 7px 0px;font-weight:700;font-size:45px;line-height: normal;color:#567f43;\">dost\u0119pne na<\/h3><\/div>[vc_single_image image=&#8221;2639&#8243; img_size=&#8221;400&#215;110&#8243; alignment=&#8221;center&#8221; onclick=&#8221;custom_link&#8221; img_link_target=&#8221;_blank&#8221; link=&#8221;https:\/\/www.ebilet.pl\/muzyka\/festiwale\/kortowiada\/&#8221; css=&#8221;.vc_custom_1645511674081{padding-top: 50px !important;}&#8221;][\/vc_column][\/vc_row][vc_row full_width=&#8221;stretch_row&#8221; css=&#8221;.vc_custom_1645295256135{background-color: #eff9fd !important;}&#8221;][vc_column offset=&#8221;vc_hidden-lg vc_hidden-md&#8221; css=&#8221;.vc_custom_1645295295638{padding-right: 15% !important;padding-left: 15% !important;}&#8221;][vc_single_image image=&#8221;2636&#8243; img_size=&#8221;full&#8221; alignment=&#8221;center&#8221; onclick=&#8221;custom_link&#8221; img_link_target=&#8221;_blank&#8221; link=&#8221;#&#8221;]<div class=\"themeum-title  rtl-right\" style=\"text-align:center;\"><h3 class=\"style-title\" style=\"padding:0 0 7px 0px;font-weight:700;font-size:60px;line-height: normal;color:#567f43;\">Karnety<\/h3><\/div><div class=\"themeum-title  rtl-right\" style=\"text-align:center;\"><h3 class=\"style-title\" style=\"padding:0 0 7px 0px;font-weight:700;font-size:45px;line-height: normal;color:#567f43;\">dost\u0119pne na<\/h3><\/div>[vc_single_image image=&#8221;2639&#8243; img_size=&#8221;350&#215;97&#8243; alignment=&#8221;center&#8221; onclick=&#8221;custom_link&#8221; img_link_target=&#8221;_blank&#8221; link=&#8221;#&#8221; css=&#8221;.vc_custom_1645295326210{padding-top: 20px !important;}&#8221;][\/vc_column][\/vc_row]<\/p>\n","protected":false},"excerpt":{"rendered":"<p>[vc_row][vc_column][vc_single_image image=&#8221;3422&#8243; img_size=&#8221;full&#8221;][\/vc_column][\/vc_row][vc_row][vc_column width=&#8221;1\/2&#8243;][vc_icon icon_fontawesome=&#8221;fa fa-calendar&#8221; color=&#8221;white&#8221; background_style=&#8221;rounded&#8221; background_color=&#8221;green&#8221; size=&#8221;lg&#8221; align=&#8221;center&#8221;][\/vc_column][vc_column width=&#8221;1\/2&#8243;][vc_icon icon_fontawesome=&#8221;fa fa-map-marker&#8221; color=&#8221;white&#8221; background_style=&#8221;rounded&#8221; background_color=&#8221;green&#8221; size=&#8221;lg&#8221; align=&#8221;center&#8221;][\/vc_column][\/vc_row][vc_row][vc_column][\/vc_column][\/vc_row][vc_row][vc_column][vc_column_text] OTO ONE! Oddali\u015bcie ponad 1400 g\u0142os\u00f3w na propozycje film\u00f3w, kt\u00f3re ju\u017c wkr\u00f3tce obejrzymy na kortowiadowym ekranie! Ch\u0142opaki nie p\u0142acz\u0105 Forrest Gump Mamma Mia! Kino Plenerowe jest jednym z element\u00f3w projektu \u201eKortowo. Europa. My.\u201d, kt\u00f3ry powsta\u0142 przy&nbsp;<\/p>\n<p><a class=\"btn btn-style\" href=\"https:\/\/archiwum.kortowiada.pl\/2022\/kino-plenerowe\/\">Czytaj wi\u0119cej<\/a><\/p>\n","protected":false},"author":3,"featured_media":0,"parent":0,"menu_order":0,"comment_status":"closed","ping_status":"closed","template":"","meta":[],"yoast_head":"<!-- This site is optimized with the Yoast SEO plugin v19.6.1 - https:\/\/yoast.com\/wordpress\/plugins\/seo\/ -->\n<title>Kino Plenerowe - Kortowiada - najwi\u0119kszy festiwal studencki w Polsce<\/title>\n<meta name=\"robots\" content=\"index, follow, max-snippet:-1, max-image-preview:large, max-video-preview:-1\" \/>\n<link rel=\"canonical\" href=\"https:\/\/archiwum.kortowiada.pl\/2022\/kino-plenerowe\/\" \/>\n<meta property=\"og:locale\" content=\"pl_PL\" \/>\n<meta property=\"og:type\" content=\"article\" \/>\n<meta property=\"og:title\" content=\"Kino Plenerowe - Kortowiada - najwi\u0119kszy festiwal studencki w Polsce\" \/>\n<meta property=\"og:description\" content=\"[vc_row][vc_column][vc_single_image image=&#8221;3422&#8243; img_size=&#8221;full&#8221;][\/vc_column][\/vc_row][vc_row][vc_column width=&#8221;1\/2&#8243;][vc_icon icon_fontawesome=&#8221;fa fa-calendar&#8221; color=&#8221;white&#8221; background_style=&#8221;rounded&#8221; background_color=&#8221;green&#8221; size=&#8221;lg&#8221; align=&#8221;center&#8221;][\/vc_column][vc_column width=&#8221;1\/2&#8243;][vc_icon icon_fontawesome=&#8221;fa fa-map-marker&#8221; color=&#8221;white&#8221; background_style=&#8221;rounded&#8221; background_color=&#8221;green&#8221; size=&#8221;lg&#8221; align=&#8221;center&#8221;][\/vc_column][\/vc_row][vc_row][vc_column][\/vc_column][\/vc_row][vc_row][vc_column][vc_column_text] OTO ONE! Oddali\u015bcie ponad 1400 g\u0142os\u00f3w na propozycje film\u00f3w, kt\u00f3re ju\u017c wkr\u00f3tce obejrzymy na kortowiadowym ekranie! Ch\u0142opaki nie p\u0142acz\u0105 Forrest Gump Mamma Mia! Kino Plenerowe jest jednym z element\u00f3w projektu \u201eKortowo. Europa. My.\u201d, kt\u00f3ry powsta\u0142 przy&nbsp;Czytaj wi\u0119cej\" \/>\n<meta property=\"og:url\" content=\"https:\/\/archiwum.kortowiada.pl\/2022\/kino-plenerowe\/\" \/>\n<meta property=\"og:site_name\" content=\"Kortowiada - najwi\u0119kszy festiwal studencki w Polsce\" \/>\n<meta property=\"article:publisher\" content=\"https:\/\/www.facebook.com\/kortowiadafestiwal\" \/>\n<meta property=\"article:modified_time\" content=\"2022-05-29T08:20:07+00:00\" \/>\n<meta property=\"og:image\" content=\"https:\/\/archiwum.kortowiada.pl\/2022\/wp-content\/uploads\/2022\/01\/Wydarzenie-PNG.png\" \/>\n\t<meta property=\"og:image:width\" content=\"1200\" \/>\n\t<meta property=\"og:image:height\" content=\"628\" \/>\n\t<meta property=\"og:image:type\" content=\"image\/png\" \/>\n<meta name=\"twitter:card\" content=\"summary_large_image\" \/>\n<meta name=\"twitter:label1\" content=\"Szacowany czas czytania\" \/>\n\t<meta name=\"twitter:data1\" content=\"2 minuty\" \/>\n<script type=\"application\/ld+json\" class=\"yoast-schema-graph\">{\"@context\":\"https:\/\/schema.org\",\"@graph\":[{\"@type\":\"WebPage\",\"@id\":\"https:\/\/archiwum.kortowiada.pl\/2022\/kino-plenerowe\/\",\"url\":\"https:\/\/archiwum.kortowiada.pl\/2022\/kino-plenerowe\/\",\"name\":\"Kino Plenerowe - Kortowiada - najwi\u0119kszy festiwal studencki w Polsce\",\"isPartOf\":{\"@id\":\"https:\/\/archiwum.kortowiada.pl\/2022\/#website\"},\"datePublished\":\"2022-05-29T08:00:44+00:00\",\"dateModified\":\"2022-05-29T08:20:07+00:00\",\"breadcrumb\":{\"@id\":\"https:\/\/archiwum.kortowiada.pl\/2022\/kino-plenerowe\/#breadcrumb\"},\"inLanguage\":\"pl-PL\",\"potentialAction\":[{\"@type\":\"ReadAction\",\"target\":[\"https:\/\/archiwum.kortowiada.pl\/2022\/kino-plenerowe\/\"]}]},{\"@type\":\"BreadcrumbList\",\"@id\":\"https:\/\/archiwum.kortowiada.pl\/2022\/kino-plenerowe\/#breadcrumb\",\"itemListElement\":[{\"@type\":\"ListItem\",\"position\":1,\"name\":\"Strona g\u0142\u00f3wna\",\"item\":\"https:\/\/archiwum.kortowiada.pl\/2022\/\"},{\"@type\":\"ListItem\",\"position\":2,\"name\":\"Kino Plenerowe\"}]},{\"@type\":\"WebSite\",\"@id\":\"https:\/\/archiwum.kortowiada.pl\/2022\/#website\",\"url\":\"https:\/\/archiwum.kortowiada.pl\/2022\/\",\"name\":\"Kortowiada - najwi\u0119kszy festiwal studencki w Polsce\",\"description\":\"1-4 czerwca 2022, 61. edycja - juwenalia Olsztyn\",\"publisher\":{\"@id\":\"https:\/\/archiwum.kortowiada.pl\/2022\/#organization\"},\"potentialAction\":[{\"@type\":\"SearchAction\",\"target\":{\"@type\":\"EntryPoint\",\"urlTemplate\":\"https:\/\/archiwum.kortowiada.pl\/2022\/?s={search_term_string}\"},\"query-input\":\"required name=search_term_string\"}],\"inLanguage\":\"pl-PL\"},{\"@type\":\"Organization\",\"@id\":\"https:\/\/archiwum.kortowiada.pl\/2022\/#organization\",\"name\":\"Kortowiada\",\"url\":\"https:\/\/archiwum.kortowiada.pl\/2022\/\",\"sameAs\":[\"https:\/\/www.instagram.com\/kortowiada\/?hl=pl\",\"https:\/\/www.youtube.com\/channel\/UCZpuhjpJ2XlHxcbT4N2oyFQ\",\"https:\/\/www.facebook.com\/kortowiadafestiwal\"],\"logo\":{\"@type\":\"ImageObject\",\"inLanguage\":\"pl-PL\",\"@id\":\"https:\/\/archiwum.kortowiada.pl\/2022\/#\/schema\/logo\/image\/\",\"url\":\"https:\/\/kortowiada.pl\/wp-content\/uploads\/2021\/05\/favig.png\",\"contentUrl\":\"https:\/\/kortowiada.pl\/wp-content\/uploads\/2021\/05\/favig.png\",\"width\":1080,\"height\":1080,\"caption\":\"Kortowiada\"},\"image\":{\"@id\":\"https:\/\/archiwum.kortowiada.pl\/2022\/#\/schema\/logo\/image\/\"}}]}<\/script>\n<!-- \/ Yoast SEO plugin. -->","yoast_head_json":{"title":"Kino Plenerowe - Kortowiada - najwi\u0119kszy festiwal studencki w Polsce","robots":{"index":"index","follow":"follow","max-snippet":"max-snippet:-1","max-image-preview":"max-image-preview:large","max-video-preview":"max-video-preview:-1"},"canonical":"https:\/\/archiwum.kortowiada.pl\/2022\/kino-plenerowe\/","og_locale":"pl_PL","og_type":"article","og_title":"Kino Plenerowe - Kortowiada - najwi\u0119kszy festiwal studencki w Polsce","og_description":"[vc_row][vc_column][vc_single_image image=&#8221;3422&#8243; img_size=&#8221;full&#8221;][\/vc_column][\/vc_row][vc_row][vc_column width=&#8221;1\/2&#8243;][vc_icon icon_fontawesome=&#8221;fa fa-calendar&#8221; color=&#8221;white&#8221; background_style=&#8221;rounded&#8221; background_color=&#8221;green&#8221; size=&#8221;lg&#8221; align=&#8221;center&#8221;][\/vc_column][vc_column width=&#8221;1\/2&#8243;][vc_icon icon_fontawesome=&#8221;fa fa-map-marker&#8221; color=&#8221;white&#8221; background_style=&#8221;rounded&#8221; background_color=&#8221;green&#8221; size=&#8221;lg&#8221; align=&#8221;center&#8221;][\/vc_column][\/vc_row][vc_row][vc_column][\/vc_column][\/vc_row][vc_row][vc_column][vc_column_text] OTO ONE! Oddali\u015bcie ponad 1400 g\u0142os\u00f3w na propozycje film\u00f3w, kt\u00f3re ju\u017c wkr\u00f3tce obejrzymy na kortowiadowym ekranie! Ch\u0142opaki nie p\u0142acz\u0105 Forrest Gump Mamma Mia! Kino Plenerowe jest jednym z element\u00f3w projektu \u201eKortowo. Europa. My.\u201d, kt\u00f3ry powsta\u0142 przy&nbsp;Czytaj wi\u0119cej","og_url":"https:\/\/archiwum.kortowiada.pl\/2022\/kino-plenerowe\/","og_site_name":"Kortowiada - najwi\u0119kszy festiwal studencki w Polsce","article_publisher":"https:\/\/www.facebook.com\/kortowiadafestiwal","article_modified_time":"2022-05-29T08:20:07+00:00","og_image":[{"width":1200,"height":628,"url":"https:\/\/archiwum.kortowiada.pl\/2022\/wp-content\/uploads\/2022\/01\/Wydarzenie-PNG.png","type":"image\/png"}],"twitter_card":"summary_large_image","twitter_misc":{"Szacowany czas czytania":"2 minuty"},"schema":{"@context":"https:\/\/schema.org","@graph":[{"@type":"WebPage","@id":"https:\/\/archiwum.kortowiada.pl\/2022\/kino-plenerowe\/","url":"https:\/\/archiwum.kortowiada.pl\/2022\/kino-plenerowe\/","name":"Kino Plenerowe - Kortowiada - najwi\u0119kszy festiwal studencki w Polsce","isPartOf":{"@id":"https:\/\/archiwum.kortowiada.pl\/2022\/#website"},"datePublished":"2022-05-29T08:00:44+00:00","dateModified":"2022-05-29T08:20:07+00:00","breadcrumb":{"@id":"https:\/\/archiwum.kortowiada.pl\/2022\/kino-plenerowe\/#breadcrumb"},"inLanguage":"pl-PL","potentialAction":[{"@type":"ReadAction","target":["https:\/\/archiwum.kortowiada.pl\/2022\/kino-plenerowe\/"]}]},{"@type":"BreadcrumbList","@id":"https:\/\/archiwum.kortowiada.pl\/2022\/kino-plenerowe\/#breadcrumb","itemListElement":[{"@type":"ListItem","position":1,"name":"Strona g\u0142\u00f3wna","item":"https:\/\/archiwum.kortowiada.pl\/2022\/"},{"@type":"ListItem","position":2,"name":"Kino Plenerowe"}]},{"@type":"WebSite","@id":"https:\/\/archiwum.kortowiada.pl\/2022\/#website","url":"https:\/\/archiwum.kortowiada.pl\/2022\/","name":"Kortowiada - najwi\u0119kszy festiwal studencki w Polsce","description":"1-4 czerwca 2022, 61. edycja - juwenalia Olsztyn","publisher":{"@id":"https:\/\/archiwum.kortowiada.pl\/2022\/#organization"},"potentialAction":[{"@type":"SearchAction","target":{"@type":"EntryPoint","urlTemplate":"https:\/\/archiwum.kortowiada.pl\/2022\/?s={search_term_string}"},"query-input":"required name=search_term_string"}],"inLanguage":"pl-PL"},{"@type":"Organization","@id":"https:\/\/archiwum.kortowiada.pl\/2022\/#organization","name":"Kortowiada","url":"https:\/\/archiwum.kortowiada.pl\/2022\/","sameAs":["https:\/\/www.instagram.com\/kortowiada\/?hl=pl","https:\/\/www.youtube.com\/channel\/UCZpuhjpJ2XlHxcbT4N2oyFQ","https:\/\/www.facebook.com\/kortowiadafestiwal"],"logo":{"@type":"ImageObject","inLanguage":"pl-PL","@id":"https:\/\/archiwum.kortowiada.pl\/2022\/#\/schema\/logo\/image\/","url":"https:\/\/kortowiada.pl\/wp-content\/uploads\/2021\/05\/favig.png","contentUrl":"https:\/\/kortowiada.pl\/wp-content\/uploads\/2021\/05\/favig.png","width":1080,"height":1080,"caption":"Kortowiada"},"image":{"@id":"https:\/\/archiwum.kortowiada.pl\/2022\/#\/schema\/logo\/image\/"}}]}},"_links":{"self":[{"href":"https:\/\/archiwum.kortowiada.pl\/2022\/wp-json\/wp\/v2\/pages\/3426"}],"collection":[{"href":"https:\/\/archiwum.kortowiada.pl\/2022\/wp-json\/wp\/v2\/pages"}],"about":[{"href":"https:\/\/archiwum.kortowiada.pl\/2022\/wp-json\/wp\/v2\/types\/page"}],"author":[{"embeddable":true,"href":"https:\/\/archiwum.kortowiada.pl\/2022\/wp-json\/wp\/v2\/users\/3"}],"replies":[{"embeddable":true,"href":"https:\/\/archiwum.kortowiada.pl\/2022\/wp-json\/wp\/v2\/comments?post=3426"}],"version-history":[{"count":5,"href":"https:\/\/archiwum.kortowiada.pl\/2022\/wp-json\/wp\/v2\/pages\/3426\/revisions"}],"predecessor-version":[{"id":3428,"href":"https:\/\/archiwum.kortowiada.pl\/2022\/wp-json\/wp\/v2\/pages\/3426\/revisions\/3428"}],"wp:attachment":[{"href":"https:\/\/archiwum.kortowiada.pl\/2022\/wp-json\/wp\/v2\/media?parent=3426"}],"curies":[{"name":"wp","href":"https:\/\/api.w.org\/{rel}","templated":true}]}}