{"id":86,"date":"2021-12-14T09:37:15","date_gmt":"2021-12-14T08:37:15","guid":{"rendered":"https:\/\/kortowiada.pl\/?page_id=86"},"modified":"2023-05-18T12:46:50","modified_gmt":"2023-05-18T10:46:50","slug":"regulaminy","status":"publish","type":"page","link":"https:\/\/archiwum.kortowiada.pl\/2023\/regulaminy\/","title":{"rendered":"Regulaminy"},"content":{"rendered":"\t\t<div data-elementor-type=\"wp-page\" data-elementor-id=\"86\" class=\"elementor elementor-86\">\n\t\t\t\t\t\t\t\t\t<section class=\"elementor-section elementor-top-section elementor-element elementor-element-6c6293a elementor-section-boxed elementor-section-height-default elementor-section-height-default\" data-id=\"6c6293a\" data-element_type=\"section\" data-settings=\"{&quot;background_background&quot;:&quot;classic&quot;}\">\n\t\t\t\t\t\t\t<div class=\"elementor-background-overlay\"><\/div>\n\t\t\t\t\t\t\t<div class=\"elementor-container elementor-column-gap-default\">\n\t\t\t\t\t<div class=\"elementor-column elementor-col-100 elementor-top-column elementor-element elementor-element-9d43d8f\" data-id=\"9d43d8f\" data-element_type=\"column\">\n\t\t\t<div class=\"elementor-widget-wrap elementor-element-populated\">\n\t\t\t\t\t\t\t\t<div class=\"elementor-element elementor-element-c535302 elementor-widget elementor-widget-exhibz-feature\" data-id=\"c535302\" data-element_type=\"widget\" data-settings=\"{&quot;ekit_we_effect_on&quot;:&quot;none&quot;}\" data-widget_type=\"exhibz-feature.default\">\n\t\t\t\t<div class=\"elementor-widget-container\">\n\t\t\t \n    \n    \n\t\t\t<div class=\"single-intro-text single-contact-feature\">\n\t\t\t<h3 class=\"ts-title\">Regulamin wydarzenia Kortowiada 2023 \u2013 impreza masowa<\/h3>\n\t\t\t<p>\n\t\t\t\t<br><b><a href=\"\/wp-content\/uploads\/2023\/04\/REGULAMIN-Kortowiada.docx.pdf\">Pobierz regulamin w wersji PDF<\/a><\/b><br><br>\n<b><a href=\"https:\/\/archiwum.kortowiada.pl\/2023\/\/wp-content\/uploads\/2022\/12\/zal-nr-1-do-regulaminu-oswiadczenie-opiekuna-zgoda-na-udzial-maloletniegodocx.pdf\">Za\u0142\u0105cznik 1<br> O\u015bwiadczenie opiekuna ma\u0142oletniego uczestnika imprezy \u201eKortowiada 2023\u201d<\/a><\/b><br><br>Ostatnia aktualizacja regulaminu: 29 kwietnia 2023 r.\t\t\t<\/p>\n\t\t\t<span class=\"count-number icon icon-file-empty\">\n\t\t\t\t\n\t\t\t<\/span>\n\t\t<\/div>\n    \n\t\n\t \n\n    \n    \t\t<\/div>\n\t\t\t\t<\/div>\n\t\t\t\t<div class=\"elementor-element elementor-element-4de8a67 elementor-widget elementor-widget-exhibz-feature\" data-id=\"4de8a67\" data-element_type=\"widget\" data-settings=\"{&quot;ekit_we_effect_on&quot;:&quot;none&quot;}\" data-widget_type=\"exhibz-feature.default\">\n\t\t\t\t<div class=\"elementor-widget-container\">\n\t\t\t \n    \n    \n\t\t\t<div class=\"single-intro-text single-contact-feature\">\n\t\t\t<h3 class=\"ts-title\">Regulamin wydarzenia Kortowiada 2023 \u2013 namiot Silent Party<\/h3>\n\t\t\t<p>\n\t\t\t\t<br><b><a href=\"\/wp-content\/uploads\/2023\/05\/SILENT-PARTY-2023.docx.pdf\">Pobierz regulamin w wersji PDF<\/a><\/b><br><br>\n<b><a href=\"\/wp-content\/uploads\/2023\/03\/OSWIADCZENIE-SILENT-PARTY.pdf\">Za\u0142\u0105cznik 1<br> O\u015bwiadczenie opiekuna ma\u0142oletniego uczestnika imprezy \u201eSilent Party 2023\u201d organizowanej w ramach Kortowiady 2023<\/a><\/b><br><br>Ostatnia aktualizacja regulaminu: 5 maja 2023 r.\t\t\t<\/p>\n\t\t\t<span class=\"count-number icon icon-file-empty\">\n\t\t\t\t\n\t\t\t<\/span>\n\t\t<\/div>\n    \n\t\n\t \n\n    \n    \t\t<\/div>\n\t\t\t\t<\/div>\n\t\t\t\t<div class=\"elementor-element elementor-element-4f9addd elementor-widget elementor-widget-exhibz-feature\" data-id=\"4f9addd\" data-element_type=\"widget\" data-settings=\"{&quot;ekit_we_effect_on&quot;:&quot;none&quot;}\" data-widget_type=\"exhibz-feature.default\">\n\t\t\t\t<div class=\"elementor-widget-container\">\n\t\t\t \n    \n    \n\t\t\t<div class=\"single-intro-text single-contact-feature\">\n\t\t\t<h3 class=\"ts-title\">Regulamin konkursu &quot;KARNETY POD CHOINK\u0118&quot;<\/h3>\n\t\t\t<p>\n\t\t\t\t<br><b><a href=\"\/wp-content\/uploads\/2022\/12\/KONKURS-KARNETY-POD-CHOINKE.pdf\">Pobierz regulamin w wersji PDF<\/a><\/b><br><br>Ostatnia aktualizacja regulaminu: 24 grudnia 2022 r.\n\n\t\t\t<\/p>\n\t\t\t<span class=\"count-number icon icon-file-empty\">\n\t\t\t\t\n\t\t\t<\/span>\n\t\t<\/div>\n    \n\t\n\t \n\n    \n    \t\t<\/div>\n\t\t\t\t<\/div>\n\t\t\t\t\t<\/div>\n\t\t<\/div>\n\t\t\t\t\t\t\t<\/div>\n\t\t<\/section>\n\t\t\t\t\t\t\t<\/div>\n\t\t","protected":false},"excerpt":{"rendered":"<p>Regulamin wydarzenia Kortowiada 2023 \u2013 impreza masowa Pobierz regulamin w wersji PDF Za\u0142\u0105cznik 1 O\u015bwiadczenie opiekuna ma\u0142oletniego uczestnika imprezy \u201eKortowiada 2023\u201d Ostatnia aktualizacja regulaminu: 29 kwietnia 2023 r. Regulamin wydarzenia Kortowiada 2023 \u2013 namiot Silent Party Pobierz regulamin w wersji PDF Za\u0142\u0105cznik 1 O\u015bwiadczenie opiekuna ma\u0142oletniego uczestnika imprezy \u201eSilent Party 2023\u201d organizowanej w ramach Kortowiady [&hellip;]<\/p>\n","protected":false},"author":1,"featured_media":0,"parent":0,"menu_order":0,"comment_status":"closed","ping_status":"closed","template":"elementor_header_footer","meta":{"footnotes":""},"class_list":["post-86","page","type-page","status-publish","hentry"],"yoast_head":"<!-- This site is optimized with the Yoast SEO Premium plugin v20.8 (Yoast SEO v21.1) - https:\/\/yoast.com\/wordpress\/plugins\/seo\/ -->\n<title>Regulaminy - Archiwum 2023 - Kortowiada - najwi\u0119kszy festiwal studencki w Polsce<\/title>\n<meta name=\"description\" content=\"Kortowiada - najwi\u0119ksze juwenalia w Polsce. 62. edycja festiwalu studenckiego. 24-27 maja 2023, Olsztyn, Kortowo. Juwenalia 2023 w Olsztynie.\" \/>\n<meta name=\"robots\" content=\"index, follow, max-snippet:-1, max-image-preview:large, max-video-preview:-1\" \/>\n<link rel=\"canonical\" href=\"https:\/\/archiwum.kortowiada.pl\/2023\/regulaminy\/\" \/>\n<meta property=\"og:locale\" content=\"pl_PL\" \/>\n<meta property=\"og:type\" content=\"article\" \/>\n<meta property=\"og:title\" content=\"Regulaminy\" \/>\n<meta property=\"og:description\" content=\"Kortowiada - najwi\u0119ksze juwenalia w Polsce. 62. edycja festiwalu studenckiego. 24-27 maja 2023, Olsztyn, Kortowo. Juwenalia 2023 w Olsztynie.\" \/>\n<meta property=\"og:url\" content=\"https:\/\/archiwum.kortowiada.pl\/2023\/regulaminy\/\" \/>\n<meta property=\"og:site_name\" content=\"Archiwum 2023 - Kortowiada - najwi\u0119kszy festiwal studencki w Polsce\" \/>\n<meta property=\"article:publisher\" content=\"https:\/\/www.facebook.com\/kortowiadafestiwal\" \/>\n<meta property=\"article:modified_time\" content=\"2023-05-18T10:46:50+00:00\" \/>\n<meta property=\"og:image\" content=\"https:\/\/archiwum.kortowiada.pl\/2023\/wp-content\/uploads\/2022\/12\/1920x1080.jpg\" \/>\n\t<meta property=\"og:image:width\" content=\"1920\" \/>\n\t<meta property=\"og:image:height\" content=\"1080\" \/>\n\t<meta property=\"og:image:type\" content=\"image\/jpeg\" \/>\n<meta name=\"twitter:card\" content=\"summary_large_image\" \/>\n<meta name=\"twitter:label1\" content=\"Szacowany czas czytania\" \/>\n\t<meta name=\"twitter:data1\" content=\"1 minuta\" \/>\n<script type=\"application\/ld+json\" class=\"yoast-schema-graph\">{\"@context\":\"https:\/\/schema.org\",\"@graph\":[{\"@type\":\"WebPage\",\"@id\":\"https:\/\/archiwum.kortowiada.pl\/2023\/regulaminy\/\",\"url\":\"https:\/\/archiwum.kortowiada.pl\/2023\/regulaminy\/\",\"name\":\"Regulaminy - Archiwum 2023 - Kortowiada - najwi\u0119kszy festiwal studencki w Polsce\",\"isPartOf\":{\"@id\":\"https:\/\/archiwum.kortowiada.pl\/2023\/#website\"},\"datePublished\":\"2021-12-14T08:37:15+00:00\",\"dateModified\":\"2023-05-18T10:46:50+00:00\",\"description\":\"Kortowiada - najwi\u0119ksze juwenalia w Polsce. 62. edycja festiwalu studenckiego. 24-27 maja 2023, Olsztyn, Kortowo. Juwenalia 2023 w Olsztynie.\",\"breadcrumb\":{\"@id\":\"https:\/\/archiwum.kortowiada.pl\/2023\/regulaminy\/#breadcrumb\"},\"inLanguage\":\"pl-PL\",\"potentialAction\":[{\"@type\":\"ReadAction\",\"target\":[\"https:\/\/archiwum.kortowiada.pl\/2023\/regulaminy\/\"]}]},{\"@type\":\"BreadcrumbList\",\"@id\":\"https:\/\/archiwum.kortowiada.pl\/2023\/regulaminy\/#breadcrumb\",\"itemListElement\":[{\"@type\":\"ListItem\",\"position\":1,\"name\":\"Strona g\u0142\u00f3wna\",\"item\":\"https:\/\/archiwum.kortowiada.pl\/2023\/\"},{\"@type\":\"ListItem\",\"position\":2,\"name\":\"Regulaminy\"}]},{\"@type\":\"WebSite\",\"@id\":\"https:\/\/archiwum.kortowiada.pl\/2023\/#website\",\"url\":\"https:\/\/archiwum.kortowiada.pl\/2023\/\",\"name\":\"Kortowiada 2023\",\"description\":\"Archiwum 2023 -  24-27 , 62. edycja - juwenalia Olsztyn\",\"publisher\":{\"@id\":\"https:\/\/archiwum.kortowiada.pl\/2023\/#organization\"},\"alternateName\":\"festiwal studencki, juwenalia w Olsztynie\",\"potentialAction\":[{\"@type\":\"SearchAction\",\"target\":{\"@type\":\"EntryPoint\",\"urlTemplate\":\"https:\/\/archiwum.kortowiada.pl\/2023\/?s={search_term_string}\"},\"query-input\":\"required name=search_term_string\"}],\"inLanguage\":\"pl-PL\"},{\"@type\":\"Organization\",\"@id\":\"https:\/\/archiwum.kortowiada.pl\/2023\/#organization\",\"name\":\"Kortowiada - festiwal studencki, juwenalia Olsztyn\",\"alternateName\":\"Juwenalia w Olsztynie 2023\",\"url\":\"https:\/\/archiwum.kortowiada.pl\/2023\/\",\"logo\":{\"@type\":\"ImageObject\",\"inLanguage\":\"pl-PL\",\"@id\":\"https:\/\/archiwum.kortowiada.pl\/2023\/#\/schema\/logo\/image\/\",\"url\":\"https:\/\/kortowiada.pl\/wp-content\/uploads\/2022\/12\/wydarzenie-fb.jpg\",\"contentUrl\":\"https:\/\/kortowiada.pl\/wp-content\/uploads\/2022\/12\/wydarzenie-fb.jpg\",\"width\":1200,\"height\":628,\"caption\":\"Kortowiada - festiwal studencki, juwenalia Olsztyn\"},\"image\":{\"@id\":\"https:\/\/archiwum.kortowiada.pl\/2023\/#\/schema\/logo\/image\/\"},\"sameAs\":[\"https:\/\/www.facebook.com\/kortowiadafestiwal\",\"https:\/\/www.instagram.com\/kortowiada\/\",\"https:\/\/www.tiktok.com\/@kortowiada\",\"https:\/\/www.youtube.com\/channel\/UCZpuhjpJ2XlHxcbT4N2oyFQ\"]}]}<\/script>\n<!-- \/ Yoast SEO Premium plugin. -->","yoast_head_json":{"title":"Regulaminy - Archiwum 2023 - Kortowiada - najwi\u0119kszy festiwal studencki w Polsce","description":"Kortowiada - najwi\u0119ksze juwenalia w Polsce. 62. edycja festiwalu studenckiego. 24-27 maja 2023, Olsztyn, Kortowo. Juwenalia 2023 w Olsztynie.","robots":{"index":"index","follow":"follow","max-snippet":"max-snippet:-1","max-image-preview":"max-image-preview:large","max-video-preview":"max-video-preview:-1"},"canonical":"https:\/\/archiwum.kortowiada.pl\/2023\/regulaminy\/","og_locale":"pl_PL","og_type":"article","og_title":"Regulaminy","og_description":"Kortowiada - najwi\u0119ksze juwenalia w Polsce. 62. edycja festiwalu studenckiego. 24-27 maja 2023, Olsztyn, Kortowo. Juwenalia 2023 w Olsztynie.","og_url":"https:\/\/archiwum.kortowiada.pl\/2023\/regulaminy\/","og_site_name":"Archiwum 2023 - Kortowiada - najwi\u0119kszy festiwal studencki w Polsce","article_publisher":"https:\/\/www.facebook.com\/kortowiadafestiwal","article_modified_time":"2023-05-18T10:46:50+00:00","og_image":[{"width":1920,"height":1080,"url":"https:\/\/archiwum.kortowiada.pl\/2023\/wp-content\/uploads\/2022\/12\/1920x1080.jpg","type":"image\/jpeg"}],"twitter_card":"summary_large_image","twitter_misc":{"Szacowany czas czytania":"1 minuta"},"schema":{"@context":"https:\/\/schema.org","@graph":[{"@type":"WebPage","@id":"https:\/\/archiwum.kortowiada.pl\/2023\/regulaminy\/","url":"https:\/\/archiwum.kortowiada.pl\/2023\/regulaminy\/","name":"Regulaminy - Archiwum 2023 - Kortowiada - najwi\u0119kszy festiwal studencki w Polsce","isPartOf":{"@id":"https:\/\/archiwum.kortowiada.pl\/2023\/#website"},"datePublished":"2021-12-14T08:37:15+00:00","dateModified":"2023-05-18T10:46:50+00:00","description":"Kortowiada - najwi\u0119ksze juwenalia w Polsce. 62. edycja festiwalu studenckiego. 24-27 maja 2023, Olsztyn, Kortowo. Juwenalia 2023 w Olsztynie.","breadcrumb":{"@id":"https:\/\/archiwum.kortowiada.pl\/2023\/regulaminy\/#breadcrumb"},"inLanguage":"pl-PL","potentialAction":[{"@type":"ReadAction","target":["https:\/\/archiwum.kortowiada.pl\/2023\/regulaminy\/"]}]},{"@type":"BreadcrumbList","@id":"https:\/\/archiwum.kortowiada.pl\/2023\/regulaminy\/#breadcrumb","itemListElement":[{"@type":"ListItem","position":1,"name":"Strona g\u0142\u00f3wna","item":"https:\/\/archiwum.kortowiada.pl\/2023\/"},{"@type":"ListItem","position":2,"name":"Regulaminy"}]},{"@type":"WebSite","@id":"https:\/\/archiwum.kortowiada.pl\/2023\/#website","url":"https:\/\/archiwum.kortowiada.pl\/2023\/","name":"Kortowiada 2023","description":"Archiwum 2023 -  24-27 , 62. edycja - juwenalia Olsztyn","publisher":{"@id":"https:\/\/archiwum.kortowiada.pl\/2023\/#organization"},"alternateName":"festiwal studencki, juwenalia w Olsztynie","potentialAction":[{"@type":"SearchAction","target":{"@type":"EntryPoint","urlTemplate":"https:\/\/archiwum.kortowiada.pl\/2023\/?s={search_term_string}"},"query-input":"required name=search_term_string"}],"inLanguage":"pl-PL"},{"@type":"Organization","@id":"https:\/\/archiwum.kortowiada.pl\/2023\/#organization","name":"Kortowiada - festiwal studencki, juwenalia Olsztyn","alternateName":"Juwenalia w Olsztynie 2023","url":"https:\/\/archiwum.kortowiada.pl\/2023\/","logo":{"@type":"ImageObject","inLanguage":"pl-PL","@id":"https:\/\/archiwum.kortowiada.pl\/2023\/#\/schema\/logo\/image\/","url":"https:\/\/kortowiada.pl\/wp-content\/uploads\/2022\/12\/wydarzenie-fb.jpg","contentUrl":"https:\/\/kortowiada.pl\/wp-content\/uploads\/2022\/12\/wydarzenie-fb.jpg","width":1200,"height":628,"caption":"Kortowiada - festiwal studencki, juwenalia Olsztyn"},"image":{"@id":"https:\/\/archiwum.kortowiada.pl\/2023\/#\/schema\/logo\/image\/"},"sameAs":["https:\/\/www.facebook.com\/kortowiadafestiwal","https:\/\/www.instagram.com\/kortowiada\/","https:\/\/www.tiktok.com\/@kortowiada","https:\/\/www.youtube.com\/channel\/UCZpuhjpJ2XlHxcbT4N2oyFQ"]}]}},"_links":{"self":[{"href":"https:\/\/archiwum.kortowiada.pl\/2023\/wp-json\/wp\/v2\/pages\/86","targetHints":{"allow":["GET"]}}],"collection":[{"href":"https:\/\/archiwum.kortowiada.pl\/2023\/wp-json\/wp\/v2\/pages"}],"about":[{"href":"https:\/\/archiwum.kortowiada.pl\/2023\/wp-json\/wp\/v2\/types\/page"}],"author":[{"embeddable":true,"href":"https:\/\/archiwum.kortowiada.pl\/2023\/wp-json\/wp\/v2\/users\/1"}],"replies":[{"embeddable":true,"href":"https:\/\/archiwum.kortowiada.pl\/2023\/wp-json\/wp\/v2\/comments?post=86"}],"version-history":[{"count":55,"href":"https:\/\/archiwum.kortowiada.pl\/2023\/wp-json\/wp\/v2\/pages\/86\/revisions"}],"predecessor-version":[{"id":3123,"href":"https:\/\/archiwum.kortowiada.pl\/2023\/wp-json\/wp\/v2\/pages\/86\/revisions\/3123"}],"wp:attachment":[{"href":"https:\/\/archiwum.kortowiada.pl\/2023\/wp-json\/wp\/v2\/media?parent=86"}],"curies":[{"name":"wp","href":"https:\/\/api.w.org\/{rel}","templated":true}]}}