{"id":1075,"date":"2023-06-02T08:29:23","date_gmt":"2023-06-02T06:29:23","guid":{"rendered":"https:\/\/wgl-demo.net\/itconf\/?page_id=1075"},"modified":"2024-09-09T09:14:25","modified_gmt":"2024-09-09T07:14:25","slug":"regulamin","status":"publish","type":"page","link":"https:\/\/archiwum.kortowiada.pl\/2024\/regulamin\/","title":{"rendered":"Regulamin"},"content":{"rendered":"\t\t<div data-elementor-type=\"wp-page\" data-elementor-id=\"1075\" class=\"elementor elementor-1075\">\n\t\t\t\t\t\t<section class=\"elementor-section elementor-top-section elementor-element elementor-element-a2b1f5b elementor-section-content-middle elementor-section-boxed elementor-section-height-default elementor-section-height-default\" data-id=\"a2b1f5b\" data-element_type=\"section\">\n\t\t\t\t\t\t<div class=\"elementor-container elementor-column-gap-default\">\n\t\t\t\t\t<div class=\"elementor-column elementor-col-100 elementor-top-column elementor-element elementor-element-6a86abe\" data-id=\"6a86abe\" data-element_type=\"column\" data-settings=\"{&quot;background_background&quot;:&quot;classic&quot;}\">\n\t\t\t<div class=\"elementor-widget-wrap elementor-element-populated\">\n\t\t\t\t\t\t<section class=\"elementor-section elementor-inner-section elementor-element elementor-element-21279d9 elementor-section-boxed elementor-section-height-default elementor-section-height-default\" data-id=\"21279d9\" data-element_type=\"section\">\n\t\t\t\t\t\t<div class=\"elementor-container elementor-column-gap-default\">\n\t\t\t\t\t<div class=\"elementor-column elementor-col-100 elementor-inner-column elementor-element elementor-element-7789d3a\" data-id=\"7789d3a\" data-element_type=\"column\">\n\t\t\t<div class=\"elementor-widget-wrap elementor-element-populated\">\n\t\t\t\t\t\t<div class=\"elementor-element elementor-element-00dffa1 button_left aleft elementor-widget-icon-box wgl-icon-box elementor-view-default elementor-widget elementor-widget-wgl-info-box\" data-id=\"00dffa1\" data-element_type=\"widget\" data-widget_type=\"wgl-info-box.default\">\n\t\t\t\t<div class=\"elementor-widget-container\">\n\t\t\t<div class=\"wgl-infobox\"><div class=\"wgl-infobox_wrapper wgl-layout-top\"><div class=\"media-wrapper icon-wrapper\"><span class=\"wgl-icon\" ><i class=\"icon elementor-icon far fa-arrow-alt-circle-down\" aria-hidden=\"true\"><\/i><\/span><\/div><div class=\"content_wrapper\"><div class=\"wgl-infobox-title_wrapper\"><h3 class=\"wgl-infobox_title\"><span class=\"wgl-infobox_title-idle\">REGULAMIN wydarzenia<\/span><\/h3><div class=\"wgl-infobox_subtitle\">Kortowiada 2024 \u2013 impreza masowa<\/div><\/div><div class=\"wgl-infobox-button_wrapper\"><a href=\"https:\/\/archiwum.kortowiada.pl\/2024\/wp-content\/uploads\/2024\/05\/w4-2024-Kortowiada.pdf\" class=\"wgl-infobox_button button-read-more \"><span>pobierz plik PDF<\/span><\/a><\/div><\/div><\/div><\/div>\t\t<\/div>\n\t\t\t\t<\/div>\n\t\t\t\t<div class=\"elementor-element elementor-element-477ceef button_left aleft elementor-widget elementor-widget-wgl-info-box\" data-id=\"477ceef\" data-element_type=\"widget\" data-widget_type=\"wgl-info-box.default\">\n\t\t\t\t<div class=\"elementor-widget-container\">\n\t\t\t<div class=\"wgl-infobox\"><div class=\"wgl-infobox_wrapper\"><div class=\"content_wrapper\"><div class=\"wgl-infobox-title_wrapper\"><\/div><div class=\"wgl-infobox_content\"><p><strong>Za\u0142\u0105cznik 1<\/strong><br \/>O\u015bwiadczenie opiekuna ma\u0142oletniego uczestnika imprezy (pomi\u0119dzy 16 a 18 r\u017c.) \u201eKortowiada 2024\u201d<\/p><\/div><div class=\"wgl-infobox-button_wrapper\"><a href=\"https:\/\/archiwum.kortowiada.pl\/2024\/wp-content\/uploads\/2024\/04\/zal-nr-1-do-regulaminu-oswiadczenie-opiekuna-zgoda-na-udzial-maloletniego.pdf\" class=\"wgl-infobox_button button-read-more \"><span>pobierz plik PDF<\/span><\/a><\/div><\/div><\/div><\/div>\t\t<\/div>\n\t\t\t\t<\/div>\n\t\t\t\t<div class=\"elementor-element elementor-element-9cdf4a5 button_left aleft elementor-widget elementor-widget-wgl-info-box\" data-id=\"9cdf4a5\" data-element_type=\"widget\" data-widget_type=\"wgl-info-box.default\">\n\t\t\t\t<div class=\"elementor-widget-container\">\n\t\t\t<div class=\"wgl-infobox\"><div class=\"wgl-infobox_wrapper\"><div class=\"content_wrapper\"><div class=\"wgl-infobox-title_wrapper\"><\/div><div class=\"wgl-infobox_content\"><p><strong>Za\u0142\u0105cznik 2<\/strong><br \/>O\u015bwiadczenie opiekuna ma\u0142oletniego uczestnika imprezy (poni\u017cej 16 r\u017c.) \u201eKortowiada 2024\u201d<\/p><\/div><div class=\"wgl-infobox-button_wrapper\"><a href=\"https:\/\/archiwum.kortowiada.pl\/2024\/wp-content\/uploads\/2024\/04\/zal-nr-2-do-regulaminu-oswiadczenie-opiekuna-zgoda-na-udzial-maloletniego.pdf\" class=\"wgl-infobox_button button-read-more \"><span>pobierz plik PDF<\/span><\/a><\/div><\/div><\/div><\/div>\t\t<\/div>\n\t\t\t\t<\/div>\n\t\t\t\t\t<\/div>\n\t\t<\/div>\n\t\t\t\t\t<\/div>\n\t\t<\/section>\n\t\t\t\t<div class=\"elementor-element elementor-element-8305dfd button_left aleft elementor-widget-icon-box wgl-icon-box elementor-view-default elementor-widget elementor-widget-wgl-info-box\" data-id=\"8305dfd\" data-element_type=\"widget\" data-widget_type=\"wgl-info-box.default\">\n\t\t\t\t<div class=\"elementor-widget-container\">\n\t\t\t<div class=\"wgl-infobox\"><div class=\"wgl-infobox_wrapper wgl-layout-top\"><div class=\"content_wrapper\"><div class=\"wgl-infobox-title_wrapper\"><div class=\"wgl-infobox_subtitle\">Kortowiada 2024 \u2013 imprezy w namiocie<\/div><\/div><div class=\"wgl-infobox-button_wrapper\"><a href=\"https:\/\/archiwum.kortowiada.pl\/2024\/wp-content\/uploads\/2024\/04\/REGULAMIN-IMPREZ-W-NAMIOCIE-PRZY-WYDZIALE-HUMANISTYCZNYM-KORTOWIADA-2024.pdf\" class=\"wgl-infobox_button button-read-more \"><span>pobierz plik PDF<\/span><\/a><\/div><\/div><\/div><\/div>\t\t<\/div>\n\t\t\t\t<\/div>\n\t\t\t\t<div class=\"elementor-element elementor-element-f83cb8c button_left aleft elementor-widget-icon-box wgl-icon-box elementor-view-default elementor-widget elementor-widget-wgl-info-box\" data-id=\"f83cb8c\" data-element_type=\"widget\" data-widget_type=\"wgl-info-box.default\">\n\t\t\t\t<div class=\"elementor-widget-container\">\n\t\t\t<div class=\"wgl-infobox\"><div class=\"wgl-infobox_wrapper wgl-layout-top\"><div class=\"content_wrapper\"><div class=\"wgl-infobox-title_wrapper\"><div class=\"wgl-infobox_subtitle\">Kortowiada 2024 \u2013 wymiana bilet\u00f3w na opaski festiwalowe<\/div><\/div><div class=\"wgl-infobox-button_wrapper\"><a href=\"https:\/\/archiwum.kortowiada.pl\/2024\/wp-content\/uploads\/2024\/05\/REGULAMIN-WYMIANY.pdf\" class=\"wgl-infobox_button button-read-more \"><span>pobierz plik PDF<\/span><\/a><\/div><\/div><\/div><\/div>\t\t<\/div>\n\t\t\t\t<\/div>\n\t\t\t\t\t<\/div>\n\t\t<\/div>\n\t\t\t\t\t<\/div>\n\t\t<\/section>\n\t\t\t\t<section class=\"elementor-section elementor-top-section elementor-element elementor-element-443d3cd elementor-section-content-middle elementor-section-boxed elementor-section-height-default elementor-section-height-default\" data-id=\"443d3cd\" data-element_type=\"section\">\n\t\t\t\t\t\t<div class=\"elementor-container elementor-column-gap-default\">\n\t\t\t\t\t<div class=\"elementor-column elementor-col-100 elementor-top-column elementor-element elementor-element-172f2c0\" data-id=\"172f2c0\" data-element_type=\"column\" data-settings=\"{&quot;background_background&quot;:&quot;classic&quot;}\">\n\t\t\t<div class=\"elementor-widget-wrap elementor-element-populated\">\n\t\t\t\t\t\t<section class=\"elementor-section elementor-inner-section elementor-element elementor-element-9785598 elementor-section-boxed elementor-section-height-default elementor-section-height-default\" data-id=\"9785598\" data-element_type=\"section\">\n\t\t\t\t\t\t<div class=\"elementor-container elementor-column-gap-default\">\n\t\t\t\t\t<div class=\"elementor-column elementor-col-100 elementor-inner-column elementor-element elementor-element-efaecad\" data-id=\"efaecad\" data-element_type=\"column\">\n\t\t\t<div class=\"elementor-widget-wrap elementor-element-populated\">\n\t\t\t\t\t\t<div class=\"elementor-element elementor-element-b06bb79 button_left aleft elementor-widget-icon-box wgl-icon-box elementor-view-default elementor-widget elementor-widget-wgl-info-box\" data-id=\"b06bb79\" data-element_type=\"widget\" data-widget_type=\"wgl-info-box.default\">\n\t\t\t\t<div class=\"elementor-widget-container\">\n\t\t\t<div class=\"wgl-infobox\"><div class=\"wgl-infobox_wrapper wgl-layout-top\"><div class=\"media-wrapper icon-wrapper\"><span class=\"wgl-icon\" ><i class=\"icon elementor-icon far fa-arrow-alt-circle-down\" aria-hidden=\"true\"><\/i><\/span><\/div><div class=\"content_wrapper\"><div class=\"wgl-infobox-title_wrapper\"><h3 class=\"wgl-infobox_title\"><span class=\"wgl-infobox_title-idle\">REGULAMINy konkurs\u00f3w<\/span><\/h3><div class=\"wgl-infobox_subtitle\">Regulamin Konkursu \u201c#karnet_na 11_tys.\u201d<\/div><\/div><div class=\"wgl-infobox-button_wrapper\"><a href=\"https:\/\/archiwum.kortowiada.pl\/2024\/wp-content\/uploads\/2024\/04\/KONKURS-INSTAGRAM-11-tys.pdf\" class=\"wgl-infobox_button button-read-more \"><span>pobierz plik PDF<\/span><\/a><\/div><\/div><\/div><\/div>\t\t<\/div>\n\t\t\t\t<\/div>\n\t\t\t\t\t<\/div>\n\t\t<\/div>\n\t\t\t\t\t<\/div>\n\t\t<\/section>\n\t\t\t\t\t<\/div>\n\t\t<\/div>\n\t\t\t\t\t<\/div>\n\t\t<\/section>\n\t\t\t\t<section class=\"elementor-section elementor-top-section elementor-element elementor-element-b2b20ba elementor-section-boxed elementor-section-height-default elementor-section-height-default\" data-id=\"b2b20ba\" data-element_type=\"section\" data-settings=\"{&quot;background_background&quot;:&quot;classic&quot;}\">\n\t\t\t\t\t\t<div class=\"elementor-container elementor-column-gap-default\">\n\t\t\t\t\t<div class=\"elementor-column elementor-col-50 elementor-top-column elementor-element elementor-element-e6258e1\" data-id=\"e6258e1\" data-element_type=\"column\">\n\t\t\t<div class=\"elementor-widget-wrap elementor-element-populated\">\n\t\t\t\t\t\t<div class=\"elementor-element elementor-element-ca885b3 elementor-widget__width-initial elementor-widget-mobile__width-inherit aleft elementor-widget elementor-widget-wgl-info-box\" data-id=\"ca885b3\" data-element_type=\"widget\" data-settings=\"{&quot;_animation&quot;:&quot;none&quot;,&quot;_animation_delay&quot;:150,&quot;_animation_mobile&quot;:&quot;none&quot;}\" data-widget_type=\"wgl-info-box.default\">\n\t\t\t\t<div class=\"elementor-widget-container\">\n\t\t\t<div class=\"wgl-infobox\"><a class=\"wgl-infobox__link\" href=\"https:\/\/archiwum.kortowiada.pl\/2024\/bilety\/\"><\/a><div class=\"wgl-infobox_wrapper\"><div class=\"content_wrapper\"><div class=\"wgl-infobox-title_wrapper\"><div class=\"wgl-infobox_title\"><span class=\"wgl-infobox_title-idle\">SPRAWD\u0179 DOST\u0118PNE OPCJE ZAKUPU BILET\u00d3W<\/span><\/div><\/div><div class=\"wgl-infobox_content\"><p>\u0142ap bilety<br \/>zanim uciekn\u0105!<\/p><\/div><\/div><div class=\"wgl-infobox-button_wrapper\"><div  class=\"wgl-infobox_button button-read-more no_text align-icon-left\"><i class=\"read-more-icon flaticon flaticon-right-arrow\" aria-hidden=\"true\"><\/i><\/div><\/div><\/div><\/div>\t\t<\/div>\n\t\t\t\t<\/div>\n\t\t\t\t\t<\/div>\n\t\t<\/div>\n\t\t\t\t<div class=\"elementor-column elementor-col-50 elementor-top-column elementor-element elementor-element-9565357\" data-id=\"9565357\" data-element_type=\"column\">\n\t\t\t<div class=\"elementor-widget-wrap elementor-element-populated\">\n\t\t\t\t\t\t<div class=\"elementor-element elementor-element-2ada02e elementor-widget__width-initial elementor-widget-mobile__width-inherit aleft elementor-widget elementor-widget-wgl-info-box\" data-id=\"2ada02e\" data-element_type=\"widget\" data-settings=\"{&quot;_animation&quot;:&quot;none&quot;,&quot;_animation_delay&quot;:400,&quot;_animation_mobile&quot;:&quot;none&quot;}\" data-widget_type=\"wgl-info-box.default\">\n\t\t\t\t<div class=\"elementor-widget-container\">\n\t\t\t<div class=\"wgl-infobox\"><a class=\"wgl-infobox__link\" href=\"https:\/\/archiwum.kortowiada.pl\/2024\/kontakt\/\"><\/a><div class=\"wgl-infobox_wrapper\"><div class=\"content_wrapper\"><div class=\"wgl-infobox-title_wrapper\"><div class=\"wgl-infobox_title\"><span class=\"wgl-infobox_title-idle\">kontakt<\/span><\/div><\/div><div class=\"wgl-infobox_content\"><p>my\u015blisz o nawi\u0105zaniu wsp\u00f3\u0142pracy? zapraszamy<\/p><\/div><\/div><div class=\"wgl-infobox-button_wrapper\"><div  class=\"wgl-infobox_button button-read-more no_text align-icon-left\"><i class=\"read-more-icon flaticon flaticon-right-arrow\" aria-hidden=\"true\"><\/i><\/div><\/div><\/div><\/div>\t\t<\/div>\n\t\t\t\t<\/div>\n\t\t\t\t\t<\/div>\n\t\t<\/div>\n\t\t\t\t\t<\/div>\n\t\t<\/section>\n\t\t\t\t<\/div>\n\t\t","protected":false},"excerpt":{"rendered":"<p>REGULAMIN wydarzenia Kortowiada 2024 \u2013 impreza masowapobierz plik PDF Za\u0142\u0105cznik 1O\u015bwiadczenie opiekuna ma\u0142oletniego uczestnika imprezy (pomi\u0119dzy 16 a 18 r\u017c.) \u201eKortowiada 2024\u201d pobierz plik PDF Za\u0142\u0105cznik 2O\u015bwiadczenie opiekuna ma\u0142oletniego uczestnika imprezy (poni\u017cej 16 r\u017c.) \u201eKortowiada 2024\u201d pobierz plik PDF Kortowiada 2024 \u2013 imprezy w namiociepobierz plik PDF Kortowiada 2024 \u2013 wymiana bilet\u00f3w na opaski festiwalowepobierz [&hellip;]<\/p>\n","protected":false},"author":3,"featured_media":0,"parent":0,"menu_order":0,"comment_status":"closed","ping_status":"closed","template":"","meta":{"footnotes":""},"class_list":["post-1075","page","type-page","status-publish","hentry"],"yoast_head":"<!-- This site is optimized with the Yoast SEO Premium plugin v23.3 (Yoast SEO v23.4) - https:\/\/yoast.com\/wordpress\/plugins\/seo\/ -->\n<title>Regulamin - Kortowiada 2024 - najwi\u0119ksze juwenalia | 22-25 maja 2024, Olsztyn<\/title>\n<meta name=\"description\" content=\"Future is coming! Kortowiada - juwenalia w Olsztynie - potrwa od 22 do 25 maja 2024 roku. Zr\u00f3b z nami krok w przysz\u0142o\u015b\u0107.\" \/>\n<meta name=\"robots\" content=\"index, follow, max-snippet:-1, max-image-preview:large, max-video-preview:-1\" \/>\n<link rel=\"canonical\" href=\"https:\/\/archiwum.kortowiada.pl\/2024\/regulamin\/\" \/>\n<meta property=\"og:locale\" content=\"pl_PL\" \/>\n<meta property=\"og:type\" content=\"article\" \/>\n<meta property=\"og:title\" content=\"Regulamin - Kortowiada 2024 - najwi\u0119ksze juwenalia | 22-25 maja 2024, Olsztyn\" \/>\n<meta property=\"og:description\" content=\"Future is coming! Kortowiada - juwenalia w Olsztynie - potrwa od 22 do 25 maja 2024 roku. Zr\u00f3b z nami krok w przysz\u0142o\u015b\u0107.\" \/>\n<meta property=\"og:url\" content=\"https:\/\/archiwum.kortowiada.pl\/2024\/regulamin\/\" \/>\n<meta property=\"og:site_name\" content=\"Kortowiada 2024 - najwi\u0119ksze juwenalia | 22-25 maja 2024, Olsztyn\" \/>\n<meta property=\"article:publisher\" content=\"https:\/\/www.facebook.com\/kortowiadafestiwal\" \/>\n<meta property=\"article:modified_time\" content=\"2024-09-09T07:14:25+00:00\" \/>\n<meta property=\"og:image\" content=\"https:\/\/archiwum.kortowiada.pl\/2024\/wp-content\/uploads\/2023\/10\/1200x675px-yoast.jpg\" \/>\n\t<meta property=\"og:image:width\" content=\"1200\" \/>\n\t<meta property=\"og:image:height\" content=\"675\" \/>\n\t<meta property=\"og:image:type\" content=\"image\/jpeg\" \/>\n<meta name=\"twitter:card\" content=\"summary_large_image\" \/>\n<meta name=\"twitter:label1\" content=\"Szacowany czas czytania\" \/>\n\t<meta name=\"twitter:data1\" content=\"1 minuta\" \/>\n<script type=\"application\/ld+json\" class=\"yoast-schema-graph\">{\"@context\":\"https:\/\/schema.org\",\"@graph\":[{\"@type\":\"WebPage\",\"@id\":\"https:\/\/archiwum.kortowiada.pl\/2024\/regulamin\/\",\"url\":\"https:\/\/archiwum.kortowiada.pl\/2024\/regulamin\/\",\"name\":\"Regulamin - Kortowiada 2024 - najwi\u0119ksze juwenalia | 22-25 maja 2024, Olsztyn\",\"isPartOf\":{\"@id\":\"https:\/\/archiwum.kortowiada.pl\/2024\/#website\"},\"datePublished\":\"2023-06-02T06:29:23+00:00\",\"dateModified\":\"2024-09-09T07:14:25+00:00\",\"description\":\"Future is coming! Kortowiada - juwenalia w Olsztynie - potrwa od 22 do 25 maja 2024 roku. Zr\u00f3b z nami krok w przysz\u0142o\u015b\u0107.\",\"breadcrumb\":{\"@id\":\"https:\/\/archiwum.kortowiada.pl\/2024\/regulamin\/#breadcrumb\"},\"inLanguage\":\"pl-PL\",\"potentialAction\":[{\"@type\":\"ReadAction\",\"target\":[\"https:\/\/archiwum.kortowiada.pl\/2024\/regulamin\/\"]}]},{\"@type\":\"BreadcrumbList\",\"@id\":\"https:\/\/archiwum.kortowiada.pl\/2024\/regulamin\/#breadcrumb\",\"itemListElement\":[{\"@type\":\"ListItem\",\"position\":1,\"name\":\"Strona g\u0142\u00f3wna\",\"item\":\"https:\/\/archiwum.kortowiada.pl\/2024\/\"},{\"@type\":\"ListItem\",\"position\":2,\"name\":\"Regulamin\"}]},{\"@type\":\"WebSite\",\"@id\":\"https:\/\/archiwum.kortowiada.pl\/2024\/#website\",\"url\":\"https:\/\/archiwum.kortowiada.pl\/2024\/\",\"name\":\"Kortowiada 2024 - najwi\u0119ksze juwenalia | 22-25 maja 2024, Olsztyn\",\"description\":\"Kortowiada - najwi\u0119kszy festiwal studencki w Polsce\",\"publisher\":{\"@id\":\"https:\/\/archiwum.kortowiada.pl\/2024\/#organization\"},\"alternateName\":\"Kortowiada 2024\",\"potentialAction\":[{\"@type\":\"SearchAction\",\"target\":{\"@type\":\"EntryPoint\",\"urlTemplate\":\"https:\/\/archiwum.kortowiada.pl\/2024\/?s={search_term_string}\"},\"query-input\":{\"@type\":\"PropertyValueSpecification\",\"valueRequired\":true,\"valueName\":\"search_term_string\"}}],\"inLanguage\":\"pl-PL\"},{\"@type\":\"Organization\",\"@id\":\"https:\/\/archiwum.kortowiada.pl\/2024\/#organization\",\"name\":\"Kortowiada\",\"url\":\"https:\/\/archiwum.kortowiada.pl\/2024\/\",\"logo\":{\"@type\":\"ImageObject\",\"inLanguage\":\"pl-PL\",\"@id\":\"https:\/\/archiwum.kortowiada.pl\/2024\/#\/schema\/logo\/image\/\",\"url\":\"https:\/\/kortowiada.pl\/wp-content\/uploads\/2023\/10\/profilowe.jpg\",\"contentUrl\":\"https:\/\/kortowiada.pl\/wp-content\/uploads\/2023\/10\/profilowe.jpg\",\"width\":1080,\"height\":1080,\"caption\":\"Kortowiada\"},\"image\":{\"@id\":\"https:\/\/archiwum.kortowiada.pl\/2024\/#\/schema\/logo\/image\/\"},\"sameAs\":[\"https:\/\/www.facebook.com\/kortowiadafestiwal\",\"https:\/\/www.instagram.com\/kortowiada\/\",\"https:\/\/open.spotify.com\/playlist\/6xTopylrt5MIlY4ABuHpVz?si=89d5873c42ad4e7d\",\"https:\/\/www.tiktok.com\/@kortowiada\",\"https:\/\/www.youtube.com\/channel\/UCZpuhjpJ2XlHxcbT4N2oyFQ\"],\"publishingPrinciples\":\"https:\/\/archiwum.kortowiada.pl\/2024\/aktualnosci\/\"}]}<\/script>\n<!-- \/ Yoast SEO Premium plugin. -->","yoast_head_json":{"title":"Regulamin - Kortowiada 2024 - najwi\u0119ksze juwenalia | 22-25 maja 2024, Olsztyn","description":"Future is coming! Kortowiada - juwenalia w Olsztynie - potrwa od 22 do 25 maja 2024 roku. Zr\u00f3b z nami krok w przysz\u0142o\u015b\u0107.","robots":{"index":"index","follow":"follow","max-snippet":"max-snippet:-1","max-image-preview":"max-image-preview:large","max-video-preview":"max-video-preview:-1"},"canonical":"https:\/\/archiwum.kortowiada.pl\/2024\/regulamin\/","og_locale":"pl_PL","og_type":"article","og_title":"Regulamin - Kortowiada 2024 - najwi\u0119ksze juwenalia | 22-25 maja 2024, Olsztyn","og_description":"Future is coming! Kortowiada - juwenalia w Olsztynie - potrwa od 22 do 25 maja 2024 roku. Zr\u00f3b z nami krok w przysz\u0142o\u015b\u0107.","og_url":"https:\/\/archiwum.kortowiada.pl\/2024\/regulamin\/","og_site_name":"Kortowiada 2024 - najwi\u0119ksze juwenalia | 22-25 maja 2024, Olsztyn","article_publisher":"https:\/\/www.facebook.com\/kortowiadafestiwal","article_modified_time":"2024-09-09T07:14:25+00:00","og_image":[{"width":1200,"height":675,"url":"https:\/\/archiwum.kortowiada.pl\/2024\/wp-content\/uploads\/2023\/10\/1200x675px-yoast.jpg","type":"image\/jpeg"}],"twitter_card":"summary_large_image","twitter_misc":{"Szacowany czas czytania":"1 minuta"},"schema":{"@context":"https:\/\/schema.org","@graph":[{"@type":"WebPage","@id":"https:\/\/archiwum.kortowiada.pl\/2024\/regulamin\/","url":"https:\/\/archiwum.kortowiada.pl\/2024\/regulamin\/","name":"Regulamin - Kortowiada 2024 - najwi\u0119ksze juwenalia | 22-25 maja 2024, Olsztyn","isPartOf":{"@id":"https:\/\/archiwum.kortowiada.pl\/2024\/#website"},"datePublished":"2023-06-02T06:29:23+00:00","dateModified":"2024-09-09T07:14:25+00:00","description":"Future is coming! Kortowiada - juwenalia w Olsztynie - potrwa od 22 do 25 maja 2024 roku. Zr\u00f3b z nami krok w przysz\u0142o\u015b\u0107.","breadcrumb":{"@id":"https:\/\/archiwum.kortowiada.pl\/2024\/regulamin\/#breadcrumb"},"inLanguage":"pl-PL","potentialAction":[{"@type":"ReadAction","target":["https:\/\/archiwum.kortowiada.pl\/2024\/regulamin\/"]}]},{"@type":"BreadcrumbList","@id":"https:\/\/archiwum.kortowiada.pl\/2024\/regulamin\/#breadcrumb","itemListElement":[{"@type":"ListItem","position":1,"name":"Strona g\u0142\u00f3wna","item":"https:\/\/archiwum.kortowiada.pl\/2024\/"},{"@type":"ListItem","position":2,"name":"Regulamin"}]},{"@type":"WebSite","@id":"https:\/\/archiwum.kortowiada.pl\/2024\/#website","url":"https:\/\/archiwum.kortowiada.pl\/2024\/","name":"Kortowiada 2024 - najwi\u0119ksze juwenalia | 22-25 maja 2024, Olsztyn","description":"Kortowiada - najwi\u0119kszy festiwal studencki w Polsce","publisher":{"@id":"https:\/\/archiwum.kortowiada.pl\/2024\/#organization"},"alternateName":"Kortowiada 2024","potentialAction":[{"@type":"SearchAction","target":{"@type":"EntryPoint","urlTemplate":"https:\/\/archiwum.kortowiada.pl\/2024\/?s={search_term_string}"},"query-input":{"@type":"PropertyValueSpecification","valueRequired":true,"valueName":"search_term_string"}}],"inLanguage":"pl-PL"},{"@type":"Organization","@id":"https:\/\/archiwum.kortowiada.pl\/2024\/#organization","name":"Kortowiada","url":"https:\/\/archiwum.kortowiada.pl\/2024\/","logo":{"@type":"ImageObject","inLanguage":"pl-PL","@id":"https:\/\/archiwum.kortowiada.pl\/2024\/#\/schema\/logo\/image\/","url":"https:\/\/kortowiada.pl\/wp-content\/uploads\/2023\/10\/profilowe.jpg","contentUrl":"https:\/\/kortowiada.pl\/wp-content\/uploads\/2023\/10\/profilowe.jpg","width":1080,"height":1080,"caption":"Kortowiada"},"image":{"@id":"https:\/\/archiwum.kortowiada.pl\/2024\/#\/schema\/logo\/image\/"},"sameAs":["https:\/\/www.facebook.com\/kortowiadafestiwal","https:\/\/www.instagram.com\/kortowiada\/","https:\/\/open.spotify.com\/playlist\/6xTopylrt5MIlY4ABuHpVz?si=89d5873c42ad4e7d","https:\/\/www.tiktok.com\/@kortowiada","https:\/\/www.youtube.com\/channel\/UCZpuhjpJ2XlHxcbT4N2oyFQ"],"publishingPrinciples":"https:\/\/archiwum.kortowiada.pl\/2024\/aktualnosci\/"}]}},"_links":{"self":[{"href":"https:\/\/archiwum.kortowiada.pl\/2024\/wp-json\/wp\/v2\/pages\/1075","targetHints":{"allow":["GET"]}}],"collection":[{"href":"https:\/\/archiwum.kortowiada.pl\/2024\/wp-json\/wp\/v2\/pages"}],"about":[{"href":"https:\/\/archiwum.kortowiada.pl\/2024\/wp-json\/wp\/v2\/types\/page"}],"author":[{"embeddable":true,"href":"https:\/\/archiwum.kortowiada.pl\/2024\/wp-json\/wp\/v2\/users\/3"}],"replies":[{"embeddable":true,"href":"https:\/\/archiwum.kortowiada.pl\/2024\/wp-json\/wp\/v2\/comments?post=1075"}],"version-history":[{"count":86,"href":"https:\/\/archiwum.kortowiada.pl\/2024\/wp-json\/wp\/v2\/pages\/1075\/revisions"}],"predecessor-version":[{"id":6491,"href":"https:\/\/archiwum.kortowiada.pl\/2024\/wp-json\/wp\/v2\/pages\/1075\/revisions\/6491"}],"wp:attachment":[{"href":"https:\/\/archiwum.kortowiada.pl\/2024\/wp-json\/wp\/v2\/media?parent=1075"}],"curies":[{"name":"wp","href":"https:\/\/api.w.org\/{rel}","templated":true}]}}