{"id":189,"date":"2023-05-29T09:38:04","date_gmt":"2023-05-29T07:38:04","guid":{"rendered":"https:\/\/wgl-demo.net\/itconf\/?page_id=189"},"modified":"2024-04-04T16:58:00","modified_gmt":"2024-04-04T14:58:00","slug":"kontakt","status":"publish","type":"page","link":"https:\/\/archiwum.kortowiada.pl\/2024\/kontakt\/","title":{"rendered":"Kontakt"},"content":{"rendered":"\t\t<div data-elementor-type=\"wp-page\" data-elementor-id=\"189\" class=\"elementor elementor-189\">\n\t\t\t\t\t\t<section class=\"elementor-section elementor-top-section elementor-element elementor-element-69c9285 elementor-section-boxed elementor-section-height-default elementor-section-height-default\" data-id=\"69c9285\" data-element_type=\"section\">\n\t\t\t\t\t\t<div class=\"elementor-container elementor-column-gap-default\">\n\t\t\t\t\t<div class=\"elementor-column elementor-col-100 elementor-top-column elementor-element elementor-element-6355f2d\" data-id=\"6355f2d\" data-element_type=\"column\">\n\t\t\t<div class=\"elementor-widget-wrap elementor-element-populated\">\n\t\t\t\t\t\t<div class=\"elementor-element elementor-element-a613c3c aleft elementor-widget elementor-widget-wgl-double-heading\" data-id=\"a613c3c\" data-element_type=\"widget\" data-widget_type=\"wgl-double-heading.default\">\n\t\t\t\t<div class=\"elementor-widget-container\">\n\t\t\t<div class=\"wgl-double-heading\"><div class=\"dblh__wrapper\"><a class=\"dblh__link\" href=\"https:\/\/kortowiada.pl\/faqs\/\"><h3 class=\"dblh__title-wrapper\"><span class=\"dblh__title dblh__title-2\">ZANIM ZADASZ PYTANIE PRZECZYTAJ FAQ<\/span><\/h3><\/a><\/div><\/div>\t\t<\/div>\n\t\t\t\t<\/div>\n\t\t\t\t<div class=\"elementor-element elementor-element-f65626c divider-yes aleft elementor-widget elementor-widget-wgl-double-heading\" data-id=\"f65626c\" data-element_type=\"widget\" data-widget_type=\"wgl-double-heading.default\">\n\t\t\t\t<div class=\"elementor-widget-container\">\n\t\t\t<div class=\"wgl-double-heading\"><div class=\"dblh__subtitle\">skontaktuj si\u0119 z nami<\/div><div class=\"dblh__wrapper\"><h3 class=\"dblh__title-wrapper\"><span class=\"dblh__title dblh__title-1\">porozmawiajmy<\/span><\/h3><\/div><\/div>\t\t<\/div>\n\t\t\t\t<\/div>\n\t\t\t\t<div class=\"elementor-element elementor-element-5bf3c33 elementor-widget elementor-widget-spacer\" data-id=\"5bf3c33\" data-element_type=\"widget\" data-widget_type=\"spacer.default\">\n\t\t\t\t<div class=\"elementor-widget-container\">\n\t\t\t\t\t<div class=\"elementor-spacer\">\n\t\t\t<div class=\"elementor-spacer-inner\"><\/div>\n\t\t<\/div>\n\t\t\t\t<\/div>\n\t\t\t\t<\/div>\n\t\t\t\t\t<\/div>\n\t\t<\/div>\n\t\t\t\t\t<\/div>\n\t\t<\/section>\n\t\t\t\t<section class=\"elementor-section elementor-top-section elementor-element elementor-element-cc8f1fc elementor-section-content-middle elementor-section-boxed elementor-section-height-default elementor-section-height-default\" data-id=\"cc8f1fc\" data-element_type=\"section\">\n\t\t\t\t\t\t<div class=\"elementor-container elementor-column-gap-default\">\n\t\t\t\t\t<div class=\"elementor-column elementor-col-50 elementor-top-column elementor-element elementor-element-b448af1\" data-id=\"b448af1\" data-element_type=\"column\">\n\t\t\t<div class=\"elementor-widget-wrap elementor-element-populated\">\n\t\t\t\t\t\t<div class=\"elementor-element elementor-element-ba17381 elementor-widget__width-inherit animation_lifting elementor-widget-tablet__width-initial aleft elementor-widget elementor-widget-wgl-info-box\" data-id=\"ba17381\" data-element_type=\"widget\" data-widget_type=\"wgl-info-box.default\">\n\t\t\t\t<div class=\"elementor-widget-container\">\n\t\t\t<div class=\"wgl-infobox\"><div class=\"wgl-infobox_wrapper\"><div class=\"content_wrapper\"><div class=\"wgl-infobox-title_wrapper\"><h3 class=\"wgl-infobox_title\"><span class=\"wgl-infobox_title-idle\">lokalizacja<\/span><\/h3><\/div><div class=\"wgl-infobox_content\"><p><span>ul. Kanafojskiego 1, pok. 06<\/span><br \/><span>10-722 Olsztyn<\/span><\/p><\/div><div class=\"wgl-infobox-button_wrapper\"><a href=\"mailto:biuro@kortowiada.pl\" class=\"wgl-infobox_button button-read-more  align-icon-left\"><i class=\"read-more-icon flaticon-right\" aria-hidden=\"true\"><\/i><span>biuro@kortowiada.pl<\/span><\/a><\/div><\/div><\/div><\/div>\t\t<\/div>\n\t\t\t\t<\/div>\n\t\t\t\t<div class=\"elementor-element elementor-element-7c79f83 elementor-widget__width-inherit animation_lifting elementor-widget-tablet__width-initial aleft elementor-widget elementor-widget-wgl-info-box\" data-id=\"7c79f83\" data-element_type=\"widget\" data-widget_type=\"wgl-info-box.default\">\n\t\t\t\t<div class=\"elementor-widget-container\">\n\t\t\t<div class=\"wgl-infobox\"><div class=\"wgl-infobox_wrapper\"><div class=\"content_wrapper\"><div class=\"wgl-infobox-title_wrapper\"><h3 class=\"wgl-infobox_title\"><span class=\"wgl-infobox_title-idle\">rzecznik prasowy, media<\/span><\/h3><\/div><div class=\"wgl-infobox-button_wrapper\"><a href=\"mailto:rzecznik@kortowiada.pl\" class=\"wgl-infobox_button button-read-more  align-icon-left\"><i class=\"read-more-icon flaticon-right\" aria-hidden=\"true\"><\/i><span>rzecznik@kortowiada.pl<\/span><\/a><\/div><\/div><\/div><\/div>\t\t<\/div>\n\t\t\t\t<\/div>\n\t\t\t\t<div class=\"elementor-element elementor-element-893653e elementor-widget__width-inherit animation_lifting elementor-widget-tablet__width-initial aleft elementor-widget elementor-widget-wgl-info-box\" data-id=\"893653e\" data-element_type=\"widget\" data-widget_type=\"wgl-info-box.default\">\n\t\t\t\t<div class=\"elementor-widget-container\">\n\t\t\t<div class=\"wgl-infobox\"><div class=\"wgl-infobox_wrapper\"><div class=\"content_wrapper\"><div class=\"wgl-infobox-title_wrapper\"><h3 class=\"wgl-infobox_title\"><span class=\"wgl-infobox_title-idle\">sponsorzy, partnerzy<\/span><\/h3><\/div><div class=\"wgl-infobox-button_wrapper\"><a href=\"mailto:piotr.walejko@kortowiada.pl\" class=\"wgl-infobox_button button-read-more  align-icon-left\"><i class=\"read-more-icon flaticon-right\" aria-hidden=\"true\"><\/i><span>piotr.walejko@kortowiada.pl<\/span><\/a><\/div><\/div><\/div><\/div>\t\t<\/div>\n\t\t\t\t<\/div>\n\t\t\t\t<div class=\"elementor-element elementor-element-38a24e8 elementor-widget__width-inherit animation_lifting elementor-widget-tablet__width-initial aleft elementor-widget elementor-widget-wgl-info-box\" data-id=\"38a24e8\" data-element_type=\"widget\" data-widget_type=\"wgl-info-box.default\">\n\t\t\t\t<div class=\"elementor-widget-container\">\n\t\t\t<div class=\"wgl-infobox\"><div class=\"wgl-infobox_wrapper\"><div class=\"content_wrapper\"><div class=\"wgl-infobox-title_wrapper\"><h3 class=\"wgl-infobox_title\"><span class=\"wgl-infobox_title-idle\">gastronomia, wystawcy<\/span><\/h3><\/div><div class=\"wgl-infobox-button_wrapper\"><a href=\"mailto:stoiska@kortowiada.pl\" class=\"wgl-infobox_button button-read-more  align-icon-left\"><i class=\"read-more-icon flaticon-right\" aria-hidden=\"true\"><\/i><span>stoiska@kortowiada.pl<\/span><\/a><\/div><\/div><\/div><\/div>\t\t<\/div>\n\t\t\t\t<\/div>\n\t\t\t\t<div class=\"elementor-element elementor-element-489a567 elementor-widget elementor-widget-spacer\" data-id=\"489a567\" data-element_type=\"widget\" data-widget_type=\"spacer.default\">\n\t\t\t\t<div class=\"elementor-widget-container\">\n\t\t\t\t\t<div class=\"elementor-spacer\">\n\t\t\t<div class=\"elementor-spacer-inner\"><\/div>\n\t\t<\/div>\n\t\t\t\t<\/div>\n\t\t\t\t<\/div>\n\t\t\t\t\t<\/div>\n\t\t<\/div>\n\t\t\t\t<div class=\"elementor-column elementor-col-50 elementor-top-column elementor-element elementor-element-f85c36c\" data-id=\"f85c36c\" data-element_type=\"column\">\n\t\t\t<div class=\"elementor-widget-wrap elementor-element-populated\">\n\t\t\t\t\t\t<div class=\"elementor-element elementor-element-f35f32f acenter elementor-widget-tablet__width-initial elementor-widget-mobile__width-inherit elementor-widget elementor-widget-wgl-double-heading\" data-id=\"f35f32f\" data-element_type=\"widget\" data-widget_type=\"wgl-double-heading.default\">\n\t\t\t\t<div class=\"elementor-widget-container\">\n\t\t\t<div class=\"wgl-double-heading\"><div class=\"dblh__wrapper\"><h3 class=\"dblh__title-wrapper\"><span class=\"dblh__title dblh__title-1\">WY\u015aLIJ WIADOMO\u015a\u0106<\/span><\/h3><\/div><\/div>\t\t<\/div>\n\t\t\t\t<\/div>\n\t\t\t\t<div class=\"elementor-element elementor-element-459751f acenter a-tabletcenter elementor-widget-tablet__width-initial elementor-widget-mobile__width-inherit elementor-widget elementor-widget-wgl-contact-form-7\" data-id=\"459751f\" data-element_type=\"widget\" data-widget_type=\"wgl-contact-form-7.default\">\n\t\t\t\t<div class=\"elementor-widget-container\">\n\t\t\t<div class=\"wgl-contact-form-7\">\n<div class=\"wpcf7 no-js\" id=\"wpcf7-f791-o1\" lang=\"en-US\" dir=\"ltr\">\n<div class=\"screen-reader-response\"><p role=\"status\" aria-live=\"polite\" aria-atomic=\"true\"><\/p> <ul><\/ul><\/div>\n<form action=\"\/2024\/wp-json\/wp\/v2\/pages\/189#wpcf7-f791-o1\" method=\"post\" class=\"wpcf7-form init\" aria-label=\"Formularz kontaktowy\" novalidate=\"novalidate\" data-status=\"init\">\n<div style=\"display: none;\">\n<input type=\"hidden\" name=\"_wpcf7\" value=\"791\" \/>\n<input type=\"hidden\" name=\"_wpcf7_version\" value=\"5.9.8\" \/>\n<input type=\"hidden\" name=\"_wpcf7_locale\" value=\"en_US\" \/>\n<input type=\"hidden\" name=\"_wpcf7_unit_tag\" value=\"wpcf7-f791-o1\" \/>\n<input type=\"hidden\" name=\"_wpcf7_container_post\" value=\"0\" \/>\n<input type=\"hidden\" name=\"_wpcf7_posted_data_hash\" value=\"\" \/>\n<input type=\"hidden\" name=\"_wpcf7_recaptcha_response\" value=\"\" \/>\n<\/div>\n<div class='row'>\n<div class='wgl_col-6'>\n<span class=\"wpcf7-form-control-wrap\" data-name=\"label-name\"><input size=\"40\" maxlength=\"400\" class=\"wpcf7-form-control wpcf7-text wpcf7-validates-as-required\" aria-required=\"true\" aria-invalid=\"false\" placeholder=\"Imi\u0119\" value=\"\" type=\"text\" name=\"label-name\" \/><\/span>\n<\/div>\n<div class='wgl_col-6'>\n<span class=\"wpcf7-form-control-wrap\" data-name=\"label-email\"><input size=\"40\" maxlength=\"400\" class=\"wpcf7-form-control wpcf7-email wpcf7-validates-as-required wpcf7-text wpcf7-validates-as-email\" aria-required=\"true\" aria-invalid=\"false\" placeholder=\"Email\" value=\"\" type=\"email\" name=\"label-email\" \/><\/span>\n<\/div>\n<div class='wgl_col-12'>\n<span class=\"wpcf7-form-control-wrap\" data-name=\"tel-282\"><input size=\"40\" maxlength=\"400\" class=\"wpcf7-form-control wpcf7-tel wpcf7-validates-as-required wpcf7-text wpcf7-validates-as-tel\" aria-required=\"true\" aria-invalid=\"false\" placeholder=\"Telefon kontaktowy\" value=\"\" type=\"tel\" name=\"tel-282\" \/><\/span>\n<\/div>\n<div class='wgl_col-12'>\n<span class=\"wpcf7-form-control-wrap\" data-name=\"label-textarea\"><textarea cols=\"40\" rows=\"10\" maxlength=\"2000\" class=\"wpcf7-form-control wpcf7-textarea\" aria-invalid=\"false\" placeholder=\"Tre\u015b\u0107 wiadomo\u015bci\" name=\"label-textarea\"><\/textarea><\/span>\n<\/div>\n<div class='wgl_col-12'>\n<div class=\"wgl-button-cf7\">\n<input class=\"wpcf7-form-control wpcf7-submit has-spinner\" type=\"submit\" value=\"wy\u015blij\" \/>\n<i class=\"flaticon flaticon-right\"><\/i>\n<\/div>\n<\/div>\n<\/div><div class=\"wpcf7-response-output\" aria-hidden=\"true\"><\/div>\n<\/form>\n<\/div>\n<\/div>\t\t<\/div>\n\t\t\t\t<\/div>\n\t\t\t\t\t<\/div>\n\t\t<\/div>\n\t\t\t\t\t<\/div>\n\t\t<\/section>\n\t\t\t\t<section class=\"elementor-section elementor-top-section elementor-element elementor-element-3fa6428 elementor-section-boxed elementor-section-height-default elementor-section-height-default\" data-id=\"3fa6428\" data-element_type=\"section\">\n\t\t\t\t\t\t<div class=\"elementor-container elementor-column-gap-default\">\n\t\t\t\t\t<div class=\"elementor-column elementor-col-100 elementor-top-column elementor-element elementor-element-e3b41d7\" data-id=\"e3b41d7\" data-element_type=\"column\">\n\t\t\t<div class=\"elementor-widget-wrap elementor-element-populated\">\n\t\t\t\t\t\t<div class=\"elementor-element elementor-element-4ad1482 elementor-widget elementor-widget-spacer\" data-id=\"4ad1482\" data-element_type=\"widget\" data-widget_type=\"spacer.default\">\n\t\t\t\t<div class=\"elementor-widget-container\">\n\t\t\t\t\t<div class=\"elementor-spacer\">\n\t\t\t<div class=\"elementor-spacer-inner\"><\/div>\n\t\t<\/div>\n\t\t\t\t<\/div>\n\t\t\t\t<\/div>\n\t\t\t\t<div class=\"elementor-element elementor-element-3d6263f elementor-widget elementor-widget-google_maps\" data-id=\"3d6263f\" data-element_type=\"widget\" data-widget_type=\"google_maps.default\">\n\t\t\t\t<div class=\"elementor-widget-container\">\n\t\t\t\t\t<div class=\"elementor-custom-embed\">\n\t\t\t<iframe loading=\"lazy\"\n\t\t\t\t\tsrc=\"https:\/\/maps.google.com\/maps?q=Czes%C5%82awa%20Kanafojskiego%201&#038;t=m&#038;z=10&#038;output=embed&#038;iwloc=near\"\n\t\t\t\t\ttitle=\"Czes\u0142awa Kanafojskiego 1\"\n\t\t\t\t\taria-label=\"Czes\u0142awa Kanafojskiego 1\"\n\t\t\t><\/iframe>\n\t\t<\/div>\n\t\t\t\t<\/div>\n\t\t\t\t<\/div>\n\t\t\t\t<div class=\"elementor-element elementor-element-f48cc72 elementor-widget elementor-widget-spacer\" data-id=\"f48cc72\" data-element_type=\"widget\" data-widget_type=\"spacer.default\">\n\t\t\t\t<div class=\"elementor-widget-container\">\n\t\t\t\t\t<div class=\"elementor-spacer\">\n\t\t\t<div class=\"elementor-spacer-inner\"><\/div>\n\t\t<\/div>\n\t\t\t\t<\/div>\n\t\t\t\t<\/div>\n\t\t\t\t\t<\/div>\n\t\t<\/div>\n\t\t\t\t\t<\/div>\n\t\t<\/section>\n\t\t\t\t<\/div>\n\t\t","protected":false},"excerpt":{"rendered":"<p>ZANIM ZADASZ PYTANIE PRZECZYTAJ FAQ skontaktuj si\u0119 z nami porozmawiajmy lokalizacja ul. Kanafojskiego 1, pok. 0610-722 Olsztyn biuro@kortowiada.pl rzecznik prasowy, media rzecznik@kortowiada.pl sponsorzy, partnerzy piotr.walejko@kortowiada.pl gastronomia, wystawcy stoiska@kortowiada.pl WY\u015aLIJ WIADOMO\u015a\u0106<\/p>\n","protected":false},"author":3,"featured_media":0,"parent":0,"menu_order":0,"comment_status":"closed","ping_status":"closed","template":"","meta":{"footnotes":""},"class_list":["post-189","page","type-page","status-publish","hentry"],"yoast_head":"<!-- This site is optimized with the Yoast SEO Premium plugin v23.3 (Yoast SEO v23.4) - https:\/\/yoast.com\/wordpress\/plugins\/seo\/ -->\n<title>Kontakt - Kortowiada 2024 - najwi\u0119ksze juwenalia | 22-25 maja 2024, Olsztyn<\/title>\n<meta name=\"description\" content=\"Future is coming! Kortowiada - juwenalia w Olsztynie - potrwa od 22 do 25 maja 2024 roku. Zr\u00f3b z nami krok w przysz\u0142o\u015b\u0107.\" \/>\n<meta name=\"robots\" content=\"index, follow, max-snippet:-1, max-image-preview:large, max-video-preview:-1\" \/>\n<link rel=\"canonical\" href=\"https:\/\/archiwum.kortowiada.pl\/2024\/kontakt\/\" \/>\n<meta property=\"og:locale\" content=\"pl_PL\" \/>\n<meta property=\"og:type\" content=\"article\" \/>\n<meta property=\"og:title\" content=\"Kontakt - Kortowiada 2024 - najwi\u0119ksze juwenalia | 22-25 maja 2024, Olsztyn\" \/>\n<meta property=\"og:description\" content=\"Future is coming! Kortowiada - juwenalia w Olsztynie - potrwa od 22 do 25 maja 2024 roku. Zr\u00f3b z nami krok w przysz\u0142o\u015b\u0107.\" \/>\n<meta property=\"og:url\" content=\"https:\/\/archiwum.kortowiada.pl\/2024\/kontakt\/\" \/>\n<meta property=\"og:site_name\" content=\"Kortowiada 2024 - najwi\u0119ksze juwenalia | 22-25 maja 2024, Olsztyn\" \/>\n<meta property=\"article:publisher\" content=\"https:\/\/www.facebook.com\/kortowiadafestiwal\" \/>\n<meta property=\"article:modified_time\" content=\"2024-04-04T14:58:00+00:00\" \/>\n<meta property=\"og:image\" content=\"https:\/\/archiwum.kortowiada.pl\/2024\/wp-content\/uploads\/2023\/10\/1200x675px-yoast.jpg\" \/>\n\t<meta property=\"og:image:width\" content=\"1200\" \/>\n\t<meta property=\"og:image:height\" content=\"675\" \/>\n\t<meta property=\"og:image:type\" content=\"image\/jpeg\" \/>\n<meta name=\"twitter:card\" content=\"summary_large_image\" \/>\n<meta name=\"twitter:label1\" content=\"Szacowany czas czytania\" \/>\n\t<meta name=\"twitter:data1\" content=\"1 minuta\" \/>\n<script type=\"application\/ld+json\" class=\"yoast-schema-graph\">{\"@context\":\"https:\/\/schema.org\",\"@graph\":[{\"@type\":\"WebPage\",\"@id\":\"https:\/\/archiwum.kortowiada.pl\/2024\/kontakt\/\",\"url\":\"https:\/\/archiwum.kortowiada.pl\/2024\/kontakt\/\",\"name\":\"Kontakt - Kortowiada 2024 - najwi\u0119ksze juwenalia | 22-25 maja 2024, Olsztyn\",\"isPartOf\":{\"@id\":\"https:\/\/archiwum.kortowiada.pl\/2024\/#website\"},\"datePublished\":\"2023-05-29T07:38:04+00:00\",\"dateModified\":\"2024-04-04T14:58:00+00:00\",\"description\":\"Future is coming! Kortowiada - juwenalia w Olsztynie - potrwa od 22 do 25 maja 2024 roku. Zr\u00f3b z nami krok w przysz\u0142o\u015b\u0107.\",\"breadcrumb\":{\"@id\":\"https:\/\/archiwum.kortowiada.pl\/2024\/kontakt\/#breadcrumb\"},\"inLanguage\":\"pl-PL\",\"potentialAction\":[{\"@type\":\"ReadAction\",\"target\":[\"https:\/\/archiwum.kortowiada.pl\/2024\/kontakt\/\"]}]},{\"@type\":\"BreadcrumbList\",\"@id\":\"https:\/\/archiwum.kortowiada.pl\/2024\/kontakt\/#breadcrumb\",\"itemListElement\":[{\"@type\":\"ListItem\",\"position\":1,\"name\":\"Strona g\u0142\u00f3wna\",\"item\":\"https:\/\/archiwum.kortowiada.pl\/2024\/\"},{\"@type\":\"ListItem\",\"position\":2,\"name\":\"Kontakt\"}]},{\"@type\":\"WebSite\",\"@id\":\"https:\/\/archiwum.kortowiada.pl\/2024\/#website\",\"url\":\"https:\/\/archiwum.kortowiada.pl\/2024\/\",\"name\":\"Kortowiada 2024 - najwi\u0119ksze juwenalia | 22-25 maja 2024, Olsztyn\",\"description\":\"Kortowiada - najwi\u0119kszy festiwal studencki w Polsce\",\"publisher\":{\"@id\":\"https:\/\/archiwum.kortowiada.pl\/2024\/#organization\"},\"alternateName\":\"Kortowiada 2024\",\"potentialAction\":[{\"@type\":\"SearchAction\",\"target\":{\"@type\":\"EntryPoint\",\"urlTemplate\":\"https:\/\/archiwum.kortowiada.pl\/2024\/?s={search_term_string}\"},\"query-input\":{\"@type\":\"PropertyValueSpecification\",\"valueRequired\":true,\"valueName\":\"search_term_string\"}}],\"inLanguage\":\"pl-PL\"},{\"@type\":\"Organization\",\"@id\":\"https:\/\/archiwum.kortowiada.pl\/2024\/#organization\",\"name\":\"Kortowiada\",\"url\":\"https:\/\/archiwum.kortowiada.pl\/2024\/\",\"logo\":{\"@type\":\"ImageObject\",\"inLanguage\":\"pl-PL\",\"@id\":\"https:\/\/archiwum.kortowiada.pl\/2024\/#\/schema\/logo\/image\/\",\"url\":\"https:\/\/kortowiada.pl\/wp-content\/uploads\/2023\/10\/profilowe.jpg\",\"contentUrl\":\"https:\/\/kortowiada.pl\/wp-content\/uploads\/2023\/10\/profilowe.jpg\",\"width\":1080,\"height\":1080,\"caption\":\"Kortowiada\"},\"image\":{\"@id\":\"https:\/\/archiwum.kortowiada.pl\/2024\/#\/schema\/logo\/image\/\"},\"sameAs\":[\"https:\/\/www.facebook.com\/kortowiadafestiwal\",\"https:\/\/www.instagram.com\/kortowiada\/\",\"https:\/\/open.spotify.com\/playlist\/6xTopylrt5MIlY4ABuHpVz?si=89d5873c42ad4e7d\",\"https:\/\/www.tiktok.com\/@kortowiada\",\"https:\/\/www.youtube.com\/channel\/UCZpuhjpJ2XlHxcbT4N2oyFQ\"],\"publishingPrinciples\":\"https:\/\/archiwum.kortowiada.pl\/2024\/aktualnosci\/\"}]}<\/script>\n<!-- \/ Yoast SEO Premium plugin. -->","yoast_head_json":{"title":"Kontakt - Kortowiada 2024 - najwi\u0119ksze juwenalia | 22-25 maja 2024, Olsztyn","description":"Future is coming! Kortowiada - juwenalia w Olsztynie - potrwa od 22 do 25 maja 2024 roku. Zr\u00f3b z nami krok w przysz\u0142o\u015b\u0107.","robots":{"index":"index","follow":"follow","max-snippet":"max-snippet:-1","max-image-preview":"max-image-preview:large","max-video-preview":"max-video-preview:-1"},"canonical":"https:\/\/archiwum.kortowiada.pl\/2024\/kontakt\/","og_locale":"pl_PL","og_type":"article","og_title":"Kontakt - Kortowiada 2024 - najwi\u0119ksze juwenalia | 22-25 maja 2024, Olsztyn","og_description":"Future is coming! Kortowiada - juwenalia w Olsztynie - potrwa od 22 do 25 maja 2024 roku. Zr\u00f3b z nami krok w przysz\u0142o\u015b\u0107.","og_url":"https:\/\/archiwum.kortowiada.pl\/2024\/kontakt\/","og_site_name":"Kortowiada 2024 - najwi\u0119ksze juwenalia | 22-25 maja 2024, Olsztyn","article_publisher":"https:\/\/www.facebook.com\/kortowiadafestiwal","article_modified_time":"2024-04-04T14:58:00+00:00","og_image":[{"width":1200,"height":675,"url":"https:\/\/archiwum.kortowiada.pl\/2024\/wp-content\/uploads\/2023\/10\/1200x675px-yoast.jpg","type":"image\/jpeg"}],"twitter_card":"summary_large_image","twitter_misc":{"Szacowany czas czytania":"1 minuta"},"schema":{"@context":"https:\/\/schema.org","@graph":[{"@type":"WebPage","@id":"https:\/\/archiwum.kortowiada.pl\/2024\/kontakt\/","url":"https:\/\/archiwum.kortowiada.pl\/2024\/kontakt\/","name":"Kontakt - Kortowiada 2024 - najwi\u0119ksze juwenalia | 22-25 maja 2024, Olsztyn","isPartOf":{"@id":"https:\/\/archiwum.kortowiada.pl\/2024\/#website"},"datePublished":"2023-05-29T07:38:04+00:00","dateModified":"2024-04-04T14:58:00+00:00","description":"Future is coming! Kortowiada - juwenalia w Olsztynie - potrwa od 22 do 25 maja 2024 roku. Zr\u00f3b z nami krok w przysz\u0142o\u015b\u0107.","breadcrumb":{"@id":"https:\/\/archiwum.kortowiada.pl\/2024\/kontakt\/#breadcrumb"},"inLanguage":"pl-PL","potentialAction":[{"@type":"ReadAction","target":["https:\/\/archiwum.kortowiada.pl\/2024\/kontakt\/"]}]},{"@type":"BreadcrumbList","@id":"https:\/\/archiwum.kortowiada.pl\/2024\/kontakt\/#breadcrumb","itemListElement":[{"@type":"ListItem","position":1,"name":"Strona g\u0142\u00f3wna","item":"https:\/\/archiwum.kortowiada.pl\/2024\/"},{"@type":"ListItem","position":2,"name":"Kontakt"}]},{"@type":"WebSite","@id":"https:\/\/archiwum.kortowiada.pl\/2024\/#website","url":"https:\/\/archiwum.kortowiada.pl\/2024\/","name":"Kortowiada 2024 - najwi\u0119ksze juwenalia | 22-25 maja 2024, Olsztyn","description":"Kortowiada - najwi\u0119kszy festiwal studencki w Polsce","publisher":{"@id":"https:\/\/archiwum.kortowiada.pl\/2024\/#organization"},"alternateName":"Kortowiada 2024","potentialAction":[{"@type":"SearchAction","target":{"@type":"EntryPoint","urlTemplate":"https:\/\/archiwum.kortowiada.pl\/2024\/?s={search_term_string}"},"query-input":{"@type":"PropertyValueSpecification","valueRequired":true,"valueName":"search_term_string"}}],"inLanguage":"pl-PL"},{"@type":"Organization","@id":"https:\/\/archiwum.kortowiada.pl\/2024\/#organization","name":"Kortowiada","url":"https:\/\/archiwum.kortowiada.pl\/2024\/","logo":{"@type":"ImageObject","inLanguage":"pl-PL","@id":"https:\/\/archiwum.kortowiada.pl\/2024\/#\/schema\/logo\/image\/","url":"https:\/\/kortowiada.pl\/wp-content\/uploads\/2023\/10\/profilowe.jpg","contentUrl":"https:\/\/kortowiada.pl\/wp-content\/uploads\/2023\/10\/profilowe.jpg","width":1080,"height":1080,"caption":"Kortowiada"},"image":{"@id":"https:\/\/archiwum.kortowiada.pl\/2024\/#\/schema\/logo\/image\/"},"sameAs":["https:\/\/www.facebook.com\/kortowiadafestiwal","https:\/\/www.instagram.com\/kortowiada\/","https:\/\/open.spotify.com\/playlist\/6xTopylrt5MIlY4ABuHpVz?si=89d5873c42ad4e7d","https:\/\/www.tiktok.com\/@kortowiada","https:\/\/www.youtube.com\/channel\/UCZpuhjpJ2XlHxcbT4N2oyFQ"],"publishingPrinciples":"https:\/\/archiwum.kortowiada.pl\/2024\/aktualnosci\/"}]}},"_links":{"self":[{"href":"https:\/\/archiwum.kortowiada.pl\/2024\/wp-json\/wp\/v2\/pages\/189","targetHints":{"allow":["GET"]}}],"collection":[{"href":"https:\/\/archiwum.kortowiada.pl\/2024\/wp-json\/wp\/v2\/pages"}],"about":[{"href":"https:\/\/archiwum.kortowiada.pl\/2024\/wp-json\/wp\/v2\/types\/page"}],"author":[{"embeddable":true,"href":"https:\/\/archiwum.kortowiada.pl\/2024\/wp-json\/wp\/v2\/users\/3"}],"replies":[{"embeddable":true,"href":"https:\/\/archiwum.kortowiada.pl\/2024\/wp-json\/wp\/v2\/comments?post=189"}],"version-history":[{"count":17,"href":"https:\/\/archiwum.kortowiada.pl\/2024\/wp-json\/wp\/v2\/pages\/189\/revisions"}],"predecessor-version":[{"id":4826,"href":"https:\/\/archiwum.kortowiada.pl\/2024\/wp-json\/wp\/v2\/pages\/189\/revisions\/4826"}],"wp:attachment":[{"href":"https:\/\/archiwum.kortowiada.pl\/2024\/wp-json\/wp\/v2\/media?parent=189"}],"curies":[{"name":"wp","href":"https:\/\/api.w.org\/{rel}","templated":true}]}}