{"id":3,"date":"2023-09-15T19:06:36","date_gmt":"2023-09-15T17:06:36","guid":{"rendered":"http:\/\/kortowiada.pl\/?page_id=3"},"modified":"2023-09-28T17:55:05","modified_gmt":"2023-09-28T15:55:05","slug":"polityka-prywatnosci","status":"publish","type":"page","link":"https:\/\/archiwum.kortowiada.pl\/2024\/polityka-prywatnosci\/","title":{"rendered":"Polityka prywatno\u015bci"},"content":{"rendered":"\n<h2 class=\"wp-block-heading has-medium-font-size\">Polityka prywatno\u015bci dla strony internetowej www.kortowiada.pl<\/h2>\n\n\n\n<p class=\"has-small-font-size\">Niniejsza Polityka stanowi podstawow\u0105 informacj\u0119 o celach, sposobach przetwarzania oraz bezpiecze\u0144stwie danych osobowych, jako u\u017cytkownika strony: kortowiada.pl (zwanej dalej Stron\u0105). Zapoznaj\u0105c si\u0119 z Polityk\u0105 prywatno\u015bci dowiesz si\u0119 kto jest administratorem Twoich danych osobowych, jakie dane osobowe s\u0105 przez Stron\u0119 zbierane, w jakich celach s\u0105 wykorzystywane oraz jak s\u0105 chronione.<\/p>\n\n\n\n<h2 class=\"wp-block-heading has-medium-font-size\">\u00a71. Informacje podstawowe<\/h2>\n\n\n\n<ol class=\"wp-block-list\">\n<li class=\"has-small-font-size\">Administratorem Twoich danych osobowych jest&nbsp;Fundacja Samorz\u0105du Student\u00f3w Uniwersytetu Warmi\u0144sko-Mazurskiego; KRS 0000323881; NIP 7393732688; REGON 510934506 z siedzib\u0105 w Olsztynie (10-722) ul. Kanafojskiego 1\/06.<\/li>\n\n\n\n<li class=\"has-small-font-size\">Kontakt z Administratorem jest mo\u017cliwy za po\u015brednictwem&nbsp;poczty e-mail:&nbsp;<a href=\"mailto:biuro@kortowiada.pl\">biuro@kortowiada.pl<\/a><\/li>\n<\/ol>\n\n\n\n<h2 class=\"wp-block-heading has-medium-font-size\">\u00a72. Zasady przetwarzania danych<\/h2>\n\n\n\n<p class=\"has-small-font-size\">Administrator przetwarza dane osobowe z poszanowaniem nast\u0119puj\u0105cych zasad:<\/p>\n\n\n\n<ul class=\"wp-block-list\">\n<li class=\"has-small-font-size\">w oparciu o podstaw\u0119 prawn\u0105 i zgodnie z prawem (legalizm),<\/li>\n\n\n\n<li class=\"has-small-font-size\">rzetelnie i uczciwie (rzetelno\u015b\u0107),<\/li>\n\n\n\n<li class=\"has-small-font-size\">w spos\u00f3b przejrzysty dla osoby, kt\u00f3rej dane dotycz\u0105 (transparentno\u015b\u0107),<\/li>\n\n\n\n<li class=\"has-small-font-size\">w konkretnych celach i nie \u201ena zapas\u201d (minimalizacja),<\/li>\n\n\n\n<li class=\"has-small-font-size\">nie wi\u0119cej ni\u017c potrzeba (adekwatno\u015b\u0107),<\/li>\n\n\n\n<li class=\"has-small-font-size\">z dba\u0142o\u015bci\u0105 o prawid\u0142owo\u015b\u0107 danych (prawid\u0142owo\u015b\u0107),<\/li>\n\n\n\n<li class=\"has-small-font-size\">nie d\u0142u\u017cej ni\u017c potrzeba (czasowo\u015b\u0107),<\/li>\n\n\n\n<li class=\"has-small-font-size\">zapewniaj\u0105c odpowiednie bezpiecze\u0144stwo danych (bezpiecze\u0144stwo).<\/li>\n<\/ul>\n\n\n\n<h2 class=\"wp-block-heading has-medium-font-size\">\u00a73. Cele, podstawy prawne i zakres przetwarzania danych<\/h2>\n\n\n\n<ol class=\"wp-block-list\">\n<li class=\"has-small-font-size\">Twoje dane b\u0119dziemy przetwarza\u0107:\n<ul class=\"wp-block-list\">\n<li>w celach kontaktowych, aby udzieli\u0107 ci odpowiedzi na Twoj\u0105 wiadomo\u015b\u0107 przes\u0142an\u0105 nam bezpo\u015brednio drog\u0105 e-mailow\u0105 lub za po\u015brednictwem formularza na podstawie realizacji prawnie uzasadnionego interesu Administratora zwi\u0105zanego z konieczno\u015bci\u0105 udzielenia Ci&nbsp;odpowiedzi,<\/li>\n\n\n\n<li>w celach marketingowych, je\u015bli zapisa\u0142e\u015b si\u0119 na newsletter,<\/li>\n\n\n\n<li>w celach statystycznych, analitycznych oraz monitorowania ruchu na Stronie przy u\u017cyciu plik\u00f3w cookies na podstawie realizacji prawnie uzasadnionego interesu Administratora zwi\u0105zanego z prawid\u0142owym dzia\u0142aniem i funkcjonowaniem Strony oraz prowadzeniem analizy ruchu na stronie.<\/li>\n<\/ul>\n<\/li>\n\n\n\n<li class=\"has-small-font-size\">Przetwarzamy Twoje dane w zakresie:\n<ul class=\"wp-block-list\">\n<li>je\u015bli prze\u015blesz nam wiadomo\u015b\u0107 e-mail to b\u0119dziemy przetwarza\u0107 dane, kt\u00f3re b\u0119d\u0105 w niej zawarte. Przekazanie nam danych w e-mailu nast\u0119puje dobrowolnie. W ka\u017cdym czasie mo\u017cesz zwr\u00f3ci\u0107 si\u0119 do nas z pro\u015bb\u0105 o usuni\u0119cie tych danych,<\/li>\n\n\n\n<li>je\u015bli zapiszesz si\u0119 na newsletter to b\u0119dziemy przetwarza\u0107 Tw\u00f3j adres e-mail. Zapis na newsletter jest dobrowolny i w ka\u017cdym czasie mo\u017cesz z niego zrezygnowa\u0107,<\/li>\n\n\n\n<li>je\u015bli skorzystasz z formularza kontaktowego na naszej stronie to b\u0119dziemy przetwarza\u0107 dane w postaci twojego adresu e-mail oraz imienia. Podanie tych danych stanowi warunek udzielenia przez nas odpowiedzi na Twoje zapytanie,<\/li>\n\n\n\n<li>pozosta\u0142e dane, kt\u00f3re Administrator przetwarza to adres IP i inne dane zapisywane w plikach cookies, kt\u00f3re s\u0142u\u017c\u0105 Administratorowi do analizy korzystania przez Ciebie i innych u\u017cytkownik\u00f3w Strony. Przetwarzanie danych w tym zakresie mo\u017ce zosta\u0107 wstrzymane po z\u0142o\u017ceniu przez Ciebie sprzeciwu.<\/li>\n<\/ul>\n<\/li>\n<\/ol>\n\n\n\n<h2 class=\"wp-block-heading has-medium-font-size\">\u00a74. Odbiorcy danych<\/h2>\n\n\n\n<p class=\"has-small-font-size\">Odbiorcami Twoich danych osobowych s\u0105:<\/p>\n\n\n\n<ul class=\"wp-block-list\">\n<li class=\"has-small-font-size\">podmiot dostarczaj\u0105cy oprogramowanie do analizy ruchu naszej stronie (np. Google Analytics);<\/li>\n\n\n\n<li class=\"has-small-font-size\">podmiot odpowiedzialne za poprawne dzia\u0142anie strony internetowej i sklepu internetowego (hostingodawca, podmiot zapewniaj\u0105cy nam wsparcie techniczne\/IT,&nbsp;osoby wsp\u00f3\u0142pracuj\u0105ce z nami na podstawie um\u00f3w cywilnoprawnych),<\/li>\n\n\n\n<li class=\"has-small-font-size\">je\u015bli zapisa\u0142e\u015b si\u0119 na newsletter Twoje dane b\u0119d\u0105 przekazane do podmiotu&nbsp; zapewniaj\u0105cego wysy\u0142k\u0119 newslettera lub wiadomo\u015bci marketingowych,<\/li>\n\n\n\n<li class=\"has-small-font-size\">Pa\u0144stwa dane osobowe mog\u0105 by\u0107 przekazywane i przechowywane w miejscu docelowym poza Europejskim Obszarem Gospodarczym (\u201eEOG\u201d) w zwi\u0105zku z transgranicznym charakterem dzia\u0142alno\u015bci Administratora. Jednocze\u015bnie Administrator informuje, \u017ce przekazuj\u0105c dane zapewnia odpowiednie zabezpieczenia i skuteczne \u015brodki ochrony prawnej poprzez zawarcie z odbiorcami danych um\u00f3w z wykorzystaniem standardowych klauzul ochrony danych okre\u015blonych przez Komisj\u0119 Europejsk\u0105 w aktualnie obowi\u0105zuj\u0105cej decyzji w tym zakresie.<\/li>\n<\/ul>\n\n\n\n<h2 class=\"wp-block-heading has-medium-font-size\">\u00a75. Termin przechowywania danych<\/h2>\n\n\n\n<p class=\"has-small-font-size\">Twoje dane b\u0119dziemy przetwarza\u0107 w zale\u017cno\u015bci od sposobu ich przekazana:&nbsp;<\/p>\n\n\n\n<ul class=\"wp-block-list\">\n<li class=\"has-small-font-size\">nawi\u0105zanie z nami kontaktu droga mailowa lub za po\u015brednictwem formularza: do momentu z\u0142o\u017cenia przez Ciebie \u017c\u0105dania usuni\u0119cia tych danych lub sprzeciwu wobec przetwarzania, ale r\u00f3wnie\u017c w przypadku, w kt\u00f3rym uznamy, \u017ce zrealizowali\u015bmy prawnie uzasadniony interes Administratora,<\/li>\n\n\n\n<li class=\"has-small-font-size\">subskrypcja newsletter: do czasu cofni\u0119cia przez Ciebie subskrypcji.<\/li>\n<\/ul>\n\n\n\n<h2 class=\"wp-block-heading has-medium-font-size\">\u00a76. Prawa u\u017cytkownik\u00f3w<\/h2>\n\n\n\n<ol class=\"wp-block-list\">\n<li class=\"has-small-font-size\">W zwi\u0105zku z przetwarzaniem Twoich danych przys\u0142uguj\u0105 Ci nast\u0119puj\u0105ce prawa:\n<ul class=\"wp-block-list\">\n<li>dost\u0119pu do tre\u015bci swoich danych,<\/li>\n\n\n\n<li>prawo ich sprostowania, usuni\u0119cia, ograniczenia przetwarzania,<\/li>\n\n\n\n<li>prawo do przenoszenia danych,<\/li>\n\n\n\n<li>prawo wniesienia sprzeciwu,<\/li>\n\n\n\n<li>prawo do cofni\u0119cia zgody na ich przetwarzanie w dowolnym momencie i w dowolnej formie, chyba \u017ce przetwarzanie Twoich danych odbywa si\u0119 w celu wykonywania umowy przez Administratora, w celu wywi\u0105zania si\u0119 przez Administratora z obowi\u0105zk\u00f3w prawnych wzgl\u0119dem instytucji pa\u0144stwowych lub w celu realizacji prawnie uzasadnionych interes\u00f3w Administratora.<\/li>\n<\/ul>\n<\/li>\n\n\n\n<li class=\"has-small-font-size\">Masz tak\u017ce prawo wniesienia skargi do Prezesa Urz\u0119du Ochrony Danych Osobowych (na adres Urz\u0119du Ochrony Danych Osobowych, ul. Stawki 2, 00-193 Warszawa).<\/li>\n\n\n\n<li class=\"has-small-font-size\">Wi\u0119cej informacji w przedmiocie ochrony danych osobowych mo\u017cesz otrzyma\u0107 na stronie internetowej Urz\u0119du Ochrony Danych Osobowych: www.uodo.gov.pl<\/li>\n<\/ol>\n\n\n\n<h2 class=\"wp-block-heading has-medium-font-size\">\u00a77. Pliki cookies<\/h2>\n\n\n\n<ol class=\"wp-block-list\">\n<li class=\"has-small-font-size\">Pliki cookies (tzw. \u201eciasteczka\u201d) stanowi\u0105 dane informatyczne, w szczeg\u00f3lno\u015bci pliki tekstowe, kt\u00f3re przechowywane s\u0105 w urz\u0105dzeniu ko\u0144cowym, czyli Twoim komputerze, laptopie lub smartfonie, w zale\u017cno\u015bci jakiego urz\u0105dzenia u\u017cywasz do ogl\u0105dania Strony. Cookies zazwyczaj zawieraj\u0105 nazw\u0119 strony internetowej, z kt\u00f3rej pochodz\u0105, czas przechowywania ich na urz\u0105dzeniu ko\u0144cowym oraz unikalny numer. Sam mo\u017cesz zadecydowa\u0107 o formie wykorzystania cookies \u2013 ustawienia te s\u0105 dost\u0119pne w ka\u017cdej przegl\u0105darce internetowej.<\/li>\n\n\n\n<li class=\"has-small-font-size\">Pliki cookies s\u0142u\u017c\u0105 przede wszystkim twojej wygodzie \u2013 dzi\u0119ki ich u\u017cyciu, znacznie skraca si\u0119 czas \u0142adowania strony podczas kolejnych odwiedzin.<\/li>\n\n\n\n<li class=\"has-small-font-size\">Cechy plik\u00f3w cookies:\n<ul class=\"wp-block-list\">\n<li>dostosowuj\u0105 zawarto\u015b\u0107 stron internetowych serwisu do U\u017cytkownika,<\/li>\n\n\n\n<li>optymalizuj\u0105 poruszanie U\u017cytkownika na stronie, w szczeg\u00f3lno\u015bci pliki te pozwalaj\u0105 rozpozna\u0107 urz\u0105dzenie, za pomoc\u0105, kt\u00f3rego wy\u015bwietlana jest strona i tak ustawi\u0107 jej parametry, by nawigacja nie sprawia\u0142a problem\u00f3w i zoptymalizowana pod wzgl\u0119dem indywidualnych potrzeb U\u017cytkownika,<\/li>\n\n\n\n<li>pozwalaj\u0105 wy\u015bwietli\u0107 stron\u0119 internetow\u0105, dostosowan\u0105 do Twoich indywidualnych potrzeb,<\/li>\n\n\n\n<li>tworz\u0105 statystyki, dzi\u0119ki kt\u00f3rym Administrator wie, kt\u00f3re tre\u015bci ciesz\u0105 si\u0119 zainteresowaniem U\u017cytkownik\u00f3 Pozwala to na ci\u0105g\u0142e ulepszanie strony i tak\u0105 konstrukcj\u0119 tre\u015bci, kt\u00f3ra b\u0119dzie odpowiada\u0142a osobom odwiedzaj\u0105cym stron\u0119,<\/li>\n\n\n\n<li>pozwalaj\u0105 na wielokrotne wykorzystanie opcji logowania przez U\u017cytkownika, co jest dla Ciebie du\u017co wygodniejsze, gdy\u017c podczas przemieszczania si\u0119 po stronie i wielokrotnych odwiedzin nie jeste\u015b zmuszony do ka\u017cdorazowego wpisywania loginu i has\u0142<\/li>\n<\/ul>\n<\/li>\n\n\n\n<li class=\"has-small-font-size\">W ramach Strony stosowane s\u0105 dwa zasadnicze rodzaje plik\u00f3w cookies: \u201esesyjne\u201d (session cookies) oraz \u201esta\u0142e\u201d (persistent cookies). Cookies \u201esesyjne\u201d s\u0105 plikami tymczasowymi, kt\u00f3re przechowywane s\u0105 w urz\u0105dzeniu ko\u0144cowym U\u017cytkownika do czasu wylogowania, opuszczenia strony internetowej lub wy\u0142\u0105czenia oprogramowania (przegl\u0105darki internetowej). \u201eSta\u0142e\u201d pliki cookies przechowywane s\u0105 w urz\u0105dzeniu ko\u0144cowym U\u017cytkownika przez czas okre\u015blony w parametrach plik\u00f3w cookies lub do czasu ich usuni\u0119cia przez U\u017cytkownika.<\/li>\n\n\n\n<li class=\"has-small-font-size\">U\u017cytkownik mo\u017ce w ka\u017cdym momencie usun\u0105\u0107 pliki cookies.<\/li>\n\n\n\n<li class=\"has-small-font-size\">Wprowadzone przez u\u017cytkownika ograniczenia stosowania plik\u00f3w cookies mog\u0105 wp\u0142yn\u0105\u0107 na niekt\u00f3re funkcjonalno\u015bci Strony, znacznie utrudniaj\u0105c swobodne korzystanie ze wszystkich jego opcji.<\/li>\n\n\n\n<li class=\"has-small-font-size\">Pliki cookies s\u0105 zamieszczane w urz\u0105dzeniu ko\u0144cowym U\u017cytkownika i wykorzystywane mog\u0105 by\u0107 r\u00f3wnie\u017c przez wsp\u00f3\u0142pracuj\u0105cych z operatorem Strony reklamodawc\u00f3w oraz innych partner\u00f3 U\u017cytkownik jednak\u017ce w ka\u017cdej chwili mo\u017ce je usun\u0105\u0107.<\/li>\n\n\n\n<li class=\"has-small-font-size\">Wi\u0119cej szczeg\u00f3\u0142owych informacji na temat plik\u00f3w cookies dost\u0119pnych jest pod adresem https:\/\/wszystkoociasteczkach.pl lub w sekcji \u201ePomoc\u201d w menu przegl\u0105darki internetowej.<\/li>\n\n\n\n<li class=\"has-small-font-size\">Je\u017celi masz w\u0105tpliwo\u015bci, co do ustawie\u0144 plik\u00f3w cookies, skontaktuj si\u0119 z operatorem swojej przegl\u0105darki internetowej.<\/li>\n\n\n\n<li class=\"has-small-font-size\">Je\u017celi nie zgadzasz si\u0119 na wykorzystywanie cookies przez Stron\u0119, opu\u015b\u0107 j\u0105 lub aktywuj odpowiednie ustawienia w swojej przegl\u0105darce internetowej.<\/li>\n<\/ol>\n","protected":false},"excerpt":{"rendered":"<p>Polityka prywatno\u015bci dla strony internetowej www.kortowiada.pl Niniejsza Polityka stanowi podstawow\u0105 informacj\u0119 o celach, sposobach przetwarzania oraz bezpiecze\u0144stwie danych osobowych, jako u\u017cytkownika strony: kortowiada.pl (zwanej dalej Stron\u0105). Zapoznaj\u0105c si\u0119 z Polityk\u0105 prywatno\u015bci dowiesz si\u0119 kto jest administratorem Twoich danych osobowych, jakie dane osobowe s\u0105 przez Stron\u0119 zbierane, w jakich celach s\u0105 wykorzystywane oraz jak s\u0105 chronione. [&hellip;]<\/p>\n","protected":false},"author":1,"featured_media":0,"parent":0,"menu_order":0,"comment_status":"closed","ping_status":"open","template":"","meta":{"footnotes":""},"class_list":["post-3","page","type-page","status-publish","hentry"],"yoast_head":"<!-- This site is optimized with the Yoast SEO Premium plugin v23.3 (Yoast SEO v23.4) - https:\/\/yoast.com\/wordpress\/plugins\/seo\/ -->\n<title>Polityka prywatno\u015bci - Kortowiada 2024 - najwi\u0119ksze juwenalia | 22-25 maja 2024, Olsztyn<\/title>\n<meta name=\"description\" content=\"Future is coming! Kortowiada - juwenalia w Olsztynie - potrwa od 22 do 25 maja 2024 roku. Zr\u00f3b z nami krok w przysz\u0142o\u015b\u0107.\" \/>\n<meta name=\"robots\" content=\"index, follow, max-snippet:-1, max-image-preview:large, max-video-preview:-1\" \/>\n<link rel=\"canonical\" href=\"https:\/\/archiwum.kortowiada.pl\/2024\/polityka-prywatnosci\/\" \/>\n<meta property=\"og:locale\" content=\"pl_PL\" \/>\n<meta property=\"og:type\" content=\"article\" \/>\n<meta property=\"og:title\" content=\"Polityka prywatno\u015bci - Kortowiada 2024 - najwi\u0119ksze juwenalia | 22-25 maja 2024, Olsztyn\" \/>\n<meta property=\"og:description\" content=\"Future is coming! Kortowiada - juwenalia w Olsztynie - potrwa od 22 do 25 maja 2024 roku. Zr\u00f3b z nami krok w przysz\u0142o\u015b\u0107.\" \/>\n<meta property=\"og:url\" content=\"https:\/\/archiwum.kortowiada.pl\/2024\/polityka-prywatnosci\/\" \/>\n<meta property=\"og:site_name\" content=\"Kortowiada 2024 - najwi\u0119ksze juwenalia | 22-25 maja 2024, Olsztyn\" \/>\n<meta property=\"article:publisher\" content=\"https:\/\/www.facebook.com\/kortowiadafestiwal\" \/>\n<meta property=\"article:modified_time\" content=\"2023-09-28T15:55:05+00:00\" \/>\n<meta property=\"og:image\" content=\"https:\/\/archiwum.kortowiada.pl\/2024\/wp-content\/uploads\/2023\/10\/1200x675px-yoast.jpg\" \/>\n\t<meta property=\"og:image:width\" content=\"1200\" \/>\n\t<meta property=\"og:image:height\" content=\"675\" \/>\n\t<meta property=\"og:image:type\" content=\"image\/jpeg\" \/>\n<meta name=\"twitter:card\" content=\"summary_large_image\" \/>\n<meta name=\"twitter:label1\" content=\"Szacowany czas czytania\" \/>\n\t<meta name=\"twitter:data1\" content=\"6 minut\" \/>\n<script type=\"application\/ld+json\" class=\"yoast-schema-graph\">{\"@context\":\"https:\/\/schema.org\",\"@graph\":[{\"@type\":\"WebPage\",\"@id\":\"https:\/\/archiwum.kortowiada.pl\/2024\/polityka-prywatnosci\/\",\"url\":\"https:\/\/archiwum.kortowiada.pl\/2024\/polityka-prywatnosci\/\",\"name\":\"Polityka prywatno\u015bci - Kortowiada 2024 - najwi\u0119ksze juwenalia | 22-25 maja 2024, Olsztyn\",\"isPartOf\":{\"@id\":\"https:\/\/archiwum.kortowiada.pl\/2024\/#website\"},\"datePublished\":\"2023-09-15T17:06:36+00:00\",\"dateModified\":\"2023-09-28T15:55:05+00:00\",\"description\":\"Future is coming! Kortowiada - juwenalia w Olsztynie - potrwa od 22 do 25 maja 2024 roku. Zr\u00f3b z nami krok w przysz\u0142o\u015b\u0107.\",\"breadcrumb\":{\"@id\":\"https:\/\/archiwum.kortowiada.pl\/2024\/polityka-prywatnosci\/#breadcrumb\"},\"inLanguage\":\"pl-PL\",\"potentialAction\":[{\"@type\":\"ReadAction\",\"target\":[\"https:\/\/archiwum.kortowiada.pl\/2024\/polityka-prywatnosci\/\"]}]},{\"@type\":\"BreadcrumbList\",\"@id\":\"https:\/\/archiwum.kortowiada.pl\/2024\/polityka-prywatnosci\/#breadcrumb\",\"itemListElement\":[{\"@type\":\"ListItem\",\"position\":1,\"name\":\"Strona g\u0142\u00f3wna\",\"item\":\"https:\/\/archiwum.kortowiada.pl\/2024\/\"},{\"@type\":\"ListItem\",\"position\":2,\"name\":\"Polityka prywatno\u015bci\"}]},{\"@type\":\"WebSite\",\"@id\":\"https:\/\/archiwum.kortowiada.pl\/2024\/#website\",\"url\":\"https:\/\/archiwum.kortowiada.pl\/2024\/\",\"name\":\"Kortowiada 2024 - najwi\u0119ksze juwenalia | 22-25 maja 2024, Olsztyn\",\"description\":\"Kortowiada - najwi\u0119kszy festiwal studencki w Polsce\",\"publisher\":{\"@id\":\"https:\/\/archiwum.kortowiada.pl\/2024\/#organization\"},\"alternateName\":\"Kortowiada 2024\",\"potentialAction\":[{\"@type\":\"SearchAction\",\"target\":{\"@type\":\"EntryPoint\",\"urlTemplate\":\"https:\/\/archiwum.kortowiada.pl\/2024\/?s={search_term_string}\"},\"query-input\":{\"@type\":\"PropertyValueSpecification\",\"valueRequired\":true,\"valueName\":\"search_term_string\"}}],\"inLanguage\":\"pl-PL\"},{\"@type\":\"Organization\",\"@id\":\"https:\/\/archiwum.kortowiada.pl\/2024\/#organization\",\"name\":\"Kortowiada\",\"url\":\"https:\/\/archiwum.kortowiada.pl\/2024\/\",\"logo\":{\"@type\":\"ImageObject\",\"inLanguage\":\"pl-PL\",\"@id\":\"https:\/\/archiwum.kortowiada.pl\/2024\/#\/schema\/logo\/image\/\",\"url\":\"https:\/\/kortowiada.pl\/wp-content\/uploads\/2023\/10\/profilowe.jpg\",\"contentUrl\":\"https:\/\/kortowiada.pl\/wp-content\/uploads\/2023\/10\/profilowe.jpg\",\"width\":1080,\"height\":1080,\"caption\":\"Kortowiada\"},\"image\":{\"@id\":\"https:\/\/archiwum.kortowiada.pl\/2024\/#\/schema\/logo\/image\/\"},\"sameAs\":[\"https:\/\/www.facebook.com\/kortowiadafestiwal\",\"https:\/\/www.instagram.com\/kortowiada\/\",\"https:\/\/open.spotify.com\/playlist\/6xTopylrt5MIlY4ABuHpVz?si=89d5873c42ad4e7d\",\"https:\/\/www.tiktok.com\/@kortowiada\",\"https:\/\/www.youtube.com\/channel\/UCZpuhjpJ2XlHxcbT4N2oyFQ\"],\"publishingPrinciples\":\"https:\/\/archiwum.kortowiada.pl\/2024\/aktualnosci\/\"}]}<\/script>\n<!-- \/ Yoast SEO Premium plugin. -->","yoast_head_json":{"title":"Polityka prywatno\u015bci - Kortowiada 2024 - najwi\u0119ksze juwenalia | 22-25 maja 2024, Olsztyn","description":"Future is coming! Kortowiada - juwenalia w Olsztynie - potrwa od 22 do 25 maja 2024 roku. Zr\u00f3b z nami krok w przysz\u0142o\u015b\u0107.","robots":{"index":"index","follow":"follow","max-snippet":"max-snippet:-1","max-image-preview":"max-image-preview:large","max-video-preview":"max-video-preview:-1"},"canonical":"https:\/\/archiwum.kortowiada.pl\/2024\/polityka-prywatnosci\/","og_locale":"pl_PL","og_type":"article","og_title":"Polityka prywatno\u015bci - Kortowiada 2024 - najwi\u0119ksze juwenalia | 22-25 maja 2024, Olsztyn","og_description":"Future is coming! Kortowiada - juwenalia w Olsztynie - potrwa od 22 do 25 maja 2024 roku. Zr\u00f3b z nami krok w przysz\u0142o\u015b\u0107.","og_url":"https:\/\/archiwum.kortowiada.pl\/2024\/polityka-prywatnosci\/","og_site_name":"Kortowiada 2024 - najwi\u0119ksze juwenalia | 22-25 maja 2024, Olsztyn","article_publisher":"https:\/\/www.facebook.com\/kortowiadafestiwal","article_modified_time":"2023-09-28T15:55:05+00:00","og_image":[{"width":1200,"height":675,"url":"https:\/\/archiwum.kortowiada.pl\/2024\/wp-content\/uploads\/2023\/10\/1200x675px-yoast.jpg","type":"image\/jpeg"}],"twitter_card":"summary_large_image","twitter_misc":{"Szacowany czas czytania":"6 minut"},"schema":{"@context":"https:\/\/schema.org","@graph":[{"@type":"WebPage","@id":"https:\/\/archiwum.kortowiada.pl\/2024\/polityka-prywatnosci\/","url":"https:\/\/archiwum.kortowiada.pl\/2024\/polityka-prywatnosci\/","name":"Polityka prywatno\u015bci - Kortowiada 2024 - najwi\u0119ksze juwenalia | 22-25 maja 2024, Olsztyn","isPartOf":{"@id":"https:\/\/archiwum.kortowiada.pl\/2024\/#website"},"datePublished":"2023-09-15T17:06:36+00:00","dateModified":"2023-09-28T15:55:05+00:00","description":"Future is coming! Kortowiada - juwenalia w Olsztynie - potrwa od 22 do 25 maja 2024 roku. Zr\u00f3b z nami krok w przysz\u0142o\u015b\u0107.","breadcrumb":{"@id":"https:\/\/archiwum.kortowiada.pl\/2024\/polityka-prywatnosci\/#breadcrumb"},"inLanguage":"pl-PL","potentialAction":[{"@type":"ReadAction","target":["https:\/\/archiwum.kortowiada.pl\/2024\/polityka-prywatnosci\/"]}]},{"@type":"BreadcrumbList","@id":"https:\/\/archiwum.kortowiada.pl\/2024\/polityka-prywatnosci\/#breadcrumb","itemListElement":[{"@type":"ListItem","position":1,"name":"Strona g\u0142\u00f3wna","item":"https:\/\/archiwum.kortowiada.pl\/2024\/"},{"@type":"ListItem","position":2,"name":"Polityka prywatno\u015bci"}]},{"@type":"WebSite","@id":"https:\/\/archiwum.kortowiada.pl\/2024\/#website","url":"https:\/\/archiwum.kortowiada.pl\/2024\/","name":"Kortowiada 2024 - najwi\u0119ksze juwenalia | 22-25 maja 2024, Olsztyn","description":"Kortowiada - najwi\u0119kszy festiwal studencki w Polsce","publisher":{"@id":"https:\/\/archiwum.kortowiada.pl\/2024\/#organization"},"alternateName":"Kortowiada 2024","potentialAction":[{"@type":"SearchAction","target":{"@type":"EntryPoint","urlTemplate":"https:\/\/archiwum.kortowiada.pl\/2024\/?s={search_term_string}"},"query-input":{"@type":"PropertyValueSpecification","valueRequired":true,"valueName":"search_term_string"}}],"inLanguage":"pl-PL"},{"@type":"Organization","@id":"https:\/\/archiwum.kortowiada.pl\/2024\/#organization","name":"Kortowiada","url":"https:\/\/archiwum.kortowiada.pl\/2024\/","logo":{"@type":"ImageObject","inLanguage":"pl-PL","@id":"https:\/\/archiwum.kortowiada.pl\/2024\/#\/schema\/logo\/image\/","url":"https:\/\/kortowiada.pl\/wp-content\/uploads\/2023\/10\/profilowe.jpg","contentUrl":"https:\/\/kortowiada.pl\/wp-content\/uploads\/2023\/10\/profilowe.jpg","width":1080,"height":1080,"caption":"Kortowiada"},"image":{"@id":"https:\/\/archiwum.kortowiada.pl\/2024\/#\/schema\/logo\/image\/"},"sameAs":["https:\/\/www.facebook.com\/kortowiadafestiwal","https:\/\/www.instagram.com\/kortowiada\/","https:\/\/open.spotify.com\/playlist\/6xTopylrt5MIlY4ABuHpVz?si=89d5873c42ad4e7d","https:\/\/www.tiktok.com\/@kortowiada","https:\/\/www.youtube.com\/channel\/UCZpuhjpJ2XlHxcbT4N2oyFQ"],"publishingPrinciples":"https:\/\/archiwum.kortowiada.pl\/2024\/aktualnosci\/"}]}},"_links":{"self":[{"href":"https:\/\/archiwum.kortowiada.pl\/2024\/wp-json\/wp\/v2\/pages\/3","targetHints":{"allow":["GET"]}}],"collection":[{"href":"https:\/\/archiwum.kortowiada.pl\/2024\/wp-json\/wp\/v2\/pages"}],"about":[{"href":"https:\/\/archiwum.kortowiada.pl\/2024\/wp-json\/wp\/v2\/types\/page"}],"author":[{"embeddable":true,"href":"https:\/\/archiwum.kortowiada.pl\/2024\/wp-json\/wp\/v2\/users\/1"}],"replies":[{"embeddable":true,"href":"https:\/\/archiwum.kortowiada.pl\/2024\/wp-json\/wp\/v2\/comments?post=3"}],"version-history":[{"count":3,"href":"https:\/\/archiwum.kortowiada.pl\/2024\/wp-json\/wp\/v2\/pages\/3\/revisions"}],"predecessor-version":[{"id":3631,"href":"https:\/\/archiwum.kortowiada.pl\/2024\/wp-json\/wp\/v2\/pages\/3\/revisions\/3631"}],"wp:attachment":[{"href":"https:\/\/archiwum.kortowiada.pl\/2024\/wp-json\/wp\/v2\/media?parent=3"}],"curies":[{"name":"wp","href":"https:\/\/api.w.org\/{rel}","templated":true}]}}