{"id":5125,"date":"2024-04-30T22:34:09","date_gmt":"2024-04-30T20:34:09","guid":{"rendered":"https:\/\/kortowiada.pl\/?page_id=5125"},"modified":"2024-05-25T22:21:39","modified_gmt":"2024-05-25T20:21:39","slug":"line-up","status":"publish","type":"page","link":"https:\/\/archiwum.kortowiada.pl\/2024\/line-up\/","title":{"rendered":"Line-up"},"content":{"rendered":"\t\t<div data-elementor-type=\"wp-page\" data-elementor-id=\"5125\" class=\"elementor elementor-5125\">\n\t\t\t\t\t\t<section class=\"elementor-section elementor-top-section elementor-element elementor-element-4142767 elementor-section-boxed elementor-section-height-default elementor-section-height-default\" data-id=\"4142767\" data-element_type=\"section\" data-settings=\"{&quot;background_background&quot;:&quot;classic&quot;}\">\n\t\t\t\t\t\t<div class=\"elementor-container elementor-column-gap-default\">\n\t\t\t\t\t<div class=\"elementor-column elementor-col-100 elementor-top-column elementor-element elementor-element-b20eb09\" data-id=\"b20eb09\" data-element_type=\"column\">\n\t\t\t<div class=\"elementor-widget-wrap elementor-element-populated\">\n\t\t\t\t\t\t<div class=\"elementor-element elementor-element-43733b9 divider-yes aleft elementor-widget elementor-widget-wgl-double-heading\" data-id=\"43733b9\" data-element_type=\"widget\" data-widget_type=\"wgl-double-heading.default\">\n\t\t\t\t<div class=\"elementor-widget-container\">\n\t\t\t<div class=\"wgl-double-heading\"><div class=\"dblh__subtitle\">63. edycji Kortowiady<\/div><div class=\"dblh__wrapper\"><h3 class=\"dblh__title-wrapper\"><span class=\"dblh__title dblh__title-1\">LINE-UP<\/span><\/h3><\/div><\/div>\t\t<\/div>\n\t\t\t\t<\/div>\n\t\t\t\t\t<\/div>\n\t\t<\/div>\n\t\t\t\t\t<\/div>\n\t\t<\/section>\n\t\t\t\t<section class=\"elementor-section elementor-top-section elementor-element elementor-element-2dec56ab elementor-section-boxed elementor-section-height-default elementor-section-height-default\" data-id=\"2dec56ab\" data-element_type=\"section\" data-settings=\"{&quot;background_background&quot;:&quot;classic&quot;}\">\n\t\t\t\t\t\t<div class=\"elementor-container elementor-column-gap-default\">\n\t\t\t\t\t<div class=\"elementor-column elementor-col-33 elementor-top-column elementor-element elementor-element-28275b44\" data-id=\"28275b44\" data-element_type=\"column\">\n\t\t\t<div class=\"elementor-widget-wrap elementor-element-populated\">\n\t\t\t\t\t\t<div class=\"elementor-element elementor-element-2e584094 elementor-widget elementor-widget-heading\" data-id=\"2e584094\" data-element_type=\"widget\" data-widget_type=\"heading.default\">\n\t\t\t\t<div class=\"elementor-widget-container\">\n\t\t\t<h5 class=\"elementor-heading-title elementor-size-default\">Czwartek 23.05<\/h5>\t\t<\/div>\n\t\t\t\t<\/div>\n\t\t\t\t<div class=\"elementor-element elementor-element-46ef9963 elementor-widget elementor-widget-spacer\" data-id=\"46ef9963\" data-element_type=\"widget\" data-widget_type=\"spacer.default\">\n\t\t\t\t<div class=\"elementor-widget-container\">\n\t\t\t\t\t<div class=\"elementor-spacer\">\n\t\t\t<div class=\"elementor-spacer-inner\"><\/div>\n\t\t<\/div>\n\t\t\t\t<\/div>\n\t\t\t\t<\/div>\n\t\t\t\t<div class=\"elementor-element elementor-element-3bb0b6b0 has-icon_visibility ajustify elementor-widget-image-box wgl-image-box elementor-widget elementor-widget-wgl-button\" data-id=\"3bb0b6b0\" data-element_type=\"widget\" data-widget_type=\"wgl-button.default\">\n\t\t\t\t<div class=\"elementor-widget-container\">\n\t\t\t<a class=\"wgl-button btn-size-lg \" role=\"button\"><div class=\"button__content align-icon-left\"><span class=\"button__text\">17:00 - Rosalie. <\/span><\/div><\/a>\t\t<\/div>\n\t\t\t\t<\/div>\n\t\t\t\t<div class=\"elementor-element elementor-element-389e1919 has-icon_visibility ajustify elementor-widget-image-box wgl-image-box elementor-widget elementor-widget-wgl-button\" data-id=\"389e1919\" data-element_type=\"widget\" data-widget_type=\"wgl-button.default\">\n\t\t\t\t<div class=\"elementor-widget-container\">\n\t\t\t<a class=\"wgl-button btn-size-lg \" role=\"button\"><div class=\"button__content align-icon-left\"><span class=\"button__text\">18:20 - Zeamsone<\/span><\/div><\/a>\t\t<\/div>\n\t\t\t\t<\/div>\n\t\t\t\t<div class=\"elementor-element elementor-element-65faf86e has-icon_visibility ajustify elementor-widget-image-box wgl-image-box elementor-widget elementor-widget-wgl-button\" data-id=\"65faf86e\" data-element_type=\"widget\" data-widget_type=\"wgl-button.default\">\n\t\t\t\t<div class=\"elementor-widget-container\">\n\t\t\t<a class=\"wgl-button btn-size-lg \" role=\"button\"><div class=\"button__content align-icon-left\"><span class=\"button__text\">19:40 - Dwa S\u0142awy x Mielzky x Pers<\/span><\/div><\/a>\t\t<\/div>\n\t\t\t\t<\/div>\n\t\t\t\t<div class=\"elementor-element elementor-element-14b2ae92 has-icon_visibility ajustify elementor-widget-image-box wgl-image-box elementor-widget elementor-widget-wgl-button\" data-id=\"14b2ae92\" data-element_type=\"widget\" data-widget_type=\"wgl-button.default\">\n\t\t\t\t<div class=\"elementor-widget-container\">\n\t\t\t<a class=\"wgl-button btn-size-lg \" role=\"button\"><div class=\"button__content align-icon-left\"><span class=\"button__text\">21:00 - Margaret<\/span><\/div><\/a>\t\t<\/div>\n\t\t\t\t<\/div>\n\t\t\t\t<div class=\"elementor-element elementor-element-61556921 has-icon_visibility ajustify elementor-widget-image-box wgl-image-box elementor-widget elementor-widget-wgl-button\" data-id=\"61556921\" data-element_type=\"widget\" data-widget_type=\"wgl-button.default\">\n\t\t\t\t<div class=\"elementor-widget-container\">\n\t\t\t<a class=\"wgl-button btn-size-lg \" role=\"button\"><div class=\"button__content align-icon-left\"><span class=\"button__text\">22:15 - Kukon<\/span><\/div><\/a>\t\t<\/div>\n\t\t\t\t<\/div>\n\t\t\t\t<div class=\"elementor-element elementor-element-41d8959e has-icon_visibility ajustify elementor-widget-image-box wgl-image-box elementor-widget elementor-widget-wgl-button\" data-id=\"41d8959e\" data-element_type=\"widget\" data-widget_type=\"wgl-button.default\">\n\t\t\t\t<div class=\"elementor-widget-container\">\n\t\t\t<a class=\"wgl-button btn-size-lg \" role=\"button\"><div class=\"button__content align-icon-left\"><span class=\"button__text\">23:30 - Tribbs<\/span><\/div><\/a>\t\t<\/div>\n\t\t\t\t<\/div>\n\t\t\t\t\t<\/div>\n\t\t<\/div>\n\t\t\t\t<div class=\"elementor-column elementor-col-33 elementor-top-column elementor-element elementor-element-4ee06d88\" data-id=\"4ee06d88\" data-element_type=\"column\">\n\t\t\t<div class=\"elementor-widget-wrap elementor-element-populated\">\n\t\t\t\t\t\t<div class=\"elementor-element elementor-element-577d58ee elementor-widget elementor-widget-heading\" data-id=\"577d58ee\" data-element_type=\"widget\" data-widget_type=\"heading.default\">\n\t\t\t\t<div class=\"elementor-widget-container\">\n\t\t\t<h5 class=\"elementor-heading-title elementor-size-default\">PI\u0104TEK 24.05<\/h5>\t\t<\/div>\n\t\t\t\t<\/div>\n\t\t\t\t<div class=\"elementor-element elementor-element-3108e881 elementor-widget elementor-widget-spacer\" data-id=\"3108e881\" data-element_type=\"widget\" data-widget_type=\"spacer.default\">\n\t\t\t\t<div class=\"elementor-widget-container\">\n\t\t\t\t\t<div class=\"elementor-spacer\">\n\t\t\t<div class=\"elementor-spacer-inner\"><\/div>\n\t\t<\/div>\n\t\t\t\t<\/div>\n\t\t\t\t<\/div>\n\t\t\t\t<div class=\"elementor-element elementor-element-2b40f385 has-icon_visibility ajustify elementor-widget-image-box wgl-image-box elementor-widget elementor-widget-wgl-button\" data-id=\"2b40f385\" data-element_type=\"widget\" data-widget_type=\"wgl-button.default\">\n\t\t\t\t<div class=\"elementor-widget-container\">\n\t\t\t<a class=\"wgl-button btn-size-lg \" role=\"button\"><div class=\"button__content align-icon-left\"><span class=\"button__text\">17:00 - Lordofon<\/span><\/div><\/a>\t\t<\/div>\n\t\t\t\t<\/div>\n\t\t\t\t<div class=\"elementor-element elementor-element-23a4a532 has-icon_visibility ajustify elementor-widget-image-box wgl-image-box elementor-widget elementor-widget-wgl-button\" data-id=\"23a4a532\" data-element_type=\"widget\" data-widget_type=\"wgl-button.default\">\n\t\t\t\t<div class=\"elementor-widget-container\">\n\t\t\t<a class=\"wgl-button btn-size-lg \" role=\"button\"><div class=\"button__content align-icon-left\"><span class=\"button__text\">18:20 - Rubens<\/span><\/div><\/a>\t\t<\/div>\n\t\t\t\t<\/div>\n\t\t\t\t<div class=\"elementor-element elementor-element-485eb2e1 has-icon_visibility ajustify elementor-widget-image-box wgl-image-box elementor-widget elementor-widget-wgl-button\" data-id=\"485eb2e1\" data-element_type=\"widget\" data-widget_type=\"wgl-button.default\">\n\t\t\t\t<div class=\"elementor-widget-container\">\n\t\t\t<a class=\"wgl-button btn-size-lg \" role=\"button\"><div class=\"button__content align-icon-left\"><span class=\"button__text\">19:40 - Kwiat Jab\u0142oni<\/span><\/div><\/a>\t\t<\/div>\n\t\t\t\t<\/div>\n\t\t\t\t<div class=\"elementor-element elementor-element-6688ef90 has-icon_visibility ajustify elementor-widget-image-box wgl-image-box elementor-widget elementor-widget-wgl-button\" data-id=\"6688ef90\" data-element_type=\"widget\" data-widget_type=\"wgl-button.default\">\n\t\t\t\t<div class=\"elementor-widget-container\">\n\t\t\t<a class=\"wgl-button btn-size-lg \" role=\"button\"><div class=\"button__content align-icon-left\"><span class=\"button__text\">21:00 - Wilki<\/span><\/div><\/a>\t\t<\/div>\n\t\t\t\t<\/div>\n\t\t\t\t<div class=\"elementor-element elementor-element-34ca13d1 has-icon_visibility ajustify elementor-widget-image-box wgl-image-box elementor-widget elementor-widget-wgl-button\" data-id=\"34ca13d1\" data-element_type=\"widget\" data-widget_type=\"wgl-button.default\">\n\t\t\t\t<div class=\"elementor-widget-container\">\n\t\t\t<a class=\"wgl-button btn-size-lg \" role=\"button\"><div class=\"button__content align-icon-left\"><span class=\"button__text\">22:15 - Kizo z go\u015bcinnym udzia\u0142em Bletki<\/span><\/div><\/a>\t\t<\/div>\n\t\t\t\t<\/div>\n\t\t\t\t<div class=\"elementor-element elementor-element-51ca15f7 has-icon_visibility ajustify elementor-widget-image-box wgl-image-box elementor-widget elementor-widget-wgl-button\" data-id=\"51ca15f7\" data-element_type=\"widget\" data-widget_type=\"wgl-button.default\">\n\t\t\t\t<div class=\"elementor-widget-container\">\n\t\t\t<a class=\"wgl-button btn-size-lg \" role=\"button\"><div class=\"button__content align-icon-left\"><span class=\"button__text\">23:30 - Nocny Kochanek<\/span><\/div><\/a>\t\t<\/div>\n\t\t\t\t<\/div>\n\t\t\t\t\t<\/div>\n\t\t<\/div>\n\t\t\t\t<div class=\"elementor-column elementor-col-33 elementor-top-column elementor-element elementor-element-5b12155a\" data-id=\"5b12155a\" data-element_type=\"column\">\n\t\t\t<div class=\"elementor-widget-wrap elementor-element-populated\">\n\t\t\t\t\t\t<div class=\"elementor-element elementor-element-36e92a92 elementor-widget elementor-widget-heading\" data-id=\"36e92a92\" data-element_type=\"widget\" data-widget_type=\"heading.default\">\n\t\t\t\t<div class=\"elementor-widget-container\">\n\t\t\t<h5 class=\"elementor-heading-title elementor-size-default\">Sobota 25.05<\/h5>\t\t<\/div>\n\t\t\t\t<\/div>\n\t\t\t\t<div class=\"elementor-element elementor-element-3c4ada69 elementor-widget elementor-widget-spacer\" data-id=\"3c4ada69\" data-element_type=\"widget\" data-widget_type=\"spacer.default\">\n\t\t\t\t<div class=\"elementor-widget-container\">\n\t\t\t\t\t<div class=\"elementor-spacer\">\n\t\t\t<div class=\"elementor-spacer-inner\"><\/div>\n\t\t<\/div>\n\t\t\t\t<\/div>\n\t\t\t\t<\/div>\n\t\t\t\t<div class=\"elementor-element elementor-element-64328641 has-icon_visibility ajustify elementor-widget-image-box wgl-image-box elementor-widget elementor-widget-wgl-button\" data-id=\"64328641\" data-element_type=\"widget\" data-widget_type=\"wgl-button.default\">\n\t\t\t\t<div class=\"elementor-widget-container\">\n\t\t\t<a class=\"wgl-button btn-size-lg \" role=\"button\"><div class=\"button__content align-icon-left\"><span class=\"button__text\">17:00 - Daria ze \u015al\u0105ska <\/span><\/div><\/a>\t\t<\/div>\n\t\t\t\t<\/div>\n\t\t\t\t<div class=\"elementor-element elementor-element-41b922ba has-icon_visibility ajustify elementor-widget-image-box wgl-image-box elementor-widget elementor-widget-wgl-button\" data-id=\"41b922ba\" data-element_type=\"widget\" data-widget_type=\"wgl-button.default\">\n\t\t\t\t<div class=\"elementor-widget-container\">\n\t\t\t<a class=\"wgl-button btn-size-lg \" role=\"button\"><div class=\"button__content align-icon-left\"><span class=\"button__text\">18:20 - Vito Bambino<\/span><\/div><\/a>\t\t<\/div>\n\t\t\t\t<\/div>\n\t\t\t\t<div class=\"elementor-element elementor-element-454f1e98 has-icon_visibility ajustify elementor-widget-image-box wgl-image-box elementor-widget elementor-widget-wgl-button\" data-id=\"454f1e98\" data-element_type=\"widget\" data-widget_type=\"wgl-button.default\">\n\t\t\t\t<div class=\"elementor-widget-container\">\n\t\t\t<a class=\"wgl-button btn-size-lg \" role=\"button\"><div class=\"button__content align-icon-left\"><span class=\"button__text\">19:40 - Artur Rojek<\/span><\/div><\/a>\t\t<\/div>\n\t\t\t\t<\/div>\n\t\t\t\t<div class=\"elementor-element elementor-element-5fa680a8 has-icon_visibility ajustify elementor-widget-image-box wgl-image-box elementor-widget elementor-widget-wgl-button\" data-id=\"5fa680a8\" data-element_type=\"widget\" data-widget_type=\"wgl-button.default\">\n\t\t\t\t<div class=\"elementor-widget-container\">\n\t\t\t<a class=\"wgl-button btn-size-lg \" role=\"button\"><div class=\"button__content align-icon-left\"><span class=\"button__text\">21:00 - Kayah<\/span><\/div><\/a>\t\t<\/div>\n\t\t\t\t<\/div>\n\t\t\t\t<div class=\"elementor-element elementor-element-2a1066d0 has-icon_visibility ajustify elementor-widget-image-box wgl-image-box elementor-widget elementor-widget-wgl-button\" data-id=\"2a1066d0\" data-element_type=\"widget\" data-widget_type=\"wgl-button.default\">\n\t\t\t\t<div class=\"elementor-widget-container\">\n\t\t\t<a class=\"wgl-button btn-size-lg \" role=\"button\"><div class=\"button__content align-icon-left\"><span class=\"button__text\">22:15 - Kacperczyk<\/span><\/div><\/a>\t\t<\/div>\n\t\t\t\t<\/div>\n\t\t\t\t<div class=\"elementor-element elementor-element-2fb70c2a has-icon_visibility ajustify elementor-widget-image-box wgl-image-box elementor-widget elementor-widget-wgl-button\" data-id=\"2fb70c2a\" data-element_type=\"widget\" data-widget_type=\"wgl-button.default\">\n\t\t\t\t<div class=\"elementor-widget-container\">\n\t\t\t<a class=\"wgl-button btn-size-lg \" role=\"button\"><div class=\"button__content align-icon-left\"><span class=\"button__text\">23:30 - Pro8l3m<\/span><\/div><\/a>\t\t<\/div>\n\t\t\t\t<\/div>\n\t\t\t\t\t<\/div>\n\t\t<\/div>\n\t\t\t\t\t<\/div>\n\t\t<\/section>\n\t\t\t\t<\/div>\n\t\t","protected":false},"excerpt":{"rendered":"<p>63. edycji Kortowiady LINE-UP Czwartek 23.05 17:00 &#8211; Rosalie. 18:20 &#8211; Zeamsone 19:40 &#8211; Dwa S\u0142awy x Mielzky x Pers 21:00 &#8211; Margaret 22:15 &#8211; Kukon 23:30 &#8211; Tribbs PI\u0104TEK 24.05 17:00 &#8211; Lordofon 18:20 &#8211; Rubens 19:40 &#8211; Kwiat Jab\u0142oni 21:00 &#8211; Wilki 22:15 &#8211; Kizo z go\u015bcinnym udzia\u0142em Bletki 23:30 &#8211; Nocny Kochanek [&hellip;]<\/p>\n","protected":false},"author":3,"featured_media":3941,"parent":0,"menu_order":0,"comment_status":"closed","ping_status":"closed","template":"","meta":{"footnotes":""},"class_list":["post-5125","page","type-page","status-publish","has-post-thumbnail","hentry"],"yoast_head":"<!-- This site is optimized with the Yoast SEO Premium plugin v23.3 (Yoast SEO v23.4) - https:\/\/yoast.com\/wordpress\/plugins\/seo\/ -->\n<title>Line-up - Kortowiada 2024 - najwi\u0119ksze juwenalia | 22-25 maja 2024, Olsztyn<\/title>\n<meta name=\"description\" content=\"Future is coming! Kortowiada - juwenalia w Olsztynie - potrwa od 22 do 25 maja 2024 roku. Kup bilety na Going lub Empik Bilety.\" \/>\n<meta name=\"robots\" content=\"index, follow, max-snippet:-1, max-image-preview:large, max-video-preview:-1\" \/>\n<link rel=\"canonical\" href=\"https:\/\/archiwum.kortowiada.pl\/2024\/line-up\/\" \/>\n<meta property=\"og:locale\" content=\"pl_PL\" \/>\n<meta property=\"og:type\" content=\"article\" \/>\n<meta property=\"og:title\" content=\"Line-up - Kortowiada 2024 - najwi\u0119ksze juwenalia | 22-25 maja 2024, Olsztyn\" \/>\n<meta property=\"og:description\" content=\"Future is coming! Kortowiada - juwenalia w Olsztynie - potrwa od 22 do 25 maja 2024 roku. Zr\u00f3b z nami krok w przysz\u0142o\u015b\u0107.\" \/>\n<meta property=\"og:url\" content=\"https:\/\/archiwum.kortowiada.pl\/2024\/line-up\/\" \/>\n<meta property=\"og:site_name\" content=\"Kortowiada 2024 - najwi\u0119ksze juwenalia | 22-25 maja 2024, Olsztyn\" \/>\n<meta property=\"article:publisher\" content=\"https:\/\/www.facebook.com\/kortowiadafestiwal\" \/>\n<meta property=\"article:modified_time\" content=\"2024-05-25T20:21:39+00:00\" \/>\n<meta property=\"og:image\" content=\"https:\/\/archiwum.kortowiada.pl\/2024\/wp-content\/uploads\/2023\/10\/1200x675px-yoast.jpg\" \/>\n\t<meta property=\"og:image:width\" content=\"1200\" \/>\n\t<meta property=\"og:image:height\" content=\"675\" \/>\n\t<meta property=\"og:image:type\" content=\"image\/jpeg\" \/>\n<meta name=\"twitter:card\" content=\"summary_large_image\" \/>\n<meta name=\"twitter:label1\" content=\"Szacowany czas czytania\" \/>\n\t<meta name=\"twitter:data1\" content=\"1 minuta\" \/>\n<script type=\"application\/ld+json\" class=\"yoast-schema-graph\">{\"@context\":\"https:\/\/schema.org\",\"@graph\":[{\"@type\":\"WebPage\",\"@id\":\"https:\/\/archiwum.kortowiada.pl\/2024\/line-up\/\",\"url\":\"https:\/\/archiwum.kortowiada.pl\/2024\/line-up\/\",\"name\":\"Line-up - Kortowiada 2024 - najwi\u0119ksze juwenalia | 22-25 maja 2024, Olsztyn\",\"isPartOf\":{\"@id\":\"https:\/\/archiwum.kortowiada.pl\/2024\/#website\"},\"primaryImageOfPage\":{\"@id\":\"https:\/\/archiwum.kortowiada.pl\/2024\/line-up\/#primaryimage\"},\"image\":{\"@id\":\"https:\/\/archiwum.kortowiada.pl\/2024\/line-up\/#primaryimage\"},\"thumbnailUrl\":\"https:\/\/archiwum.kortowiada.pl\/2024\/wp-content\/uploads\/2023\/10\/1200x675px-yoast.jpg\",\"datePublished\":\"2024-04-30T20:34:09+00:00\",\"dateModified\":\"2024-05-25T20:21:39+00:00\",\"description\":\"Future is coming! Kortowiada - juwenalia w Olsztynie - potrwa od 22 do 25 maja 2024 roku. Kup bilety na Going lub Empik Bilety.\",\"breadcrumb\":{\"@id\":\"https:\/\/archiwum.kortowiada.pl\/2024\/line-up\/#breadcrumb\"},\"inLanguage\":\"pl-PL\",\"potentialAction\":[{\"@type\":\"ReadAction\",\"target\":[\"https:\/\/archiwum.kortowiada.pl\/2024\/line-up\/\"]}]},{\"@type\":\"ImageObject\",\"inLanguage\":\"pl-PL\",\"@id\":\"https:\/\/archiwum.kortowiada.pl\/2024\/line-up\/#primaryimage\",\"url\":\"https:\/\/archiwum.kortowiada.pl\/2024\/wp-content\/uploads\/2023\/10\/1200x675px-yoast.jpg\",\"contentUrl\":\"https:\/\/archiwum.kortowiada.pl\/2024\/wp-content\/uploads\/2023\/10\/1200x675px-yoast.jpg\",\"width\":1200,\"height\":675},{\"@type\":\"BreadcrumbList\",\"@id\":\"https:\/\/archiwum.kortowiada.pl\/2024\/line-up\/#breadcrumb\",\"itemListElement\":[{\"@type\":\"ListItem\",\"position\":1,\"name\":\"Strona g\u0142\u00f3wna\",\"item\":\"https:\/\/archiwum.kortowiada.pl\/2024\/\"},{\"@type\":\"ListItem\",\"position\":2,\"name\":\"Line-up\"}]},{\"@type\":\"WebSite\",\"@id\":\"https:\/\/archiwum.kortowiada.pl\/2024\/#website\",\"url\":\"https:\/\/archiwum.kortowiada.pl\/2024\/\",\"name\":\"Kortowiada 2024 - najwi\u0119ksze juwenalia | 22-25 maja 2024, Olsztyn\",\"description\":\"Kortowiada - najwi\u0119kszy festiwal studencki w Polsce\",\"publisher\":{\"@id\":\"https:\/\/archiwum.kortowiada.pl\/2024\/#organization\"},\"alternateName\":\"Kortowiada 2024\",\"potentialAction\":[{\"@type\":\"SearchAction\",\"target\":{\"@type\":\"EntryPoint\",\"urlTemplate\":\"https:\/\/archiwum.kortowiada.pl\/2024\/?s={search_term_string}\"},\"query-input\":{\"@type\":\"PropertyValueSpecification\",\"valueRequired\":true,\"valueName\":\"search_term_string\"}}],\"inLanguage\":\"pl-PL\"},{\"@type\":\"Organization\",\"@id\":\"https:\/\/archiwum.kortowiada.pl\/2024\/#organization\",\"name\":\"Kortowiada\",\"url\":\"https:\/\/archiwum.kortowiada.pl\/2024\/\",\"logo\":{\"@type\":\"ImageObject\",\"inLanguage\":\"pl-PL\",\"@id\":\"https:\/\/archiwum.kortowiada.pl\/2024\/#\/schema\/logo\/image\/\",\"url\":\"https:\/\/kortowiada.pl\/wp-content\/uploads\/2023\/10\/profilowe.jpg\",\"contentUrl\":\"https:\/\/kortowiada.pl\/wp-content\/uploads\/2023\/10\/profilowe.jpg\",\"width\":1080,\"height\":1080,\"caption\":\"Kortowiada\"},\"image\":{\"@id\":\"https:\/\/archiwum.kortowiada.pl\/2024\/#\/schema\/logo\/image\/\"},\"sameAs\":[\"https:\/\/www.facebook.com\/kortowiadafestiwal\",\"https:\/\/www.instagram.com\/kortowiada\/\",\"https:\/\/open.spotify.com\/playlist\/6xTopylrt5MIlY4ABuHpVz?si=89d5873c42ad4e7d\",\"https:\/\/www.tiktok.com\/@kortowiada\",\"https:\/\/www.youtube.com\/channel\/UCZpuhjpJ2XlHxcbT4N2oyFQ\"],\"publishingPrinciples\":\"https:\/\/archiwum.kortowiada.pl\/2024\/aktualnosci\/\"}]}<\/script>\n<!-- \/ Yoast SEO Premium plugin. -->","yoast_head_json":{"title":"Line-up - Kortowiada 2024 - najwi\u0119ksze juwenalia | 22-25 maja 2024, Olsztyn","description":"Future is coming! Kortowiada - juwenalia w Olsztynie - potrwa od 22 do 25 maja 2024 roku. Kup bilety na Going lub Empik Bilety.","robots":{"index":"index","follow":"follow","max-snippet":"max-snippet:-1","max-image-preview":"max-image-preview:large","max-video-preview":"max-video-preview:-1"},"canonical":"https:\/\/archiwum.kortowiada.pl\/2024\/line-up\/","og_locale":"pl_PL","og_type":"article","og_title":"Line-up - Kortowiada 2024 - najwi\u0119ksze juwenalia | 22-25 maja 2024, Olsztyn","og_description":"Future is coming! Kortowiada - juwenalia w Olsztynie - potrwa od 22 do 25 maja 2024 roku. Zr\u00f3b z nami krok w przysz\u0142o\u015b\u0107.","og_url":"https:\/\/archiwum.kortowiada.pl\/2024\/line-up\/","og_site_name":"Kortowiada 2024 - najwi\u0119ksze juwenalia | 22-25 maja 2024, Olsztyn","article_publisher":"https:\/\/www.facebook.com\/kortowiadafestiwal","article_modified_time":"2024-05-25T20:21:39+00:00","og_image":[{"width":1200,"height":675,"url":"https:\/\/archiwum.kortowiada.pl\/2024\/wp-content\/uploads\/2023\/10\/1200x675px-yoast.jpg","type":"image\/jpeg"}],"twitter_card":"summary_large_image","twitter_misc":{"Szacowany czas czytania":"1 minuta"},"schema":{"@context":"https:\/\/schema.org","@graph":[{"@type":"WebPage","@id":"https:\/\/archiwum.kortowiada.pl\/2024\/line-up\/","url":"https:\/\/archiwum.kortowiada.pl\/2024\/line-up\/","name":"Line-up - Kortowiada 2024 - najwi\u0119ksze juwenalia | 22-25 maja 2024, Olsztyn","isPartOf":{"@id":"https:\/\/archiwum.kortowiada.pl\/2024\/#website"},"primaryImageOfPage":{"@id":"https:\/\/archiwum.kortowiada.pl\/2024\/line-up\/#primaryimage"},"image":{"@id":"https:\/\/archiwum.kortowiada.pl\/2024\/line-up\/#primaryimage"},"thumbnailUrl":"https:\/\/archiwum.kortowiada.pl\/2024\/wp-content\/uploads\/2023\/10\/1200x675px-yoast.jpg","datePublished":"2024-04-30T20:34:09+00:00","dateModified":"2024-05-25T20:21:39+00:00","description":"Future is coming! Kortowiada - juwenalia w Olsztynie - potrwa od 22 do 25 maja 2024 roku. Kup bilety na Going lub Empik Bilety.","breadcrumb":{"@id":"https:\/\/archiwum.kortowiada.pl\/2024\/line-up\/#breadcrumb"},"inLanguage":"pl-PL","potentialAction":[{"@type":"ReadAction","target":["https:\/\/archiwum.kortowiada.pl\/2024\/line-up\/"]}]},{"@type":"ImageObject","inLanguage":"pl-PL","@id":"https:\/\/archiwum.kortowiada.pl\/2024\/line-up\/#primaryimage","url":"https:\/\/archiwum.kortowiada.pl\/2024\/wp-content\/uploads\/2023\/10\/1200x675px-yoast.jpg","contentUrl":"https:\/\/archiwum.kortowiada.pl\/2024\/wp-content\/uploads\/2023\/10\/1200x675px-yoast.jpg","width":1200,"height":675},{"@type":"BreadcrumbList","@id":"https:\/\/archiwum.kortowiada.pl\/2024\/line-up\/#breadcrumb","itemListElement":[{"@type":"ListItem","position":1,"name":"Strona g\u0142\u00f3wna","item":"https:\/\/archiwum.kortowiada.pl\/2024\/"},{"@type":"ListItem","position":2,"name":"Line-up"}]},{"@type":"WebSite","@id":"https:\/\/archiwum.kortowiada.pl\/2024\/#website","url":"https:\/\/archiwum.kortowiada.pl\/2024\/","name":"Kortowiada 2024 - najwi\u0119ksze juwenalia | 22-25 maja 2024, Olsztyn","description":"Kortowiada - najwi\u0119kszy festiwal studencki w Polsce","publisher":{"@id":"https:\/\/archiwum.kortowiada.pl\/2024\/#organization"},"alternateName":"Kortowiada 2024","potentialAction":[{"@type":"SearchAction","target":{"@type":"EntryPoint","urlTemplate":"https:\/\/archiwum.kortowiada.pl\/2024\/?s={search_term_string}"},"query-input":{"@type":"PropertyValueSpecification","valueRequired":true,"valueName":"search_term_string"}}],"inLanguage":"pl-PL"},{"@type":"Organization","@id":"https:\/\/archiwum.kortowiada.pl\/2024\/#organization","name":"Kortowiada","url":"https:\/\/archiwum.kortowiada.pl\/2024\/","logo":{"@type":"ImageObject","inLanguage":"pl-PL","@id":"https:\/\/archiwum.kortowiada.pl\/2024\/#\/schema\/logo\/image\/","url":"https:\/\/kortowiada.pl\/wp-content\/uploads\/2023\/10\/profilowe.jpg","contentUrl":"https:\/\/kortowiada.pl\/wp-content\/uploads\/2023\/10\/profilowe.jpg","width":1080,"height":1080,"caption":"Kortowiada"},"image":{"@id":"https:\/\/archiwum.kortowiada.pl\/2024\/#\/schema\/logo\/image\/"},"sameAs":["https:\/\/www.facebook.com\/kortowiadafestiwal","https:\/\/www.instagram.com\/kortowiada\/","https:\/\/open.spotify.com\/playlist\/6xTopylrt5MIlY4ABuHpVz?si=89d5873c42ad4e7d","https:\/\/www.tiktok.com\/@kortowiada","https:\/\/www.youtube.com\/channel\/UCZpuhjpJ2XlHxcbT4N2oyFQ"],"publishingPrinciples":"https:\/\/archiwum.kortowiada.pl\/2024\/aktualnosci\/"}]}},"_links":{"self":[{"href":"https:\/\/archiwum.kortowiada.pl\/2024\/wp-json\/wp\/v2\/pages\/5125","targetHints":{"allow":["GET"]}}],"collection":[{"href":"https:\/\/archiwum.kortowiada.pl\/2024\/wp-json\/wp\/v2\/pages"}],"about":[{"href":"https:\/\/archiwum.kortowiada.pl\/2024\/wp-json\/wp\/v2\/types\/page"}],"author":[{"embeddable":true,"href":"https:\/\/archiwum.kortowiada.pl\/2024\/wp-json\/wp\/v2\/users\/3"}],"replies":[{"embeddable":true,"href":"https:\/\/archiwum.kortowiada.pl\/2024\/wp-json\/wp\/v2\/comments?post=5125"}],"version-history":[{"count":40,"href":"https:\/\/archiwum.kortowiada.pl\/2024\/wp-json\/wp\/v2\/pages\/5125\/revisions"}],"predecessor-version":[{"id":5543,"href":"https:\/\/archiwum.kortowiada.pl\/2024\/wp-json\/wp\/v2\/pages\/5125\/revisions\/5543"}],"wp:featuredmedia":[{"embeddable":true,"href":"https:\/\/archiwum.kortowiada.pl\/2024\/wp-json\/wp\/v2\/media\/3941"}],"wp:attachment":[{"href":"https:\/\/archiwum.kortowiada.pl\/2024\/wp-json\/wp\/v2\/media?parent=5125"}],"curies":[{"name":"wp","href":"https:\/\/api.w.org\/{rel}","templated":true}]}}