{"id":5199,"date":"2024-05-06T09:34:59","date_gmt":"2024-05-06T07:34:59","guid":{"rendered":"https:\/\/kortowiada.pl\/?page_id=5199"},"modified":"2024-09-09T09:24:51","modified_gmt":"2024-09-09T07:24:51","slug":"plakat","status":"publish","type":"page","link":"https:\/\/archiwum.kortowiada.pl\/2024\/plakat\/","title":{"rendered":"Plakat"},"content":{"rendered":"\t\t<div data-elementor-type=\"wp-page\" data-elementor-id=\"5199\" class=\"elementor elementor-5199\">\n\t\t\t\t<div class=\"elementor-element elementor-element-e469ef9 e-flex e-con-boxed e-con e-parent\" data-id=\"e469ef9\" data-element_type=\"container\" data-core-v316-plus=\"true\">\n\t\t\t\t\t<div class=\"e-con-inner\">\n\t\t\t\t<div class=\"elementor-element elementor-element-bef6029 elementor-widget elementor-widget-image\" data-id=\"bef6029\" data-element_type=\"widget\" data-widget_type=\"image.default\">\n\t\t\t\t<div class=\"elementor-widget-container\">\n\t\t\t\t\t\t\t\t\t\t\t\t\t\t<a href=\"https:\/\/archiwum.kortowiada.pl\/2024\/wp-content\/uploads\/2024\/05\/Plakat_Kortowiada-2024_B1-z-kayah.png\">\n\t\t\t\t\t\t\t<img fetchpriority=\"high\" decoding=\"async\" width=\"1984\" height=\"2835\" src=\"https:\/\/archiwum.kortowiada.pl\/2024\/wp-content\/uploads\/2024\/05\/Plakat_Kortowiada-2024_B1-z-kayah.png\" class=\"attachment-full size-full wp-image-5317\" alt=\"\" srcset=\"https:\/\/archiwum.kortowiada.pl\/2024\/wp-content\/uploads\/2024\/05\/Plakat_Kortowiada-2024_B1-z-kayah.png 1984w, https:\/\/archiwum.kortowiada.pl\/2024\/wp-content\/uploads\/2024\/05\/Plakat_Kortowiada-2024_B1-z-kayah-210x300.png 210w, https:\/\/archiwum.kortowiada.pl\/2024\/wp-content\/uploads\/2024\/05\/Plakat_Kortowiada-2024_B1-z-kayah-717x1024.png 717w, https:\/\/archiwum.kortowiada.pl\/2024\/wp-content\/uploads\/2024\/05\/Plakat_Kortowiada-2024_B1-z-kayah-768x1097.png 768w, https:\/\/archiwum.kortowiada.pl\/2024\/wp-content\/uploads\/2024\/05\/Plakat_Kortowiada-2024_B1-z-kayah-1075x1536.png 1075w, https:\/\/archiwum.kortowiada.pl\/2024\/wp-content\/uploads\/2024\/05\/Plakat_Kortowiada-2024_B1-z-kayah-1433x2048.png 1433w\" sizes=\"(max-width: 1984px) 100vw, 1984px\" \/>\t\t\t\t\t\t\t\t<\/a>\n\t\t\t\t\t\t\t\t\t\t\t\t\t<\/div>\n\t\t\t\t<\/div>\n\t\t\t\t\t<\/div>\n\t\t\t\t<\/div>\n\t\t\t\t<\/div>\n\t\t","protected":false},"excerpt":{"rendered":"","protected":false},"author":2,"featured_media":0,"parent":0,"menu_order":0,"comment_status":"closed","ping_status":"closed","template":"","meta":{"footnotes":""},"class_list":["post-5199","page","type-page","status-publish","hentry"],"yoast_head":"<!-- This site is optimized with the Yoast SEO Premium plugin v23.3 (Yoast SEO v23.4) - https:\/\/yoast.com\/wordpress\/plugins\/seo\/ -->\n<title>Plakat - Kortowiada 2024 - najwi\u0119ksze juwenalia | 22-25 maja 2024, Olsztyn<\/title>\n<meta name=\"description\" content=\"Future is coming! Kortowiada - juwenalia w Olsztynie - potrwa od 22 do 25 maja 2024 roku. Zr\u00f3b z nami krok w przysz\u0142o\u015b\u0107.\" \/>\n<meta name=\"robots\" content=\"index, follow, max-snippet:-1, max-image-preview:large, max-video-preview:-1\" \/>\n<link rel=\"canonical\" href=\"https:\/\/archiwum.kortowiada.pl\/2024\/plakat\/\" \/>\n<meta property=\"og:locale\" content=\"pl_PL\" \/>\n<meta property=\"og:type\" content=\"article\" \/>\n<meta property=\"og:title\" content=\"Plakat - Kortowiada 2024 - najwi\u0119ksze juwenalia | 22-25 maja 2024, Olsztyn\" \/>\n<meta property=\"og:description\" content=\"Future is coming! Kortowiada - juwenalia w Olsztynie - potrwa od 22 do 25 maja 2024 roku. Zr\u00f3b z nami krok w przysz\u0142o\u015b\u0107.\" \/>\n<meta property=\"og:url\" content=\"https:\/\/archiwum.kortowiada.pl\/2024\/plakat\/\" \/>\n<meta property=\"og:site_name\" content=\"Kortowiada 2024 - najwi\u0119ksze juwenalia | 22-25 maja 2024, Olsztyn\" \/>\n<meta property=\"article:publisher\" content=\"https:\/\/www.facebook.com\/kortowiadafestiwal\" \/>\n<meta property=\"article:modified_time\" content=\"2024-09-09T07:24:51+00:00\" \/>\n<meta property=\"og:image\" content=\"https:\/\/archiwum.kortowiada.pl\/2024\/wp-content\/uploads\/2024\/05\/Plakat_Kortowiada-2024_B1-z-kayah.png\" \/>\n<meta name=\"twitter:card\" content=\"summary_large_image\" \/>\n<meta name=\"twitter:label1\" content=\"Szacowany czas czytania\" \/>\n\t<meta name=\"twitter:data1\" content=\"1 minuta\" \/>\n<script type=\"application\/ld+json\" class=\"yoast-schema-graph\">{\"@context\":\"https:\/\/schema.org\",\"@graph\":[{\"@type\":\"WebPage\",\"@id\":\"https:\/\/archiwum.kortowiada.pl\/2024\/plakat\/\",\"url\":\"https:\/\/archiwum.kortowiada.pl\/2024\/plakat\/\",\"name\":\"Plakat - Kortowiada 2024 - najwi\u0119ksze juwenalia | 22-25 maja 2024, Olsztyn\",\"isPartOf\":{\"@id\":\"https:\/\/archiwum.kortowiada.pl\/2024\/#website\"},\"primaryImageOfPage\":{\"@id\":\"https:\/\/archiwum.kortowiada.pl\/2024\/plakat\/#primaryimage\"},\"image\":{\"@id\":\"https:\/\/archiwum.kortowiada.pl\/2024\/plakat\/#primaryimage\"},\"thumbnailUrl\":\"https:\/\/archiwum.kortowiada.pl\/2024\/wp-content\/uploads\/2024\/05\/Plakat_Kortowiada-2024_B1-z-kayah.png\",\"datePublished\":\"2024-05-06T07:34:59+00:00\",\"dateModified\":\"2024-09-09T07:24:51+00:00\",\"description\":\"Future is coming! Kortowiada - juwenalia w Olsztynie - potrwa od 22 do 25 maja 2024 roku. Zr\u00f3b z nami krok w przysz\u0142o\u015b\u0107.\",\"breadcrumb\":{\"@id\":\"https:\/\/archiwum.kortowiada.pl\/2024\/plakat\/#breadcrumb\"},\"inLanguage\":\"pl-PL\",\"potentialAction\":[{\"@type\":\"ReadAction\",\"target\":[\"https:\/\/archiwum.kortowiada.pl\/2024\/plakat\/\"]}]},{\"@type\":\"ImageObject\",\"inLanguage\":\"pl-PL\",\"@id\":\"https:\/\/archiwum.kortowiada.pl\/2024\/plakat\/#primaryimage\",\"url\":\"https:\/\/archiwum.kortowiada.pl\/2024\/wp-content\/uploads\/2024\/05\/Plakat_Kortowiada-2024_B1-z-kayah.png\",\"contentUrl\":\"https:\/\/archiwum.kortowiada.pl\/2024\/wp-content\/uploads\/2024\/05\/Plakat_Kortowiada-2024_B1-z-kayah.png\",\"width\":1984,\"height\":2835},{\"@type\":\"BreadcrumbList\",\"@id\":\"https:\/\/archiwum.kortowiada.pl\/2024\/plakat\/#breadcrumb\",\"itemListElement\":[{\"@type\":\"ListItem\",\"position\":1,\"name\":\"Strona g\u0142\u00f3wna\",\"item\":\"https:\/\/archiwum.kortowiada.pl\/2024\/\"},{\"@type\":\"ListItem\",\"position\":2,\"name\":\"Plakat\"}]},{\"@type\":\"WebSite\",\"@id\":\"https:\/\/archiwum.kortowiada.pl\/2024\/#website\",\"url\":\"https:\/\/archiwum.kortowiada.pl\/2024\/\",\"name\":\"Kortowiada 2024 - najwi\u0119ksze juwenalia | 22-25 maja 2024, Olsztyn\",\"description\":\"Kortowiada - najwi\u0119kszy festiwal studencki w Polsce\",\"publisher\":{\"@id\":\"https:\/\/archiwum.kortowiada.pl\/2024\/#organization\"},\"alternateName\":\"Kortowiada 2024\",\"potentialAction\":[{\"@type\":\"SearchAction\",\"target\":{\"@type\":\"EntryPoint\",\"urlTemplate\":\"https:\/\/archiwum.kortowiada.pl\/2024\/?s={search_term_string}\"},\"query-input\":{\"@type\":\"PropertyValueSpecification\",\"valueRequired\":true,\"valueName\":\"search_term_string\"}}],\"inLanguage\":\"pl-PL\"},{\"@type\":\"Organization\",\"@id\":\"https:\/\/archiwum.kortowiada.pl\/2024\/#organization\",\"name\":\"Kortowiada\",\"url\":\"https:\/\/archiwum.kortowiada.pl\/2024\/\",\"logo\":{\"@type\":\"ImageObject\",\"inLanguage\":\"pl-PL\",\"@id\":\"https:\/\/archiwum.kortowiada.pl\/2024\/#\/schema\/logo\/image\/\",\"url\":\"https:\/\/kortowiada.pl\/wp-content\/uploads\/2023\/10\/profilowe.jpg\",\"contentUrl\":\"https:\/\/kortowiada.pl\/wp-content\/uploads\/2023\/10\/profilowe.jpg\",\"width\":1080,\"height\":1080,\"caption\":\"Kortowiada\"},\"image\":{\"@id\":\"https:\/\/archiwum.kortowiada.pl\/2024\/#\/schema\/logo\/image\/\"},\"sameAs\":[\"https:\/\/www.facebook.com\/kortowiadafestiwal\",\"https:\/\/www.instagram.com\/kortowiada\/\",\"https:\/\/open.spotify.com\/playlist\/6xTopylrt5MIlY4ABuHpVz?si=89d5873c42ad4e7d\",\"https:\/\/www.tiktok.com\/@kortowiada\",\"https:\/\/www.youtube.com\/channel\/UCZpuhjpJ2XlHxcbT4N2oyFQ\"],\"publishingPrinciples\":\"https:\/\/archiwum.kortowiada.pl\/2024\/aktualnosci\/\"}]}<\/script>\n<!-- \/ Yoast SEO Premium plugin. -->","yoast_head_json":{"title":"Plakat - Kortowiada 2024 - najwi\u0119ksze juwenalia | 22-25 maja 2024, Olsztyn","description":"Future is coming! Kortowiada - juwenalia w Olsztynie - potrwa od 22 do 25 maja 2024 roku. Zr\u00f3b z nami krok w przysz\u0142o\u015b\u0107.","robots":{"index":"index","follow":"follow","max-snippet":"max-snippet:-1","max-image-preview":"max-image-preview:large","max-video-preview":"max-video-preview:-1"},"canonical":"https:\/\/archiwum.kortowiada.pl\/2024\/plakat\/","og_locale":"pl_PL","og_type":"article","og_title":"Plakat - Kortowiada 2024 - najwi\u0119ksze juwenalia | 22-25 maja 2024, Olsztyn","og_description":"Future is coming! Kortowiada - juwenalia w Olsztynie - potrwa od 22 do 25 maja 2024 roku. Zr\u00f3b z nami krok w przysz\u0142o\u015b\u0107.","og_url":"https:\/\/archiwum.kortowiada.pl\/2024\/plakat\/","og_site_name":"Kortowiada 2024 - najwi\u0119ksze juwenalia | 22-25 maja 2024, Olsztyn","article_publisher":"https:\/\/www.facebook.com\/kortowiadafestiwal","article_modified_time":"2024-09-09T07:24:51+00:00","og_image":[{"url":"https:\/\/archiwum.kortowiada.pl\/2024\/wp-content\/uploads\/2024\/05\/Plakat_Kortowiada-2024_B1-z-kayah.png"}],"twitter_card":"summary_large_image","twitter_misc":{"Szacowany czas czytania":"1 minuta"},"schema":{"@context":"https:\/\/schema.org","@graph":[{"@type":"WebPage","@id":"https:\/\/archiwum.kortowiada.pl\/2024\/plakat\/","url":"https:\/\/archiwum.kortowiada.pl\/2024\/plakat\/","name":"Plakat - Kortowiada 2024 - najwi\u0119ksze juwenalia | 22-25 maja 2024, Olsztyn","isPartOf":{"@id":"https:\/\/archiwum.kortowiada.pl\/2024\/#website"},"primaryImageOfPage":{"@id":"https:\/\/archiwum.kortowiada.pl\/2024\/plakat\/#primaryimage"},"image":{"@id":"https:\/\/archiwum.kortowiada.pl\/2024\/plakat\/#primaryimage"},"thumbnailUrl":"https:\/\/archiwum.kortowiada.pl\/2024\/wp-content\/uploads\/2024\/05\/Plakat_Kortowiada-2024_B1-z-kayah.png","datePublished":"2024-05-06T07:34:59+00:00","dateModified":"2024-09-09T07:24:51+00:00","description":"Future is coming! Kortowiada - juwenalia w Olsztynie - potrwa od 22 do 25 maja 2024 roku. Zr\u00f3b z nami krok w przysz\u0142o\u015b\u0107.","breadcrumb":{"@id":"https:\/\/archiwum.kortowiada.pl\/2024\/plakat\/#breadcrumb"},"inLanguage":"pl-PL","potentialAction":[{"@type":"ReadAction","target":["https:\/\/archiwum.kortowiada.pl\/2024\/plakat\/"]}]},{"@type":"ImageObject","inLanguage":"pl-PL","@id":"https:\/\/archiwum.kortowiada.pl\/2024\/plakat\/#primaryimage","url":"https:\/\/archiwum.kortowiada.pl\/2024\/wp-content\/uploads\/2024\/05\/Plakat_Kortowiada-2024_B1-z-kayah.png","contentUrl":"https:\/\/archiwum.kortowiada.pl\/2024\/wp-content\/uploads\/2024\/05\/Plakat_Kortowiada-2024_B1-z-kayah.png","width":1984,"height":2835},{"@type":"BreadcrumbList","@id":"https:\/\/archiwum.kortowiada.pl\/2024\/plakat\/#breadcrumb","itemListElement":[{"@type":"ListItem","position":1,"name":"Strona g\u0142\u00f3wna","item":"https:\/\/archiwum.kortowiada.pl\/2024\/"},{"@type":"ListItem","position":2,"name":"Plakat"}]},{"@type":"WebSite","@id":"https:\/\/archiwum.kortowiada.pl\/2024\/#website","url":"https:\/\/archiwum.kortowiada.pl\/2024\/","name":"Kortowiada 2024 - najwi\u0119ksze juwenalia | 22-25 maja 2024, Olsztyn","description":"Kortowiada - najwi\u0119kszy festiwal studencki w Polsce","publisher":{"@id":"https:\/\/archiwum.kortowiada.pl\/2024\/#organization"},"alternateName":"Kortowiada 2024","potentialAction":[{"@type":"SearchAction","target":{"@type":"EntryPoint","urlTemplate":"https:\/\/archiwum.kortowiada.pl\/2024\/?s={search_term_string}"},"query-input":{"@type":"PropertyValueSpecification","valueRequired":true,"valueName":"search_term_string"}}],"inLanguage":"pl-PL"},{"@type":"Organization","@id":"https:\/\/archiwum.kortowiada.pl\/2024\/#organization","name":"Kortowiada","url":"https:\/\/archiwum.kortowiada.pl\/2024\/","logo":{"@type":"ImageObject","inLanguage":"pl-PL","@id":"https:\/\/archiwum.kortowiada.pl\/2024\/#\/schema\/logo\/image\/","url":"https:\/\/kortowiada.pl\/wp-content\/uploads\/2023\/10\/profilowe.jpg","contentUrl":"https:\/\/kortowiada.pl\/wp-content\/uploads\/2023\/10\/profilowe.jpg","width":1080,"height":1080,"caption":"Kortowiada"},"image":{"@id":"https:\/\/archiwum.kortowiada.pl\/2024\/#\/schema\/logo\/image\/"},"sameAs":["https:\/\/www.facebook.com\/kortowiadafestiwal","https:\/\/www.instagram.com\/kortowiada\/","https:\/\/open.spotify.com\/playlist\/6xTopylrt5MIlY4ABuHpVz?si=89d5873c42ad4e7d","https:\/\/www.tiktok.com\/@kortowiada","https:\/\/www.youtube.com\/channel\/UCZpuhjpJ2XlHxcbT4N2oyFQ"],"publishingPrinciples":"https:\/\/archiwum.kortowiada.pl\/2024\/aktualnosci\/"}]}},"_links":{"self":[{"href":"https:\/\/archiwum.kortowiada.pl\/2024\/wp-json\/wp\/v2\/pages\/5199","targetHints":{"allow":["GET"]}}],"collection":[{"href":"https:\/\/archiwum.kortowiada.pl\/2024\/wp-json\/wp\/v2\/pages"}],"about":[{"href":"https:\/\/archiwum.kortowiada.pl\/2024\/wp-json\/wp\/v2\/types\/page"}],"author":[{"embeddable":true,"href":"https:\/\/archiwum.kortowiada.pl\/2024\/wp-json\/wp\/v2\/users\/2"}],"replies":[{"embeddable":true,"href":"https:\/\/archiwum.kortowiada.pl\/2024\/wp-json\/wp\/v2\/comments?post=5199"}],"version-history":[{"count":13,"href":"https:\/\/archiwum.kortowiada.pl\/2024\/wp-json\/wp\/v2\/pages\/5199\/revisions"}],"predecessor-version":[{"id":6500,"href":"https:\/\/archiwum.kortowiada.pl\/2024\/wp-json\/wp\/v2\/pages\/5199\/revisions\/6500"}],"wp:attachment":[{"href":"https:\/\/archiwum.kortowiada.pl\/2024\/wp-json\/wp\/v2\/media?parent=5199"}],"curies":[{"name":"wp","href":"https:\/\/api.w.org\/{rel}","templated":true}]}}